{"id":32824,"date":"2024-05-16T15:27:30","date_gmt":"2024-05-16T15:27:30","guid":{"rendered":"https:\/\/sakaba.mghosteur.com\/?post_type=product&#038;p=32824"},"modified":"2024-06-06T18:14:42","modified_gmt":"2024-06-06T18:14:42","slug":"avocado-oil-100-moisturizing-oil","status":"publish","type":"product","link":"https:\/\/sakaba.mghosteur.com\/en\/product\/avocado-oil-100-moisturizing-oil\/","title":{"rendered":"AVOCADO OIL 100% MOISTURIZING OIL"},"content":{"rendered":"","protected":false},"excerpt":{"rendered":"","protected":false},"featured_media":0,"comment_status":"open","ping_status":"closed","template":"","meta":[],"product_brand":[1042],"product_cat":[286,1061],"product_tag":[],"class_list":{"0":"post-32824","1":"product","2":"type-product","3":"status-publish","5":"product_brand-now","6":"product_cat-corps","7":"product_cat-lait-huile_corporelle","9":"first","10":"instock","11":"shipping-taxable","12":"product-type-simple"},"jetpack-related-posts":[{"id":25596,"url":"https:\/\/sakaba.mghosteur.com\/en\/product\/now-apricot-oil-100-moisturizing-oil\/","url_meta":{"origin":32824,"position":0},"title":"NOW APRICOT OIL 100% MOISTURIZING OIL","author":"admin","date":"November 14, 2022","format":false,"excerpt":"","rel":"","context":"Similar post","block_context":{"text":"Similar post","link":""},"img":{"alt_text":"","src":"","width":0,"height":0},"classes":[]},{"id":25604,"url":"https:\/\/sakaba.mghosteur.com\/en\/product\/now-jojoba-oil-100-pure-moisturizing-oil\/","url_meta":{"origin":32824,"position":1},"title":"NOW JOJOBA OIL 100% PURE MOISTURIZING OIL","author":"admin","date":"November 14, 2022","format":false,"excerpt":"","rel":"","context":"Similar post","block_context":{"text":"Similar post","link":""},"img":{"alt_text":"","src":"","width":0,"height":0},"classes":[]},{"id":25593,"url":"https:\/\/sakaba.mghosteur.com\/en\/product\/now-evening-primrose-oil-100-pure-moisturizing-oil\/","url_meta":{"origin":32824,"position":2},"title":"NOW EVENING PRIMROSE OIL 100% PURE MOISTURIZING OIL","author":"admin","date":"November 14, 2022","format":false,"excerpt":"","rel":"","context":"Similar post","block_context":{"text":"Similar post","link":""},"img":{"alt_text":"","src":"","width":0,"height":0},"classes":[]},{"id":32815,"url":"https:\/\/sakaba.mghosteur.com\/en\/product\/now-almond-oil-100-pure-moisturizing-oil\/","url_meta":{"origin":32824,"position":3},"title":"NOW ALMOND OIL 100% PURE MOISTURIZING OIL","author":"admin","date":"May 16, 2024","format":false,"excerpt":"","rel":"","context":"Similar post","block_context":{"text":"Similar post","link":""},"img":{"alt_text":"","src":"","width":0,"height":0},"classes":[]},{"id":25758,"url":"https:\/\/sakaba.mghosteur.com\/en\/product\/by-natures-100-pure-ex-virgin-olive-oil-nourishing-moisturizing\/","url_meta":{"origin":32824,"position":4},"title":"By Natures 100% PURE Ex Virgin OLive Oil Nourishing Moisturizing","author":"admin","date":"November 22, 2022","format":false,"excerpt":"","rel":"","context":"Similar post","block_context":{"text":"Similar post","link":""},"img":{"alt_text":"","src":"","width":0,"height":0},"classes":[]},{"id":32177,"url":"https:\/\/sakaba.mghosteur.com\/en\/product\/tree-hut-moisturizing-shave-oil-vanilla\/","url_meta":{"origin":32824,"position":5},"title":"TREE HUT MOISTURIZING SHAVE OIL VANILLA","author":"admin","date":"May 13, 2024","format":false,"excerpt":"Dites \u00ab adieu \u00bb aux poils de barbe, aux entailles et aux bosses et dites \u00ab bonjour \u00bb \u00e0 une belle peau ! Obtenez votre rasage de plus pr\u00e8s avec l'huile de rasage hydratante Tree Hut Bare au parfum cr\u00e9meux et classique de vanille.","rel":"","context":"Similar post","block_context":{"text":"Similar post","link":""},"img":{"alt_text":"","src":"","width":0,"height":0},"classes":[]}],"_links":{"self":[{"href":"https:\/\/sakaba.mghosteur.com\/en\/wp-json\/wp\/v2\/product\/32824","targetHints":{"allow":["GET"]}}],"collection":[{"href":"https:\/\/sakaba.mghosteur.com\/en\/wp-json\/wp\/v2\/product"}],"about":[{"href":"https:\/\/sakaba.mghosteur.com\/en\/wp-json\/wp\/v2\/types\/product"}],"replies":[{"embeddable":true,"href":"https:\/\/sakaba.mghosteur.com\/en\/wp-json\/wp\/v2\/comments?post=32824"}],"version-history":[{"count":0,"href":"https:\/\/sakaba.mghosteur.com\/en\/wp-json\/wp\/v2\/product\/32824\/revisions"}],"wp:attachment":[{"href":"https:\/\/sakaba.mghosteur.com\/en\/wp-json\/wp\/v2\/media?parent=32824"}],"wp:term":[{"taxonomy":"product_brand","embeddable":true,"href":"https:\/\/sakaba.mghosteur.com\/en\/wp-json\/wp\/v2\/product_brand?post=32824"},{"taxonomy":"product_cat","embeddable":true,"href":"https:\/\/sakaba.mghosteur.com\/en\/wp-json\/wp\/v2\/product_cat?post=32824"},{"taxonomy":"product_tag","embeddable":true,"href":"https:\/\/sakaba.mghosteur.com\/en\/wp-json\/wp\/v2\/product_tag?post=32824"}],"curies":[{"name":"wp","href":"https:\/\/api.w.org\/{rel}","templated":true}]}}