{"id":32830,"date":"2024-05-16T15:29:26","date_gmt":"2024-05-16T15:29:26","guid":{"rendered":"https:\/\/sakaba.mghosteur.com\/?post_type=product&#038;p=32830"},"modified":"2024-08-07T03:50:50","modified_gmt":"2024-08-07T03:50:50","slug":"centrum-silver-65-tablets-multivitamin-supplement","status":"publish","type":"product","link":"https:\/\/sakaba.mghosteur.com\/en\/product\/centrum-silver-65-tablets-multivitamin-supplement\/","title":{"rendered":"CENTRUM SILVER 65 TABLETS MULTIVITAMIN SUPPLEMENT"},"content":{"rendered":"<p>Compl\u00e9ment multivitamin\u00e9\/multimin\u00e9ral contenant des micronutriments pour nourrir vos cellules et aider \u00e0 soutenir le bien-\u00eatre de tout le corps. Cette vitamine pour femmes avec fer contient des nutriments essentiels, notamment de la vitamine D et du calcium pour soutenir des os solides et des vitamines B pour aider \u00e0 promouvoir la sant\u00e9 cardiaque. Cette multivitamine pour femmes de plus de 50 ans contient \u00e9galement du zinc comme suppl\u00e9ment pour la sant\u00e9 du cerveau et des vitamines A, C et E pour la sant\u00e9 des yeux. Les micronutriments cl\u00e9s de ces suppl\u00e9ments pour la sant\u00e9 cardiaque aident \u00e0 combler les lacunes nutritionnelles pour favoriser le bien-\u00eatre g\u00e9n\u00e9ral et la vitalit\u00e9. Ces vitamines pour femmes sont v\u00e9rifi\u00e9es sans OGM et sans gluten. Cette multivitamine pour femmes avec fer pr\u00e9sente un enrobage lisse qui la rend facile \u00e0 avaler. Prenez simplement un comprim\u00e9 par jour pour r\u00e9approvisionner votre corps en vitamines et min\u00e9raux essentiels.<\/p>","protected":false},"excerpt":{"rendered":"<p>Compl\u00e9ment multivitamin\u00e9\/multimin\u00e9ral contenant des micronutriments pour nourrir vos cellules et aider \u00e0 soutenir le bien-\u00eatre de tout le corps. Cette vitamine pour femmes avec fer contient des nutriments essentiels, notamment de la vitamine D et du calcium pour soutenir des os solides et des vitamines B pour aider \u00e0 promouvoir la sant\u00e9 cardiaque. Cette multivitamine<span class=\"read-more-faq\"><a href=\"https:\/\/sakaba.mghosteur.com\/en\/product\/centrum-silver-65-tablets-multivitamin-supplement\/\">Read More<\/a><\/span><\/p>","protected":false},"featured_media":0,"comment_status":"open","ping_status":"closed","template":"","meta":[],"product_brand":[1043],"product_cat":[391,381],"product_tag":[],"class_list":{"0":"post-32830","1":"product","2":"type-product","3":"status-publish","5":"product_brand-centrum-silver","6":"product_cat-aae-bien-etre","7":"product_cat-vitamine-et-complements","9":"first","10":"instock","11":"shipping-taxable","12":"product-type-simple"},"jetpack-related-posts":[{"id":32842,"url":"https:\/\/sakaba.mghosteur.com\/en\/product\/centrum-women-120-tablets-multivitamin-supplement\/","url_meta":{"origin":32830,"position":0},"title":"CENTRUM WOMEN 120 TABLETS MULTIVITAMIN SUPPLEMENT","author":"admin","date":"May 16, 2024","format":false,"excerpt":"Compl\u00e9ment multivitamin\u00e9\/multimin\u00e9ral contenant des micronutriments pour nourrir vos cellules et aider \u00e0 soutenir le bien-\u00eatre de tout le corps. Cette vitamine pour femmes avec fer contient des nutriments essentiels, notamment de la vitamine D et du calcium pour soutenir des os solides et des vitamines B pour aider \u00e0 promouvoir\u2026","rel":"","context":"Similar post","block_context":{"text":"Similar post","link":""},"img":{"alt_text":"","src":"","width":0,"height":0},"classes":[]},{"id":32812,"url":"https:\/\/sakaba.mghosteur.com\/en\/product\/centrum-200tablets-multivitamin-adults\/","url_meta":{"origin":32830,"position":1},"title":"CENTRUM 200TABLETS MULTIVITAMIN ADULTS","author":"admin","date":"May 16, 2024","format":false,"excerpt":"Compl\u00e9ment multivitamin\u00e9\/multimin\u00e9ral complet formul\u00e9 pour les adultes. Ce compl\u00e9ment multivitamin\u00e9 quotidien pour adultes contient 23 micronutriments, dont de la vitamine D3. Ces vitamines pour adultes contiennent \u00e9galement des vitamines B et du fer pour aider \u00e0 soutenir les niveaux d'\u00e9nergie quotidiens et \u00e0 favoriser le m\u00e9tabolisme des macronutriments, ainsi que\u2026","rel":"","context":"Similar post","block_context":{"text":"Similar post","link":""},"img":{"alt_text":"","src":"","width":0,"height":0},"classes":[]},{"id":32839,"url":"https:\/\/sakaba.mghosteur.com\/en\/product\/centrum-silvermen-men-50\/","url_meta":{"origin":32830,"position":2},"title":"CENTRUM SILVER MEN  50+ 100 TABLETS","author":"admin","date":"May 16, 2024","format":false,"excerpt":"Compl\u00e9ment multivitamin\u00e9 et multimin\u00e9ral quotidien pour hommes de plus de 50 ans contenant des vitamines et des min\u00e9raux pour favoriser la sant\u00e9 et le bien-\u00eatre g\u00e9n\u00e9ral. Il est con\u00e7u pour aider les hommes \u00e0 maintenir un mode de vie actif \u00e0 mesure qu'ils vieillissent en soutenant\u00a0: Sant\u00e9 musculaire\u00a0: vitamine D,\u2026","rel":"","context":"Similar post","block_context":{"text":"Similar post","link":""},"img":{"alt_text":"","src":"","width":0,"height":0},"classes":[]},{"id":32833,"url":"https:\/\/sakaba.mghosteur.com\/en\/product\/centrum-silver-men-50-100-tablets\/","url_meta":{"origin":32830,"position":3},"title":"CENTRUM SILVER MEN 50+ 100 TABLETS","author":"admin","date":"May 16, 2024","format":false,"excerpt":"Compl\u00e9ment multivitamin\u00e9 et multimin\u00e9ral contenant des vitamines et des min\u00e9raux con\u00e7us pour r\u00e9pondre aux besoins nutritionnels des hommes de plus de 50 ans. Le compl\u00e9ment est destin\u00e9 \u00e0 aider les hommes \u00e0 maintenir un mode de vie actif \u00e0 mesure qu'ils vieillissent en soutenant leur sant\u00e9 et leur bien-\u00eatre g\u00e9n\u00e9ral.\u2026","rel":"","context":"Similar post","block_context":{"text":"Similar post","link":""},"img":{"alt_text":"","src":"","width":0,"height":0},"classes":[]},{"id":32836,"url":"https:\/\/sakaba.mghosteur.com\/en\/product\/centrum-silver-women-50-100-tablets\/","url_meta":{"origin":32830,"position":4},"title":"CENTRUM SILVER WOMEN 50+ 100 TABLETS","author":"admin","date":"May 16, 2024","format":false,"excerpt":"Compl\u00e9ment sp\u00e9cialement formul\u00e9 pour les femmes de 50 ans et plus qui contient des micronutriments pour soutenir leur sant\u00e9 globale. Les comprim\u00e9s sont sans gluten et sans OGM, et sont faciles \u00e0 avaler. Ils contiennent : Vitamine D3 : Aide \u00e0 maintenir la densit\u00e9 osseuse et \u00e0 r\u00e9duire le risque\u2026","rel":"","context":"Similar post","block_context":{"text":"Similar post","link":""},"img":{"alt_text":"","src":"","width":0,"height":0},"classes":[]},{"id":29795,"url":"https:\/\/sakaba.mghosteur.com\/en\/product\/solgar-b-complex-100\/","url_meta":{"origin":32830,"position":5},"title":"SOLGAR B COMPLEX 100","author":"admin","date":"April 25, 2023","format":false,"excerpt":"D\u00e9couvrez les comprim\u00e9s \"100\" du complexe B de la marque Solgar pour vous aider \u00e0 maintenir un m\u00e9tabolisme \u00e9quilibr\u00e9 et une bonne sant\u00e9 globale. Chaque comprim\u00e9 contient une combinaison de vitamines B essentielles pour transformer les glucides, les lipides et les prot\u00e9ines en \u00e9nergie. Ce compl\u00e9ment alimentaire est destin\u00e9 aux\u2026","rel":"","context":"Similar post","block_context":{"text":"Similar post","link":""},"img":{"alt_text":"","src":"","width":0,"height":0},"classes":[]}],"_links":{"self":[{"href":"https:\/\/sakaba.mghosteur.com\/en\/wp-json\/wp\/v2\/product\/32830","targetHints":{"allow":["GET"]}}],"collection":[{"href":"https:\/\/sakaba.mghosteur.com\/en\/wp-json\/wp\/v2\/product"}],"about":[{"href":"https:\/\/sakaba.mghosteur.com\/en\/wp-json\/wp\/v2\/types\/product"}],"replies":[{"embeddable":true,"href":"https:\/\/sakaba.mghosteur.com\/en\/wp-json\/wp\/v2\/comments?post=32830"}],"version-history":[{"count":0,"href":"https:\/\/sakaba.mghosteur.com\/en\/wp-json\/wp\/v2\/product\/32830\/revisions"}],"wp:attachment":[{"href":"https:\/\/sakaba.mghosteur.com\/en\/wp-json\/wp\/v2\/media?parent=32830"}],"wp:term":[{"taxonomy":"product_brand","embeddable":true,"href":"https:\/\/sakaba.mghosteur.com\/en\/wp-json\/wp\/v2\/product_brand?post=32830"},{"taxonomy":"product_cat","embeddable":true,"href":"https:\/\/sakaba.mghosteur.com\/en\/wp-json\/wp\/v2\/product_cat?post=32830"},{"taxonomy":"product_tag","embeddable":true,"href":"https:\/\/sakaba.mghosteur.com\/en\/wp-json\/wp\/v2\/product_tag?post=32830"}],"curies":[{"name":"wp","href":"https:\/\/api.w.org\/{rel}","templated":true}]}}