{"id":32833,"date":"2024-05-16T15:30:17","date_gmt":"2024-05-16T15:30:17","guid":{"rendered":"https:\/\/sakaba.mghosteur.com\/?post_type=product&#038;p=32833"},"modified":"2024-08-07T03:52:30","modified_gmt":"2024-08-07T03:52:30","slug":"centrum-silver-men-50-100-tablets","status":"publish","type":"product","link":"https:\/\/sakaba.mghosteur.com\/en\/product\/centrum-silver-men-50-100-tablets\/","title":{"rendered":"CENTRUM SILVER MEN 50+ 100 TABLETS"},"content":{"rendered":"<p>Compl\u00e9ment multivitamin\u00e9 et multimin\u00e9ral contenant des vitamines et des min\u00e9raux con\u00e7us pour r\u00e9pondre aux besoins nutritionnels des hommes de plus de 50 ans. Le compl\u00e9ment est destin\u00e9 \u00e0 aider les hommes \u00e0 maintenir un mode de vie actif \u00e0 mesure qu&#8217;ils vieillissent en soutenant leur sant\u00e9 et leur bien-\u00eatre g\u00e9n\u00e9ral.<\/p>\n<p>Il contient des ingr\u00e9dients tels que :<\/p>\n<p>Vitamine D : Soutient la sant\u00e9 des os et la fonction musculaire<\/p>\n<p>Vitamines B : Importantes pour la fonction musculaire \u00e0 mesure que les hommes vieillissent<\/p>\n<p>Magn\u00e9sium : Important pour la fonction musculaire \u00e0 mesure que les hommes vieillissent<\/p>\n<p>Vitamine A : Soutient la sant\u00e9 des yeux<\/p>\n<p>Vitamine B12 : Soutient le m\u00e9tabolisme et la formation du sang<\/p>","protected":false},"excerpt":{"rendered":"<p>Compl\u00e9ment multivitamin\u00e9 et multimin\u00e9ral contenant des vitamines et des min\u00e9raux con\u00e7us pour r\u00e9pondre aux besoins nutritionnels des hommes de plus de 50 ans. Le compl\u00e9ment est destin\u00e9 \u00e0 aider les hommes \u00e0 maintenir un mode de vie actif \u00e0 mesure qu&#8217;ils vieillissent en soutenant leur sant\u00e9 et leur bien-\u00eatre g\u00e9n\u00e9ral. Il contient des ingr\u00e9dients tels<span class=\"read-more-faq\"><a href=\"https:\/\/sakaba.mghosteur.com\/en\/product\/centrum-silver-men-50-100-tablets\/\">Read More<\/a><\/span><\/p>","protected":false},"featured_media":0,"comment_status":"open","ping_status":"closed","template":"","meta":[],"product_brand":[1043],"product_cat":[391,381],"product_tag":[],"class_list":{"0":"post-32833","1":"product","2":"type-product","3":"status-publish","5":"product_brand-centrum-silver","6":"product_cat-aae-bien-etre","7":"product_cat-vitamine-et-complements","9":"first","10":"instock","11":"shipping-taxable","12":"product-type-simple"},"jetpack-related-posts":[{"id":32839,"url":"https:\/\/sakaba.mghosteur.com\/en\/product\/centrum-silvermen-men-50\/","url_meta":{"origin":32833,"position":0},"title":"CENTRUM SILVER MEN  50+ 100 TABLETS","author":"admin","date":"May 16, 2024","format":false,"excerpt":"Compl\u00e9ment multivitamin\u00e9 et multimin\u00e9ral quotidien pour hommes de plus de 50 ans contenant des vitamines et des min\u00e9raux pour favoriser la sant\u00e9 et le bien-\u00eatre g\u00e9n\u00e9ral. Il est con\u00e7u pour aider les hommes \u00e0 maintenir un mode de vie actif \u00e0 mesure qu'ils vieillissent en soutenant\u00a0: Sant\u00e9 musculaire\u00a0: vitamine D,\u2026","rel":"","context":"Similar post","block_context":{"text":"Similar post","link":""},"img":{"alt_text":"","src":"","width":0,"height":0},"classes":[]},{"id":29814,"url":"https:\/\/sakaba.mghosteur.com\/en\/product\/solgar-vitamin-d3-125mcg-5000-iu\/","url_meta":{"origin":32833,"position":1},"title":"SOLGAR VITAMIN D3 125MCG 5000 IU","author":"admin","date":"April 25, 2023","format":false,"excerpt":"D\u00e9couvrez les g\u00e9lules de vitamine D3 (chol\u00e9calcif\u00e9rol) de la marque Solgar pour maintenir une bonne sant\u00e9. Vivre dans l'h\u00e9misph\u00e8re nord ou utiliser beaucoup de cr\u00e8me solaire peut emp\u00eacher votre corps de produire suffisamment de cette \"vitamine solaire\" par lui-m\u00eame. De plus, la vitamine D est rare dans la plupart des\u2026","rel":"","context":"Similar post","block_context":{"text":"Similar post","link":""},"img":{"alt_text":"","src":"","width":0,"height":0},"classes":[]},{"id":25088,"url":"https:\/\/sakaba.mghosteur.com\/en\/product\/solgar-collagen-hyaluronic-acid-complex\/","url_meta":{"origin":32833,"position":2},"title":"SOLGAR COLLAGEN HYALURONIC ACID COMPLEX","author":"admin","date":"November 11, 2022","format":false,"excerpt":"D\u00e9couvrez le complexe d'acide hyaluronique au collag\u00e8ne de la marque Solgar pour nourrir votre peau de l'int\u00e9rieur. L'acide hyaluronique, pr\u00e9sent en grande quantit\u00e9 dans la peau, les yeux et les articulations, est essentiel \u00e0 l'hydratation de votre corps. Cependant, les rayons UV, le tabagisme, la pollution et le vieillissement peuvent\u2026","rel":"","context":"Similar post","block_context":{"text":"Similar post","link":""},"img":{"alt_text":"","src":"","width":0,"height":0},"classes":[]},{"id":31915,"url":"https:\/\/sakaba.mghosteur.com\/en\/product\/youtheory-collagen-6000-mg-290-tablets\/","url_meta":{"origin":32833,"position":3},"title":"YOUTHEORY COLLAGEN 6000 MG 290 TABLETS","author":"admin","date":"May 10, 2024","format":false,"excerpt":"Formule pour la peau, les cheveux & les ongles 6000\u00a0mg Enrichi en vitamine\u00a0C Compl\u00e9ment alimentaire Sans produits laitiers Sans soja Ingr\u00e9dients sans gluten Sans agents de remplissage ni agents liants 6000\u00a0mg de collag\u00e8ne par portion Restaure les prot\u00e9ines synonymes de beaut\u00e9 Lutte contre le vieillissement de la peau Revitalise la\u2026","rel":"","context":"Similar post","block_context":{"text":"Similar post","link":""},"img":{"alt_text":"","src":"","width":0,"height":0},"classes":[]},{"id":29775,"url":"https:\/\/sakaba.mghosteur.com\/en\/product\/calcium-magnesium-plus-zinc\/","url_meta":{"origin":32833,"position":4},"title":"CALCIUM MAGNESIUM PLUS ZINC","author":"admin","date":"April 24, 2023","format":false,"excerpt":"D\u00e9couvrez les comprim\u00e9s de Calcium Magn\u00e9sium Plus Zinc de la marque Solgar, un compl\u00e9ment alimentaire essentiel pour soutenir la sant\u00e9 de votre syst\u00e8me squelettique, musculaire, nerveux et immunitaire. En plus du calcium, ce produit contient du magn\u00e9sium et du zinc, qui sont \u00e9galement n\u00e9cessaires pour maintenir des os et des\u2026","rel":"","context":"Similar post","block_context":{"text":"Similar post","link":""},"img":{"alt_text":"","src":"","width":0,"height":0},"classes":[]},{"id":29768,"url":"https:\/\/sakaba.mghosteur.com\/en\/product\/biotin-10-000-mcg\/","url_meta":{"origin":32833,"position":5},"title":"BIOTIN 10 000 MCG","author":"admin","date":"April 24, 2023","format":false,"excerpt":"D\u00e9couvrez BIOTIN 10 000 MCG de la marque SOLGAR, une vitamine B hydrosoluble qui aide \u00e0 maintenir une peau, des ongles et des cheveux sains, ainsi qu'au bon fonctionnement de certaines enzymes. Cette biotine soutient \u00e9galement la production d'\u00e9nergie cellulaire dans le corps en convertissant les aliments en \u00e9nergie et\u2026","rel":"","context":"Similar post","block_context":{"text":"Similar post","link":""},"img":{"alt_text":"","src":"","width":0,"height":0},"classes":[]}],"_links":{"self":[{"href":"https:\/\/sakaba.mghosteur.com\/en\/wp-json\/wp\/v2\/product\/32833","targetHints":{"allow":["GET"]}}],"collection":[{"href":"https:\/\/sakaba.mghosteur.com\/en\/wp-json\/wp\/v2\/product"}],"about":[{"href":"https:\/\/sakaba.mghosteur.com\/en\/wp-json\/wp\/v2\/types\/product"}],"replies":[{"embeddable":true,"href":"https:\/\/sakaba.mghosteur.com\/en\/wp-json\/wp\/v2\/comments?post=32833"}],"version-history":[{"count":0,"href":"https:\/\/sakaba.mghosteur.com\/en\/wp-json\/wp\/v2\/product\/32833\/revisions"}],"wp:attachment":[{"href":"https:\/\/sakaba.mghosteur.com\/en\/wp-json\/wp\/v2\/media?parent=32833"}],"wp:term":[{"taxonomy":"product_brand","embeddable":true,"href":"https:\/\/sakaba.mghosteur.com\/en\/wp-json\/wp\/v2\/product_brand?post=32833"},{"taxonomy":"product_cat","embeddable":true,"href":"https:\/\/sakaba.mghosteur.com\/en\/wp-json\/wp\/v2\/product_cat?post=32833"},{"taxonomy":"product_tag","embeddable":true,"href":"https:\/\/sakaba.mghosteur.com\/en\/wp-json\/wp\/v2\/product_tag?post=32833"}],"curies":[{"name":"wp","href":"https:\/\/api.w.org\/{rel}","templated":true}]}}