{"id":32836,"date":"2024-05-16T15:31:07","date_gmt":"2024-05-16T15:31:07","guid":{"rendered":"https:\/\/sakaba.mghosteur.com\/?post_type=product&#038;p=32836"},"modified":"2024-08-07T11:00:18","modified_gmt":"2024-08-07T11:00:18","slug":"centrum-silver-women-50-100-tablets","status":"publish","type":"product","link":"https:\/\/sakaba.mghosteur.com\/en\/product\/centrum-silver-women-50-100-tablets\/","title":{"rendered":"CENTRUM SILVER WOMEN 50+ 100 TABLETS"},"content":{"rendered":"<p>Compl\u00e9ment sp\u00e9cialement formul\u00e9 pour les femmes de 50 ans et plus qui contient des micronutriments pour soutenir leur sant\u00e9 globale. Les comprim\u00e9s sont sans gluten et sans OGM, et sont faciles \u00e0 avaler.<\/p>\n<p>Ils contiennent :<\/p>\n<p>Vitamine D3 : Aide \u00e0 maintenir la densit\u00e9 osseuse et \u00e0 r\u00e9duire le risque d&#8217;ost\u00e9oporose<\/p>\n<p>Calcium : Aide \u00e0 maintenir la densit\u00e9 osseuse et \u00e0 r\u00e9duire le risque d&#8217;ost\u00e9oporose<\/p>\n<p>Vitamines B : Peuvent aider \u00e0 r\u00e9duire la fatigue et l&#8217;\u00e9puisement<\/p>\n<p>Zinc : Peut contribuer \u00e0 un m\u00e9tabolisme normal<\/p>\n<p>Vitamines C et E antioxydantes : Peuvent favoriser la sant\u00e9 globale<\/p>\n<p>B\u00eata-carot\u00e8ne : Peut favoriser la sant\u00e9 globale<\/p>","protected":false},"excerpt":{"rendered":"<p>Compl\u00e9ment sp\u00e9cialement formul\u00e9 pour les femmes de 50 ans et plus qui contient des micronutriments pour soutenir leur sant\u00e9 globale. Les comprim\u00e9s sont sans gluten et sans OGM, et sont faciles \u00e0 avaler. Ils contiennent : Vitamine D3 : Aide \u00e0 maintenir la densit\u00e9 osseuse et \u00e0 r\u00e9duire le risque d&#8217;ost\u00e9oporose Calcium : Aide \u00e0<span class=\"read-more-faq\"><a href=\"https:\/\/sakaba.mghosteur.com\/en\/product\/centrum-silver-women-50-100-tablets\/\">Read More<\/a><\/span><\/p>","protected":false},"featured_media":0,"comment_status":"open","ping_status":"closed","template":"","meta":[],"product_brand":[1043],"product_cat":[391,381],"product_tag":[],"class_list":{"0":"post-32836","1":"product","2":"type-product","3":"status-publish","5":"product_brand-centrum-silver","6":"product_cat-aae-bien-etre","7":"product_cat-vitamine-et-complements","9":"first","10":"instock","11":"shipping-taxable","12":"product-type-simple"},"jetpack-related-posts":[],"_links":{"self":[{"href":"https:\/\/sakaba.mghosteur.com\/en\/wp-json\/wp\/v2\/product\/32836","targetHints":{"allow":["GET"]}}],"collection":[{"href":"https:\/\/sakaba.mghosteur.com\/en\/wp-json\/wp\/v2\/product"}],"about":[{"href":"https:\/\/sakaba.mghosteur.com\/en\/wp-json\/wp\/v2\/types\/product"}],"replies":[{"embeddable":true,"href":"https:\/\/sakaba.mghosteur.com\/en\/wp-json\/wp\/v2\/comments?post=32836"}],"version-history":[{"count":0,"href":"https:\/\/sakaba.mghosteur.com\/en\/wp-json\/wp\/v2\/product\/32836\/revisions"}],"wp:attachment":[{"href":"https:\/\/sakaba.mghosteur.com\/en\/wp-json\/wp\/v2\/media?parent=32836"}],"wp:term":[{"taxonomy":"product_brand","embeddable":true,"href":"https:\/\/sakaba.mghosteur.com\/en\/wp-json\/wp\/v2\/product_brand?post=32836"},{"taxonomy":"product_cat","embeddable":true,"href":"https:\/\/sakaba.mghosteur.com\/en\/wp-json\/wp\/v2\/product_cat?post=32836"},{"taxonomy":"product_tag","embeddable":true,"href":"https:\/\/sakaba.mghosteur.com\/en\/wp-json\/wp\/v2\/product_tag?post=32836"}],"curies":[{"name":"wp","href":"https:\/\/api.w.org\/{rel}","templated":true}]}}