{"id":32839,"date":"2024-05-16T15:31:56","date_gmt":"2024-05-16T15:31:56","guid":{"rendered":"https:\/\/sakaba.mghosteur.com\/?post_type=product&#038;p=32839"},"modified":"2024-08-07T10:59:02","modified_gmt":"2024-08-07T10:59:02","slug":"centrum-silvermen-men-50","status":"publish","type":"product","link":"https:\/\/sakaba.mghosteur.com\/en\/product\/centrum-silvermen-men-50\/","title":{"rendered":"CENTRUM SILVER MEN  50+ 100 TABLETS"},"content":{"rendered":"<p>Compl\u00e9ment multivitamin\u00e9 et multimin\u00e9ral quotidien pour hommes de plus de 50 ans contenant des vitamines et des min\u00e9raux pour favoriser la sant\u00e9 et le bien-\u00eatre g\u00e9n\u00e9ral. Il est con\u00e7u pour aider les hommes \u00e0 maintenir un mode de vie actif \u00e0 mesure qu&#8217;ils vieillissent en soutenant&nbsp;:<\/p>\n<p>Sant\u00e9 musculaire&nbsp;: vitamine D, magn\u00e9sium et vitamine B6<\/p>\n<p>Sant\u00e9 cardiaque&nbsp;: vitamines B et lycop\u00e8ne<\/p>\n<p>Sant\u00e9 c\u00e9r\u00e9brale&nbsp;: zinc et vitamines B<\/p>\n<p>Sant\u00e9 oculaire&nbsp;: lut\u00e9ine et vitamines A, C et E<\/p>\n<p>M\u00e9moire et cognition&nbsp;: cliniquement prouv\u00e9 pour favoriser la sant\u00e9 cognitive chez les personnes \u00e2g\u00e9es<\/p>","protected":false},"excerpt":{"rendered":"<p>Compl\u00e9ment multivitamin\u00e9 et multimin\u00e9ral quotidien pour hommes de plus de 50 ans contenant des vitamines et des min\u00e9raux pour favoriser la sant\u00e9 et le bien-\u00eatre g\u00e9n\u00e9ral. Il est con\u00e7u pour aider les hommes \u00e0 maintenir un mode de vie actif \u00e0 mesure qu&#8217;ils vieillissent en soutenant&nbsp;: Sant\u00e9 musculaire&nbsp;: vitamine D, magn\u00e9sium et vitamine B6 Sant\u00e9<span class=\"read-more-faq\"><a href=\"https:\/\/sakaba.mghosteur.com\/en\/product\/centrum-silvermen-men-50\/\">Read More<\/a><\/span><\/p>","protected":false},"featured_media":0,"comment_status":"open","ping_status":"closed","template":"","meta":[],"product_brand":[1043],"product_cat":[391,381],"product_tag":[],"class_list":{"0":"post-32839","1":"product","2":"type-product","3":"status-publish","5":"product_brand-centrum-silver","6":"product_cat-aae-bien-etre","7":"product_cat-vitamine-et-complements","9":"first","10":"instock","11":"shipping-taxable","12":"product-type-simple"},"jetpack-related-posts":[{"id":32833,"url":"https:\/\/sakaba.mghosteur.com\/en\/product\/centrum-silver-men-50-100-tablets\/","url_meta":{"origin":32839,"position":0},"title":"CENTRUM SILVER MEN 50+ 100 TABLETS","author":"admin","date":"May 16, 2024","format":false,"excerpt":"Compl\u00e9ment multivitamin\u00e9 et multimin\u00e9ral contenant des vitamines et des min\u00e9raux con\u00e7us pour r\u00e9pondre aux besoins nutritionnels des hommes de plus de 50 ans. Le compl\u00e9ment est destin\u00e9 \u00e0 aider les hommes \u00e0 maintenir un mode de vie actif \u00e0 mesure qu'ils vieillissent en soutenant leur sant\u00e9 et leur bien-\u00eatre g\u00e9n\u00e9ral.\u2026","rel":"","context":"Similar post","block_context":{"text":"Similar post","link":""},"img":{"alt_text":"","src":"","width":0,"height":0},"classes":[]},{"id":32836,"url":"https:\/\/sakaba.mghosteur.com\/en\/product\/centrum-silver-women-50-100-tablets\/","url_meta":{"origin":32839,"position":1},"title":"CENTRUM SILVER WOMEN 50+ 100 TABLETS","author":"admin","date":"May 16, 2024","format":false,"excerpt":"Compl\u00e9ment sp\u00e9cialement formul\u00e9 pour les femmes de 50 ans et plus qui contient des micronutriments pour soutenir leur sant\u00e9 globale. Les comprim\u00e9s sont sans gluten et sans OGM, et sont faciles \u00e0 avaler. Ils contiennent : Vitamine D3 : Aide \u00e0 maintenir la densit\u00e9 osseuse et \u00e0 r\u00e9duire le risque\u2026","rel":"","context":"Similar post","block_context":{"text":"Similar post","link":""},"img":{"alt_text":"","src":"","width":0,"height":0},"classes":[]},{"id":32830,"url":"https:\/\/sakaba.mghosteur.com\/en\/product\/centrum-silver-65-tablets-multivitamin-supplement\/","url_meta":{"origin":32839,"position":2},"title":"CENTRUM SILVER 65 TABLETS MULTIVITAMIN SUPPLEMENT","author":"admin","date":"May 16, 2024","format":false,"excerpt":"Compl\u00e9ment multivitamin\u00e9\/multimin\u00e9ral contenant des micronutriments pour nourrir vos cellules et aider \u00e0 soutenir le bien-\u00eatre de tout le corps. Cette vitamine pour femmes avec fer contient des nutriments essentiels, notamment de la vitamine D et du calcium pour soutenir des os solides et des vitamines B pour aider \u00e0 promouvoir\u2026","rel":"","context":"Similar post","block_context":{"text":"Similar post","link":""},"img":{"alt_text":"","src":"","width":0,"height":0},"classes":[]},{"id":32842,"url":"https:\/\/sakaba.mghosteur.com\/en\/product\/centrum-women-120-tablets-multivitamin-supplement\/","url_meta":{"origin":32839,"position":3},"title":"CENTRUM WOMEN 120 TABLETS MULTIVITAMIN SUPPLEMENT","author":"admin","date":"May 16, 2024","format":false,"excerpt":"Compl\u00e9ment multivitamin\u00e9\/multimin\u00e9ral contenant des micronutriments pour nourrir vos cellules et aider \u00e0 soutenir le bien-\u00eatre de tout le corps. Cette vitamine pour femmes avec fer contient des nutriments essentiels, notamment de la vitamine D et du calcium pour soutenir des os solides et des vitamines B pour aider \u00e0 promouvoir\u2026","rel":"","context":"Similar post","block_context":{"text":"Similar post","link":""},"img":{"alt_text":"","src":"","width":0,"height":0},"classes":[]},{"id":30014,"url":"https:\/\/sakaba.mghosteur.com\/en\/product\/satin-skinz-b-beau-vitamin-c-plus-capsule\/","url_meta":{"origin":32839,"position":4},"title":"SATIN SKINZ B BEAU VITAMIN C PLUS CAPSULE","author":"admin","date":"May 2, 2023","format":false,"excerpt":"D\u00e9couvrez la vitamine C Plus B'BEAU de Satin Skin pour une peau rayonnante et en sant\u00e9. Pour consommer, prenez 2 g\u00e9lules le matin en combinaison avec 1 g\u00e9lule de L-Glutathion B'BEAU. Pour des r\u00e9sultats optimaux, \u00e9vitez les boissons caf\u00e9in\u00e9es, gazeuses et alcoolis\u00e9es, ainsi que la cigarette, et optez plut\u00f4t pour\u2026","rel":"","context":"Similar post","block_context":{"text":"Similar post","link":""},"img":{"alt_text":"","src":"","width":0,"height":0},"classes":[]},{"id":29814,"url":"https:\/\/sakaba.mghosteur.com\/en\/product\/solgar-vitamin-d3-125mcg-5000-iu\/","url_meta":{"origin":32839,"position":5},"title":"SOLGAR VITAMIN D3 125MCG 5000 IU","author":"admin","date":"April 25, 2023","format":false,"excerpt":"D\u00e9couvrez les g\u00e9lules de vitamine D3 (chol\u00e9calcif\u00e9rol) de la marque Solgar pour maintenir une bonne sant\u00e9. Vivre dans l'h\u00e9misph\u00e8re nord ou utiliser beaucoup de cr\u00e8me solaire peut emp\u00eacher votre corps de produire suffisamment de cette \"vitamine solaire\" par lui-m\u00eame. De plus, la vitamine D est rare dans la plupart des\u2026","rel":"","context":"Similar post","block_context":{"text":"Similar post","link":""},"img":{"alt_text":"","src":"","width":0,"height":0},"classes":[]}],"_links":{"self":[{"href":"https:\/\/sakaba.mghosteur.com\/en\/wp-json\/wp\/v2\/product\/32839","targetHints":{"allow":["GET"]}}],"collection":[{"href":"https:\/\/sakaba.mghosteur.com\/en\/wp-json\/wp\/v2\/product"}],"about":[{"href":"https:\/\/sakaba.mghosteur.com\/en\/wp-json\/wp\/v2\/types\/product"}],"replies":[{"embeddable":true,"href":"https:\/\/sakaba.mghosteur.com\/en\/wp-json\/wp\/v2\/comments?post=32839"}],"version-history":[{"count":0,"href":"https:\/\/sakaba.mghosteur.com\/en\/wp-json\/wp\/v2\/product\/32839\/revisions"}],"wp:attachment":[{"href":"https:\/\/sakaba.mghosteur.com\/en\/wp-json\/wp\/v2\/media?parent=32839"}],"wp:term":[{"taxonomy":"product_brand","embeddable":true,"href":"https:\/\/sakaba.mghosteur.com\/en\/wp-json\/wp\/v2\/product_brand?post=32839"},{"taxonomy":"product_cat","embeddable":true,"href":"https:\/\/sakaba.mghosteur.com\/en\/wp-json\/wp\/v2\/product_cat?post=32839"},{"taxonomy":"product_tag","embeddable":true,"href":"https:\/\/sakaba.mghosteur.com\/en\/wp-json\/wp\/v2\/product_tag?post=32839"}],"curies":[{"name":"wp","href":"https:\/\/api.w.org\/{rel}","templated":true}]}}