{"id":32849,"date":"2024-05-16T15:36:28","date_gmt":"2024-05-16T15:36:28","guid":{"rendered":"https:\/\/sakaba.mghosteur.com\/?post_type=product&#038;p=32849"},"modified":"2024-05-16T15:36:28","modified_gmt":"2024-05-16T15:36:28","slug":"dermablend-cover-creme-golden-bronze-65w-chroma-4","status":"publish","type":"product","link":"https:\/\/sakaba.mghosteur.com\/en\/product\/dermablend-cover-creme-golden-bronze-65w-chroma-4\/","title":{"rendered":"DERMABLEND COVER CREME GOLDEN BRONZE 65W CHROMA 4"},"content":{"rendered":"","protected":false},"excerpt":{"rendered":"","protected":false},"featured_media":0,"comment_status":"open","ping_status":"closed","template":"","meta":[],"product_brand":[1044],"product_cat":[377],"product_tag":[],"class_list":{"0":"post-32849","1":"product","2":"type-product","3":"status-publish","5":"product_brand-dermablend","6":"product_cat-bath-body-works","8":"first","9":"instock","10":"shipping-taxable","11":"product-type-simple"},"jetpack-related-posts":[{"id":32846,"url":"https:\/\/sakaba.mghosteur.com\/en\/product\/dermablend-cover-creme-golden-beige-4-on\/","url_meta":{"origin":32849,"position":0},"title":"DERMABLEND COVER CREME GOLDEN BEIGE 4 ON","author":"admin","date":"May 16, 2024","format":false,"excerpt":"","rel":"","context":"Similar post","block_context":{"text":"Similar post","link":""},"img":{"alt_text":"","src":"","width":0,"height":0},"classes":[]},{"id":32852,"url":"https:\/\/sakaba.mghosteur.com\/en\/product\/dermablend-cover-creme-honey-beige-50c\/","url_meta":{"origin":32849,"position":1},"title":"DERMABLEND COVER CREME HONEY BEIGE 50C","author":"admin","date":"May 16, 2024","format":false,"excerpt":"","rel":"","context":"Similar post","block_context":{"text":"Similar post","link":""},"img":{"alt_text":"","src":"","width":0,"height":0},"classes":[]},{"id":32855,"url":"https:\/\/sakaba.mghosteur.com\/en\/product\/dermablend-cover-cremeolive-brown-70w\/","url_meta":{"origin":32849,"position":2},"title":"DERMABLEND COVER CREMEOLIVE BROWN 70W","author":"admin","date":"May 16, 2024","format":false,"excerpt":"","rel":"","context":"Similar post","block_context":{"text":"Similar post","link":""},"img":{"alt_text":"","src":"","width":0,"height":0},"classes":[]},{"id":33805,"url":"https:\/\/sakaba.mghosteur.com\/en\/product\/juvia-s-place-bronzed-sunkissed\/","url_meta":{"origin":32849,"position":3},"title":"JUVIA S PLACE BRONZED SUNKISSED","author":"admin","date":"May 23, 2024","format":false,"excerpt":"Cr\u00e8me bronzante JUVIA'S PLACE Bronzed Cream Bronzer, votre ticket ultime pour un teint ensoleill\u00e9 et radieux toute l'ann\u00e9e. Am\u00e9liorez votre routine de maquillage avec cette luxueuse cr\u00e8me bronzante qui offre sans effort un \u00e9clat naturel et illumin\u00e9 de l'int\u00e9rieur.","rel":"","context":"Similar post","block_context":{"text":"Similar post","link":""},"img":{"alt_text":"","src":"","width":0,"height":0},"classes":[]},{"id":32867,"url":"https:\/\/sakaba.mghosteur.com\/en\/product\/dermablend-poudre-intense-cocoa\/","url_meta":{"origin":32849,"position":4},"title":"DERMABLEND POUDRE INTENSE COCOA","author":"admin","date":"May 16, 2024","format":false,"excerpt":"","rel":"","context":"Similar post","block_context":{"text":"Similar post","link":""},"img":{"alt_text":"","src":"","width":0,"height":0},"classes":[]},{"id":32864,"url":"https:\/\/sakaba.mghosteur.com\/en\/product\/dermablend-poudre-intense-caramel-35c\/","url_meta":{"origin":32849,"position":5},"title":"DERMABLEND POUDRE INTENSE CARAMEL 35C","author":"admin","date":"May 16, 2024","format":false,"excerpt":"","rel":"","context":"Similar post","block_context":{"text":"Similar post","link":""},"img":{"alt_text":"","src":"","width":0,"height":0},"classes":[]}],"_links":{"self":[{"href":"https:\/\/sakaba.mghosteur.com\/en\/wp-json\/wp\/v2\/product\/32849","targetHints":{"allow":["GET"]}}],"collection":[{"href":"https:\/\/sakaba.mghosteur.com\/en\/wp-json\/wp\/v2\/product"}],"about":[{"href":"https:\/\/sakaba.mghosteur.com\/en\/wp-json\/wp\/v2\/types\/product"}],"replies":[{"embeddable":true,"href":"https:\/\/sakaba.mghosteur.com\/en\/wp-json\/wp\/v2\/comments?post=32849"}],"version-history":[{"count":0,"href":"https:\/\/sakaba.mghosteur.com\/en\/wp-json\/wp\/v2\/product\/32849\/revisions"}],"wp:attachment":[{"href":"https:\/\/sakaba.mghosteur.com\/en\/wp-json\/wp\/v2\/media?parent=32849"}],"wp:term":[{"taxonomy":"product_brand","embeddable":true,"href":"https:\/\/sakaba.mghosteur.com\/en\/wp-json\/wp\/v2\/product_brand?post=32849"},{"taxonomy":"product_cat","embeddable":true,"href":"https:\/\/sakaba.mghosteur.com\/en\/wp-json\/wp\/v2\/product_cat?post=32849"},{"taxonomy":"product_tag","embeddable":true,"href":"https:\/\/sakaba.mghosteur.com\/en\/wp-json\/wp\/v2\/product_tag?post=32849"}],"curies":[{"name":"wp","href":"https:\/\/api.w.org\/{rel}","templated":true}]}}