{"id":32852,"date":"2024-05-16T15:37:19","date_gmt":"2024-05-16T15:37:19","guid":{"rendered":"https:\/\/sakaba.mghosteur.com\/?post_type=product&#038;p=32852"},"modified":"2024-05-16T15:37:20","modified_gmt":"2024-05-16T15:37:20","slug":"dermablend-cover-creme-honey-beige-50c","status":"publish","type":"product","link":"https:\/\/sakaba.mghosteur.com\/en\/product\/dermablend-cover-creme-honey-beige-50c\/","title":{"rendered":"DERMABLEND COVER CREME HONEY BEIGE 50C"},"content":{"rendered":"","protected":false},"excerpt":{"rendered":"","protected":false},"featured_media":0,"comment_status":"open","ping_status":"closed","template":"","meta":[],"product_brand":[1044],"product_cat":[377],"product_tag":[],"class_list":{"0":"post-32852","1":"product","2":"type-product","3":"status-publish","5":"product_brand-dermablend","6":"product_cat-bath-body-works","8":"first","9":"instock","10":"shipping-taxable","11":"product-type-simple"},"jetpack-related-posts":[{"id":32846,"url":"https:\/\/sakaba.mghosteur.com\/en\/product\/dermablend-cover-creme-golden-beige-4-on\/","url_meta":{"origin":32852,"position":0},"title":"DERMABLEND COVER CREME GOLDEN BEIGE 4 ON","author":"admin","date":"May 16, 2024","format":false,"excerpt":"","rel":"","context":"Similar post","block_context":{"text":"Similar post","link":""},"img":{"alt_text":"","src":"","width":0,"height":0},"classes":[]},{"id":32849,"url":"https:\/\/sakaba.mghosteur.com\/en\/product\/dermablend-cover-creme-golden-bronze-65w-chroma-4\/","url_meta":{"origin":32852,"position":1},"title":"DERMABLEND COVER CREME GOLDEN BRONZE 65W CHROMA 4","author":"admin","date":"May 16, 2024","format":false,"excerpt":"","rel":"","context":"Similar post","block_context":{"text":"Similar post","link":""},"img":{"alt_text":"","src":"","width":0,"height":0},"classes":[]},{"id":32855,"url":"https:\/\/sakaba.mghosteur.com\/en\/product\/dermablend-cover-cremeolive-brown-70w\/","url_meta":{"origin":32852,"position":2},"title":"DERMABLEND COVER CREMEOLIVE BROWN 70W","author":"admin","date":"May 16, 2024","format":false,"excerpt":"","rel":"","context":"Similar post","block_context":{"text":"Similar post","link":""},"img":{"alt_text":"","src":"","width":0,"height":0},"classes":[]},{"id":36851,"url":"https:\/\/sakaba.mghosteur.com\/en\/product\/medix-5-5-coconut-oil-manuka-honey-444ml\/","url_meta":{"origin":32852,"position":3},"title":"MEDIX 5.5 COCONUT OIL + MANUKA HONEY 444ML","author":"admin","date":"September 12, 2024","format":false,"excerpt":"Cr\u00e8me pour le corps Replenish & Recover 15oz Plongez dans le bonheur avec notre luxueuse cr\u00e8me pour le corps infus\u00e9e de l'essence tropicale de l'huile de coco et de la touche dor\u00e9e du miel de Manuka. Riche en antioxydants et en acides gras essentiels, l'huile de coco et le miel\u2026","rel":"","context":"Similar post","block_context":{"text":"Similar post","link":""},"img":{"alt_text":"","src":"","width":0,"height":0},"classes":[]},{"id":31587,"url":"https:\/\/sakaba.mghosteur.com\/en\/product\/cosrx-propolis-honey-overnignt-mask\/","url_meta":{"origin":32852,"position":4},"title":"COSRX PROPOLIS HONEY OVERNIGNT MASK","author":"admin","date":"May 10, 2024","format":false,"excerpt":"D\u00e9couvrez le Masque Hydratant Full Fit Propolis Honey Overnight. Ce produit polyvalent vous offre une exp\u00e9rience 3 en 1 : il peut \u00eatre utilis\u00e9 comme masque de nuit, comme cr\u00e8me hydratante ou comme masque lavable. Gr\u00e2ce \u00e0 sa formule enrichie de plus de 70 % d'extrait de propolis et de\u2026","rel":"","context":"Similar post","block_context":{"text":"Similar post","link":""},"img":{"alt_text":"","src":"","width":0,"height":0},"classes":[]},{"id":34307,"url":"https:\/\/sakaba.mghosteur.com\/en\/product\/aleve-220mg-50c\/","url_meta":{"origin":32852,"position":5},"title":"ALEVE 220MG 50C","author":"admin","date":"May 28, 2024","format":false,"excerpt":"","rel":"","context":"Similar post","block_context":{"text":"Similar post","link":""},"img":{"alt_text":"","src":"","width":0,"height":0},"classes":[]}],"_links":{"self":[{"href":"https:\/\/sakaba.mghosteur.com\/en\/wp-json\/wp\/v2\/product\/32852","targetHints":{"allow":["GET"]}}],"collection":[{"href":"https:\/\/sakaba.mghosteur.com\/en\/wp-json\/wp\/v2\/product"}],"about":[{"href":"https:\/\/sakaba.mghosteur.com\/en\/wp-json\/wp\/v2\/types\/product"}],"replies":[{"embeddable":true,"href":"https:\/\/sakaba.mghosteur.com\/en\/wp-json\/wp\/v2\/comments?post=32852"}],"version-history":[{"count":0,"href":"https:\/\/sakaba.mghosteur.com\/en\/wp-json\/wp\/v2\/product\/32852\/revisions"}],"wp:attachment":[{"href":"https:\/\/sakaba.mghosteur.com\/en\/wp-json\/wp\/v2\/media?parent=32852"}],"wp:term":[{"taxonomy":"product_brand","embeddable":true,"href":"https:\/\/sakaba.mghosteur.com\/en\/wp-json\/wp\/v2\/product_brand?post=32852"},{"taxonomy":"product_cat","embeddable":true,"href":"https:\/\/sakaba.mghosteur.com\/en\/wp-json\/wp\/v2\/product_cat?post=32852"},{"taxonomy":"product_tag","embeddable":true,"href":"https:\/\/sakaba.mghosteur.com\/en\/wp-json\/wp\/v2\/product_tag?post=32852"}],"curies":[{"name":"wp","href":"https:\/\/api.w.org\/{rel}","templated":true}]}}