{"id":32874,"date":"2024-05-16T15:43:46","date_gmt":"2024-05-16T15:43:46","guid":{"rendered":"https:\/\/sakaba.mghosteur.com\/?post_type=product&#038;p=32874"},"modified":"2024-05-16T15:43:46","modified_gmt":"2024-05-16T15:43:46","slug":"differen-cleanser-dailydeep","status":"publish","type":"product","link":"https:\/\/sakaba.mghosteur.com\/en\/product\/differen-cleanser-dailydeep\/","title":{"rendered":"DIFFEREN CLEANSER DAILYDEEP"},"content":{"rendered":"","protected":false},"excerpt":{"rendered":"","protected":false},"featured_media":0,"comment_status":"open","ping_status":"closed","template":"","meta":[],"product_brand":[837],"product_cat":[377],"product_tag":[],"class_list":{"0":"post-32874","1":"product","2":"type-product","3":"status-publish","5":"product_brand-differin","6":"product_cat-bath-body-works","8":"first","9":"instock","10":"shipping-taxable","11":"product-type-simple"},"jetpack-related-posts":[{"id":24730,"url":"https:\/\/sakaba.mghosteur.com\/en\/product\/differin-cleanser-dailydeep\/","url_meta":{"origin":32874,"position":0},"title":"DIFFERIN CLEANSER DAILY DEEP","author":"admin","date":"November 10, 2022","format":false,"excerpt":"Le nettoyant quotidien en profondeur offre la puissance du peroxyde de benzoyle, mais avec moins d'irritation et de rougeurs. Contient 5 % de peroxyde de benzoyle qui p\u00e9n\u00e8tre profond\u00e9ment dans les pores pour traiter et pr\u00e9venir l'acn\u00e9 Formule micronis\u00e9e \u00e0 double action qui s'est av\u00e9r\u00e9e moins irritante que les formules\u2026","rel":"","context":"Similar post","block_context":{"text":"Similar post","link":""},"img":{"alt_text":"","src":"","width":0,"height":0},"classes":[]},{"id":24747,"url":"https:\/\/sakaba.mghosteur.com\/en\/product\/differen-detox-soothe\/","url_meta":{"origin":32874,"position":1},"title":"DIFFEREN DETOX + SOOTHE","author":"admin","date":"November 10, 2022","format":false,"excerpt":"","rel":"","context":"Similar post","block_context":{"text":"Similar post","link":""},"img":{"alt_text":"","src":"","width":0,"height":0},"classes":[]},{"id":24736,"url":"https:\/\/sakaba.mghosteur.com\/en\/product\/differen-moisturizer-oil-absorbing\/","url_meta":{"origin":32874,"position":2},"title":"DIFFEREN MOISTURIZER OIL ABSORBING","author":"admin","date":"November 10, 2022","format":false,"excerpt":"","rel":"","context":"Similar post","block_context":{"text":"Similar post","link":""},"img":{"alt_text":"","src":"","width":0,"height":0},"classes":[]},{"id":24745,"url":"https:\/\/sakaba.mghosteur.com\/en\/product\/differen-gel-acne-treatment\/","url_meta":{"origin":32874,"position":3},"title":"DIFFEREN GEL ACNE TREATMENT","author":"admin","date":"November 10, 2022","format":false,"excerpt":"","rel":"","context":"Similar post","block_context":{"text":"Similar post","link":""},"img":{"alt_text":"","src":"","width":0,"height":0},"classes":[]},{"id":32877,"url":"https:\/\/sakaba.mghosteur.com\/en\/product\/differen-gel-acne-treatment-adapalene-gel-01\/","url_meta":{"origin":32874,"position":4},"title":"DIFFEREN GEL ACNE TREATMENT ADAPALENE GEL 0,1%","author":"admin","date":"May 16, 2024","format":false,"excerpt":"","rel":"","context":"Similar post","block_context":{"text":"Similar post","link":""},"img":{"alt_text":"","src":"","width":0,"height":0},"classes":[]},{"id":27523,"url":"https:\/\/sakaba.mghosteur.com\/en\/product\/glycolic-acid-cleanser\/","url_meta":{"origin":32874,"position":5},"title":"GLYCOLIC ACID CLEANSER","author":"admin","date":"November 29, 2022","format":false,"excerpt":"","rel":"","context":"Similar post","block_context":{"text":"Similar post","link":""},"img":{"alt_text":"","src":"","width":0,"height":0},"classes":[]}],"_links":{"self":[{"href":"https:\/\/sakaba.mghosteur.com\/en\/wp-json\/wp\/v2\/product\/32874","targetHints":{"allow":["GET"]}}],"collection":[{"href":"https:\/\/sakaba.mghosteur.com\/en\/wp-json\/wp\/v2\/product"}],"about":[{"href":"https:\/\/sakaba.mghosteur.com\/en\/wp-json\/wp\/v2\/types\/product"}],"replies":[{"embeddable":true,"href":"https:\/\/sakaba.mghosteur.com\/en\/wp-json\/wp\/v2\/comments?post=32874"}],"version-history":[{"count":0,"href":"https:\/\/sakaba.mghosteur.com\/en\/wp-json\/wp\/v2\/product\/32874\/revisions"}],"wp:attachment":[{"href":"https:\/\/sakaba.mghosteur.com\/en\/wp-json\/wp\/v2\/media?parent=32874"}],"wp:term":[{"taxonomy":"product_brand","embeddable":true,"href":"https:\/\/sakaba.mghosteur.com\/en\/wp-json\/wp\/v2\/product_brand?post=32874"},{"taxonomy":"product_cat","embeddable":true,"href":"https:\/\/sakaba.mghosteur.com\/en\/wp-json\/wp\/v2\/product_cat?post=32874"},{"taxonomy":"product_tag","embeddable":true,"href":"https:\/\/sakaba.mghosteur.com\/en\/wp-json\/wp\/v2\/product_tag?post=32874"}],"curies":[{"name":"wp","href":"https:\/\/api.w.org\/{rel}","templated":true}]}}