{"id":32877,"date":"2024-05-16T15:44:36","date_gmt":"2024-05-16T15:44:36","guid":{"rendered":"https:\/\/sakaba.mghosteur.com\/?post_type=product&#038;p=32877"},"modified":"2024-05-16T15:44:36","modified_gmt":"2024-05-16T15:44:36","slug":"differen-gel-acne-treatment-adapalene-gel-01","status":"publish","type":"product","link":"https:\/\/sakaba.mghosteur.com\/en\/product\/differen-gel-acne-treatment-adapalene-gel-01\/","title":{"rendered":"DIFFEREN GEL ACNE TREATMENT ADAPALENE GEL 0,1%"},"content":{"rendered":"","protected":false},"excerpt":{"rendered":"","protected":false},"featured_media":0,"comment_status":"open","ping_status":"closed","template":"","meta":[],"product_brand":[837],"product_cat":[377],"product_tag":[],"class_list":{"0":"post-32877","1":"product","2":"type-product","3":"status-publish","5":"product_brand-differin","6":"product_cat-bath-body-works","8":"first","9":"instock","10":"shipping-taxable","11":"product-type-simple"},"jetpack-related-posts":[{"id":24745,"url":"https:\/\/sakaba.mghosteur.com\/en\/product\/differen-gel-acne-treatment\/","url_meta":{"origin":32877,"position":0},"title":"DIFFEREN GEL ACNE TREATMENT","author":"admin","date":"November 10, 2022","format":false,"excerpt":"","rel":"","context":"Similar post","block_context":{"text":"Similar post","link":""},"img":{"alt_text":"","src":"","width":0,"height":0},"classes":[]},{"id":26581,"url":"https:\/\/sakaba.mghosteur.com\/en\/product\/adapalene-gel-0-1-w-w-aqueous-gel\/","url_meta":{"origin":32877,"position":1},"title":"ADAPALENE GEL 0.1% W\/W AQUEOUS GEL","author":"admin","date":"November 25, 2022","format":false,"excerpt":"","rel":"","context":"Similar post","block_context":{"text":"Similar post","link":""},"img":{"alt_text":"","src":"","width":0,"height":0},"classes":[]},{"id":27564,"url":"https:\/\/sakaba.mghosteur.com\/en\/product\/acne-treatment-gel\/","url_meta":{"origin":32877,"position":2},"title":"ACNE TREATMENT GEL","author":"admin","date":"November 29, 2022","format":false,"excerpt":"","rel":"","context":"Similar post","block_context":{"text":"Similar post","link":""},"img":{"alt_text":"","src":"","width":0,"height":0},"classes":[]},{"id":33957,"url":"https:\/\/sakaba.mghosteur.com\/en\/product\/alba-botanica-invisible-acne-treatment-gel\/","url_meta":{"origin":32877,"position":3},"title":"ALBA BOTANICA INVISIBLE ACNE TREATMENT GEL","author":"admin","date":"May 24, 2024","format":false,"excerpt":"","rel":"","context":"Similar post","block_context":{"text":"Similar post","link":""},"img":{"alt_text":"","src":"","width":0,"height":0},"classes":[]},{"id":34444,"url":"https:\/\/sakaba.mghosteur.com\/en\/product\/tretinoin-gel-usp-0-1-w-w\/","url_meta":{"origin":32877,"position":4},"title":"TRETINOIN GEL USP 0.1% W\/W","author":"admin","date":"May 28, 2024","format":false,"excerpt":"Traitement de l'acn\u00e9 Le gel A-Ret 0,1 % est une forme de vitamine A. Il aide \u00e0 traiter l'acn\u00e9 en nettoyant les pores de la peau et en emp\u00eachant l'apparition de taches ou de boutons. Il faut g\u00e9n\u00e9ralement plusieurs semaines pour obtenir un effet notable, alors continuez \u00e0 l'utiliser m\u00eame\u2026","rel":"","context":"Similar post","block_context":{"text":"Similar post","link":""},"img":{"alt_text":"","src":"","width":0,"height":0},"classes":[]},{"id":23934,"url":"https:\/\/sakaba.mghosteur.com\/en\/product\/cerave-acne-control-gel-2-salicylic-acid\/","url_meta":{"origin":32877,"position":5},"title":"CERAVE : ACNE CONTROL GEL 2% SALICYLIC ACID","author":"admin","date":"November 9, 2022","format":false,"excerpt":"Le gel anti-acn\u00e9 hydratant CeraVe Acne Control Gel est la solution compl\u00e8te pour traiter l'acn\u00e9 et pr\u00e9venir les \u00e9ruptions cutan\u00e9es futures. Avec sa formule l\u00e9g\u00e8re et non ass\u00e9chante, il est parfait pour une utilisation quotidienne et convient \u00e0 tous les types de peau, m\u00eame les plus sensibles. Enrichi en acides\u2026","rel":"","context":"Similar post","block_context":{"text":"Similar post","link":""},"img":{"alt_text":"","src":"","width":0,"height":0},"classes":[]}],"_links":{"self":[{"href":"https:\/\/sakaba.mghosteur.com\/en\/wp-json\/wp\/v2\/product\/32877","targetHints":{"allow":["GET"]}}],"collection":[{"href":"https:\/\/sakaba.mghosteur.com\/en\/wp-json\/wp\/v2\/product"}],"about":[{"href":"https:\/\/sakaba.mghosteur.com\/en\/wp-json\/wp\/v2\/types\/product"}],"replies":[{"embeddable":true,"href":"https:\/\/sakaba.mghosteur.com\/en\/wp-json\/wp\/v2\/comments?post=32877"}],"version-history":[{"count":0,"href":"https:\/\/sakaba.mghosteur.com\/en\/wp-json\/wp\/v2\/product\/32877\/revisions"}],"wp:attachment":[{"href":"https:\/\/sakaba.mghosteur.com\/en\/wp-json\/wp\/v2\/media?parent=32877"}],"wp:term":[{"taxonomy":"product_brand","embeddable":true,"href":"https:\/\/sakaba.mghosteur.com\/en\/wp-json\/wp\/v2\/product_brand?post=32877"},{"taxonomy":"product_cat","embeddable":true,"href":"https:\/\/sakaba.mghosteur.com\/en\/wp-json\/wp\/v2\/product_cat?post=32877"},{"taxonomy":"product_tag","embeddable":true,"href":"https:\/\/sakaba.mghosteur.com\/en\/wp-json\/wp\/v2\/product_tag?post=32877"}],"curies":[{"name":"wp","href":"https:\/\/api.w.org\/{rel}","templated":true}]}}