{"id":32880,"date":"2024-05-16T15:45:51","date_gmt":"2024-05-16T15:45:51","guid":{"rendered":"https:\/\/sakaba.mghosteur.com\/?post_type=product&#038;p=32880"},"modified":"2024-09-01T13:20:20","modified_gmt":"2024-09-01T13:20:20","slug":"differin-acne-clearing-body-scrub","status":"publish","type":"product","link":"https:\/\/sakaba.mghosteur.com\/en\/product\/differin-acne-clearing-body-scrub\/","title":{"rendered":"DIFFERIN ACNE CLEARING BODY SCRUB"},"content":{"rendered":"<p>Traitement contre l&#8217;acn\u00e9 Cleanse2% d&#8217;acide salicylique Utilis\u00e9 quotidiennement, il aide \u00e0 \u00e9liminer les \u00e9ruptions cutan\u00e9es. Contient de l&#8217;acide glycolique pour exfolier et lisser en douceur. Vitamine E pour nourrir et apaiser la peau Formul\u00e9 avec de l&#8217;acide salicylique, ce gommage corporel \u00e9limine l&#8217;acn\u00e9 qui peut appara\u00eetre sur le dos, les \u00e9paules et la poitrine. Assez doux pour un usage quotidien. Utilisations : Pour la gestion de l&#8217;acn\u00e9<\/p>","protected":false},"excerpt":{"rendered":"<p>Traitement contre l&#8217;acn\u00e9 Cleanse2% d&#8217;acide salicylique Utilis\u00e9 quotidiennement, il aide \u00e0 \u00e9liminer les \u00e9ruptions cutan\u00e9es. Contient de l&#8217;acide glycolique pour exfolier et lisser en douceur. Vitamine E pour nourrir et apaiser la peau Formul\u00e9 avec de l&#8217;acide salicylique, ce gommage corporel \u00e9limine l&#8217;acn\u00e9 qui peut appara\u00eetre sur le dos, les \u00e9paules et la poitrine. Assez<span class=\"read-more-faq\"><a href=\"https:\/\/sakaba.mghosteur.com\/en\/product\/differin-acne-clearing-body-scrub\/\">Read More<\/a><\/span><\/p>","protected":false},"featured_media":0,"comment_status":"open","ping_status":"closed","template":"","meta":[],"product_brand":[837],"product_cat":[294,358,447],"product_tag":[],"class_list":{"0":"post-32880","1":"product","2":"type-product","3":"status-publish","5":"product_brand-differin","6":"product_cat-acne","7":"product_cat-bain-douche","8":"product_cat-aac-bain-et-corps","10":"first","11":"instock","12":"shipping-taxable","13":"product-type-simple"},"jetpack-related-posts":[{"id":29485,"url":"https:\/\/sakaba.mghosteur.com\/en\/product\/cosrx-salicylic-acid-daily-gentle-cleanser\/","url_meta":{"origin":32880,"position":0},"title":"COSRX SALICYLIC ACID DAILY GENTLE CLEANSER","author":"admin","date":"April 6, 2023","format":false,"excerpt":"Le Nettoyant doux quotidien \u00e0 l'acide salicylique est un produit qui nettoie en douceur la peau sans la dess\u00e9cher. Il utilise de l'acide salicylique pour \u00e9liminer les impuret\u00e9s et l'exc\u00e8s de s\u00e9bum tout en luttant contre l'acn\u00e9 et les imperfections. Ce nettoyant laisse la peau douce et lisse sans sensation\u2026","rel":"","context":"Similar post","block_context":{"text":"Similar post","link":""},"img":{"alt_text":"","src":"","width":0,"height":0},"classes":[]},{"id":30347,"url":"https:\/\/sakaba.mghosteur.com\/en\/product\/neutrogena-oil-free-acne-wash-scrub\/","url_meta":{"origin":32880,"position":1},"title":"NEUTROGENA OIL FREE ACNE WASH SCRUB","author":"admin","date":"May 8, 2023","format":false,"excerpt":"Le Nettoyant Moussant pour le Visage Anti-acn\u00e9 Neutrogena au Pamplemousse Rose est un gommage facial moussant con\u00e7u pour aider \u00e0 traiter les \u00e9ruptions cutan\u00e9es tout en exfoliant en douceur votre peau. Il est formul\u00e9 avec une technologie MicroClear et un m\u00e9dicament contre l'acn\u00e9 \u00e0 l'acide salicylique de force maximale pour\u2026","rel":"","context":"Similar post","block_context":{"text":"Similar post","link":""},"img":{"alt_text":"","src":"","width":0,"height":0},"classes":[]},{"id":30389,"url":"https:\/\/sakaba.mghosteur.com\/en\/product\/neutrogena-stubborn-texture\/","url_meta":{"origin":32880,"position":2},"title":"NEUTROGENA STUBBORN TEXTURE","author":"admin","date":"May 10, 2023","format":false,"excerpt":"D\u00e9couvrez le Nettoyant anti-acn\u00e9 Stubborn Texture de la marque Neutrogena pour lutter contre l'acn\u00e9 tenace et am\u00e9liorer la texture de votre peau. Ce nettoyant quotidien sans huile contient un complexe acide de qualit\u00e9 dermatologique, compos\u00e9 de 1 % d'acide salicylique (BHA), 2 % d'acide glycolique (AHA) et 2 % d'acide\u2026","rel":"","context":"Similar post","block_context":{"text":"Similar post","link":""},"img":{"alt_text":"","src":"","width":0,"height":0},"classes":[]},{"id":24352,"url":"https:\/\/sakaba.mghosteur.com\/en\/product\/neutrogena-rapid-clear-acne-eliminating-spot-gel\/","url_meta":{"origin":32880,"position":3},"title":"NEUTROGENA RAPID CLEAR ACNE ELIMINATING SPOT GEL","author":"admin","date":"November 10, 2022","format":false,"excerpt":"D\u00e9couvrez le traitement rapide et transparent de l'acn\u00e9 \u00e0 l'acide salicylique avec hamam\u00e9lis de la marque Neutrogena. Ce gel contre l'acn\u00e9 est l'ajout parfait \u00e0 votre routine de soins de la peau pour pr\u00e9venir et traiter les boutons. Con\u00e7u pour les peaux sujettes \u00e0 l'acn\u00e9, il \u00e9limine rapidement les \u00e9ruptions\u2026","rel":"","context":"Similar post","block_context":{"text":"Similar post","link":""},"img":{"alt_text":"","src":"","width":0,"height":0},"classes":[]},{"id":27367,"url":"https:\/\/sakaba.mghosteur.com\/en\/product\/the-inkey-list-succinic-acid-acne-treatment\/","url_meta":{"origin":32880,"position":4},"title":"THE INKEY LIST SUCCINIC ACID ACNE TREATMENT","author":"admin","date":"November 29, 2022","format":false,"excerpt":"Si vous cherchez un traitement efficace contre l'acn\u00e9, ne cherchez plus ! Le traitement \u00e0 l'acide succinique de la marque The Inkey List est l\u00e0 pour vous. Gr\u00e2ce \u00e0 sa formule douce et non ass\u00e9chante, il vous aidera \u00e0 \u00e9liminer rapidement les imperfections, r\u00e9duire l'inflammation et pr\u00e9venir l'obstruction des pores.\u2026","rel":"","context":"Similar post","block_context":{"text":"Similar post","link":""},"img":{"alt_text":"","src":"","width":0,"height":0},"classes":[]},{"id":23934,"url":"https:\/\/sakaba.mghosteur.com\/en\/product\/cerave-acne-control-gel-2-salicylic-acid\/","url_meta":{"origin":32880,"position":5},"title":"CERAVE : ACNE CONTROL GEL 2% SALICYLIC ACID","author":"admin","date":"November 9, 2022","format":false,"excerpt":"Le gel anti-acn\u00e9 hydratant CeraVe Acne Control Gel est la solution compl\u00e8te pour traiter l'acn\u00e9 et pr\u00e9venir les \u00e9ruptions cutan\u00e9es futures. Avec sa formule l\u00e9g\u00e8re et non ass\u00e9chante, il est parfait pour une utilisation quotidienne et convient \u00e0 tous les types de peau, m\u00eame les plus sensibles. Enrichi en acides\u2026","rel":"","context":"Similar post","block_context":{"text":"Similar post","link":""},"img":{"alt_text":"","src":"","width":0,"height":0},"classes":[]}],"_links":{"self":[{"href":"https:\/\/sakaba.mghosteur.com\/en\/wp-json\/wp\/v2\/product\/32880","targetHints":{"allow":["GET"]}}],"collection":[{"href":"https:\/\/sakaba.mghosteur.com\/en\/wp-json\/wp\/v2\/product"}],"about":[{"href":"https:\/\/sakaba.mghosteur.com\/en\/wp-json\/wp\/v2\/types\/product"}],"replies":[{"embeddable":true,"href":"https:\/\/sakaba.mghosteur.com\/en\/wp-json\/wp\/v2\/comments?post=32880"}],"version-history":[{"count":0,"href":"https:\/\/sakaba.mghosteur.com\/en\/wp-json\/wp\/v2\/product\/32880\/revisions"}],"wp:attachment":[{"href":"https:\/\/sakaba.mghosteur.com\/en\/wp-json\/wp\/v2\/media?parent=32880"}],"wp:term":[{"taxonomy":"product_brand","embeddable":true,"href":"https:\/\/sakaba.mghosteur.com\/en\/wp-json\/wp\/v2\/product_brand?post=32880"},{"taxonomy":"product_cat","embeddable":true,"href":"https:\/\/sakaba.mghosteur.com\/en\/wp-json\/wp\/v2\/product_cat?post=32880"},{"taxonomy":"product_tag","embeddable":true,"href":"https:\/\/sakaba.mghosteur.com\/en\/wp-json\/wp\/v2\/product_tag?post=32880"}],"curies":[{"name":"wp","href":"https:\/\/api.w.org\/{rel}","templated":true}]}}