{"id":32883,"date":"2024-05-16T15:48:02","date_gmt":"2024-05-16T15:48:02","guid":{"rendered":"https:\/\/sakaba.mghosteur.com\/?post_type=product&#038;p=32883"},"modified":"2024-08-31T19:29:11","modified_gmt":"2024-08-31T19:29:11","slug":"faded-brightening-clearing-gel-50-ml","status":"publish","type":"product","link":"https:\/\/sakaba.mghosteur.com\/en\/product\/faded-brightening-clearing-gel-50-ml\/","title":{"rendered":"FADED BRIGHTENING CLEARING GEL 50 ML"},"content":{"rendered":"","protected":false},"excerpt":{"rendered":"","protected":false},"featured_media":0,"comment_status":"open","ping_status":"closed","template":"","meta":[],"product_brand":[992],"product_cat":[293,291,451,334],"product_tag":[],"class_list":{"0":"post-32883","1":"product","2":"type-product","3":"status-publish","5":"product_brand-topicals","6":"product_cat-anti-taches","7":"product_cat-eclaircissant","8":"product_cat-aab-soin-du-visage","9":"product_cat-traitement-serum","11":"first","12":"instock","13":"shipping-taxable","14":"product-type-simple"},"jetpack-related-posts":[{"id":29363,"url":"https:\/\/sakaba.mghosteur.com\/en\/product\/faded-brightening-clearing-gel\/","url_meta":{"origin":32883,"position":0},"title":"FADED BRIGHTENING CLEARING GEL","author":"admin","date":"April 3, 2023","format":false,"excerpt":"Le S\u00e9rum Faded de la marque TOPICALS est un traitement s\u00fbr et efficace contre les taches brunes et la d\u00e9coloration de la peau. Il est con\u00e7u pour r\u00e9duire les marques post-imperfections, les cicatrices et les taches, quelle que soit la couleur de peau. Ce s\u00e9rum doux peut \u00eatre utilis\u00e9 quotidiennement\u2026","rel":"","context":"Similar post","block_context":{"text":"Similar post","link":""},"img":{"alt_text":"","src":"","width":0,"height":0},"classes":[]},{"id":32951,"url":"https:\/\/sakaba.mghosteur.com\/en\/product\/topicals-faded-brightening-clearing-serum-15-ml\/","url_meta":{"origin":32883,"position":1},"title":"TOPICALS FADED BRIGHTENING &amp; CLEARING SERUM 15 ML","author":"admin","date":"May 16, 2024","format":false,"excerpt":"","rel":"","context":"Similar post","block_context":{"text":"Similar post","link":""},"img":{"alt_text":"","src":"","width":0,"height":0},"classes":[]},{"id":29372,"url":"https:\/\/sakaba.mghosteur.com\/en\/product\/topicals-faded-brightening-clearing-eye-masks\/","url_meta":{"origin":32883,"position":2},"title":"TOPICALS FADED BRIGHTENING &amp; CLEARING EYE MASKS","author":"admin","date":"April 3, 2023","format":false,"excerpt":"D\u00e9couvrez Slick Salve de la marque TOPICALS - une pommade baume \u00e0 huile tout usage qui hydrate votre peau et maintient la s\u00e9cheresse \u00e0 l'\u00e9cart. Utilisez-la sur vos l\u00e8vres, vos cuticules ou toute zone dess\u00e9ch\u00e9e pour un soulagement instantan\u00e9. Appliquez une fine couche uniforme et r\u00e9appliquez au besoin pour une\u2026","rel":"","context":"Similar post","block_context":{"text":"Similar post","link":""},"img":{"alt_text":"","src":"","width":0,"height":0},"classes":[]},{"id":27568,"url":"https:\/\/sakaba.mghosteur.com\/en\/product\/brightening-clearing-brume-illuminant-et-purifiant-le-teint\/","url_meta":{"origin":32883,"position":3},"title":"BRIGHTENING &amp;CLEARING BRUME ILLUMINANT ET PURIFIANT LE TEINT","author":"admin","date":"November 29, 2022","format":false,"excerpt":"Dites adieu aux taches tenaces sur votre corps avec FADED | BRIGHTENING & CLEARING MIST de la marque TOPICALS. Cette brume corporelle d\u00e9licate est sp\u00e9cialement con\u00e7ue pour estomper l'apparence des cicatrices, des marques et des taches sombres, tout en laissant votre peau lisse et unifi\u00e9e. Profitez de l'odeur apaisante du\u2026","rel":"","context":"Similar post","block_context":{"text":"Similar post","link":""},"img":{"alt_text":"","src":"","width":0,"height":0},"classes":[]},{"id":27035,"url":"https:\/\/sakaba.mghosteur.com\/en\/product\/hyper-clear-brightening-clearing-vitamin-c-serum\/","url_meta":{"origin":32883,"position":4},"title":"HYPER CLEAR BRIGHTENING CLEARING VITAMIN C SERUM","author":"admin","date":"November 28, 2022","format":false,"excerpt":"","rel":"","context":"Similar post","block_context":{"text":"Similar post","link":""},"img":{"alt_text":"","src":"","width":0,"height":0},"classes":[]},{"id":31705,"url":"https:\/\/sakaba.mghosteur.com\/en\/product\/byoma-brightening-body-wash-500ml\/","url_meta":{"origin":32883,"position":5},"title":"BYOMA BRIGHTENING BODY WASH 500ML","author":"admin","date":"May 10, 2024","format":false,"excerpt":"D\u00e9couvrez ce Gel Douche \u00c9claircissant, un alli\u00e9 de choix pour illuminer et \u00e9quilibrer votre peau. Avec sa contenance g\u00e9n\u00e9reuse de 500 ml, ce nettoyant corporel offre une exp\u00e9rience luxueuse et efficace. Sa formule sp\u00e9ciale agit pour r\u00e9duire le teint terne, offrant ainsi des bienfaits \u00e9claircissants remarquables. D\u00e8s la premi\u00e8re utilisation,\u2026","rel":"","context":"Similar post","block_context":{"text":"Similar post","link":""},"img":{"alt_text":"","src":"","width":0,"height":0},"classes":[]}],"_links":{"self":[{"href":"https:\/\/sakaba.mghosteur.com\/en\/wp-json\/wp\/v2\/product\/32883","targetHints":{"allow":["GET"]}}],"collection":[{"href":"https:\/\/sakaba.mghosteur.com\/en\/wp-json\/wp\/v2\/product"}],"about":[{"href":"https:\/\/sakaba.mghosteur.com\/en\/wp-json\/wp\/v2\/types\/product"}],"replies":[{"embeddable":true,"href":"https:\/\/sakaba.mghosteur.com\/en\/wp-json\/wp\/v2\/comments?post=32883"}],"version-history":[{"count":0,"href":"https:\/\/sakaba.mghosteur.com\/en\/wp-json\/wp\/v2\/product\/32883\/revisions"}],"wp:attachment":[{"href":"https:\/\/sakaba.mghosteur.com\/en\/wp-json\/wp\/v2\/media?parent=32883"}],"wp:term":[{"taxonomy":"product_brand","embeddable":true,"href":"https:\/\/sakaba.mghosteur.com\/en\/wp-json\/wp\/v2\/product_brand?post=32883"},{"taxonomy":"product_cat","embeddable":true,"href":"https:\/\/sakaba.mghosteur.com\/en\/wp-json\/wp\/v2\/product_cat?post=32883"},{"taxonomy":"product_tag","embeddable":true,"href":"https:\/\/sakaba.mghosteur.com\/en\/wp-json\/wp\/v2\/product_tag?post=32883"}],"curies":[{"name":"wp","href":"https:\/\/api.w.org\/{rel}","templated":true}]}}