{"id":32909,"date":"2024-05-16T15:56:38","date_gmt":"2024-05-16T15:56:38","guid":{"rendered":"https:\/\/sakaba.mghosteur.com\/?post_type=product&#038;p=32909"},"modified":"2024-05-16T15:56:38","modified_gmt":"2024-05-16T15:56:38","slug":"nivea-nourishing-skin-firming","status":"publish","type":"product","link":"https:\/\/sakaba.mghosteur.com\/en\/product\/nivea-nourishing-skin-firming\/","title":{"rendered":"NIVEA NOURISHING SKIN FIRMING"},"content":{"rendered":"","protected":false},"excerpt":{"rendered":"","protected":false},"featured_media":0,"comment_status":"open","ping_status":"closed","template":"","meta":[],"product_brand":[932],"product_cat":[377],"product_tag":[],"class_list":{"0":"post-32909","1":"product","2":"type-product","3":"status-publish","5":"product_brand-nivea","6":"product_cat-bath-body-works","8":"first","9":"instock","10":"shipping-taxable","11":"product-type-simple"},"jetpack-related-posts":[{"id":24130,"url":"https:\/\/sakaba.mghosteur.com\/en\/product\/nivea-q10-skin-firming-hydration\/","url_meta":{"origin":32909,"position":0},"title":"NIVEA Q10 SKIN FIRMING HYDRATION","author":"admin","date":"November 9, 2022","format":false,"excerpt":"","rel":"","context":"Similar post","block_context":{"text":"Similar post","link":""},"img":{"alt_text":"","src":"","width":0,"height":0},"classes":[]},{"id":30040,"url":"https:\/\/sakaba.mghosteur.com\/en\/product\/jergens-oil-infused-skin-firming\/","url_meta":{"origin":32909,"position":1},"title":"JERGENS OIL INFUSED SKIN FIRMING","author":"admin","date":"May 2, 2023","format":false,"excerpt":"D\u00e9couvrez la Lotion pour le corps raffermissante de Jergens, con\u00e7ue pour les peaux s\u00e8ches et test\u00e9e par des dermatologues. Cette lotion est enrichie en collag\u00e8ne et \u00e9lastine pour aider \u00e0 raffermir la peau et lui donner une apparence plus lisse et tonique. Offrez \u00e0 votre peau une hydratation exceptionnelle avec\u2026","rel":"","context":"Similar post","block_context":{"text":"Similar post","link":""},"img":{"alt_text":"","src":"","width":0,"height":0},"classes":[]},{"id":24589,"url":"https:\/\/sakaba.mghosteur.com\/en\/product\/aveeno-calmrestore-for-sensitive-skin\/","url_meta":{"origin":32909,"position":2},"title":"AVEENO NOURISHING OAT CLEANSER","author":"admin","date":"November 10, 2022","format":false,"excerpt":"Le nettoyant visage nourrissant \u00e0 l'avoine Aveeno Calm + Restore nettoie et hydrate la peau. Id\u00e9al pour les peaux irrit\u00e9es et sensibles, ce gel nettoyant d'une marque de soins de la peau recommand\u00e9e par les dermatologues nettoie et purifie la peau tout en aidant \u00e0 pr\u00e9server sa barri\u00e8re d'hydratation. Ce\u2026","rel":"","context":"Similar post","block_context":{"text":"Similar post","link":""},"img":{"alt_text":"","src":"","width":0,"height":0},"classes":[]},{"id":32912,"url":"https:\/\/sakaba.mghosteur.com\/en\/product\/nivea-orchid-cashmere-extra\/","url_meta":{"origin":32909,"position":3},"title":"NIVEA ORCHID CASHMERE EXTRA","author":"admin","date":"May 16, 2024","format":false,"excerpt":"","rel":"","context":"Similar post","block_context":{"text":"Similar post","link":""},"img":{"alt_text":"","src":"","width":0,"height":0},"classes":[]},{"id":32915,"url":"https:\/\/sakaba.mghosteur.com\/en\/product\/nivea-uv-super-water-gel-50-spf-140g\/","url_meta":{"origin":32909,"position":4},"title":"NIVEA UV SUPER WATER GEL 50 SPF 140G","author":"admin","date":"May 16, 2024","format":false,"excerpt":"","rel":"","context":"Similar post","block_context":{"text":"Similar post","link":""},"img":{"alt_text":"","src":"","width":0,"height":0},"classes":[]},{"id":24655,"url":"https:\/\/sakaba.mghosteur.com\/en\/product\/nivea-welcome-sunshine-moisturizing-body-wash\/","url_meta":{"origin":32909,"position":5},"title":"NIVEA WELCOME SUNSHINE moisturizing body wash","author":"admin","date":"November 10, 2022","format":false,"excerpt":"","rel":"","context":"Similar post","block_context":{"text":"Similar post","link":""},"img":{"alt_text":"","src":"","width":0,"height":0},"classes":[]}],"_links":{"self":[{"href":"https:\/\/sakaba.mghosteur.com\/en\/wp-json\/wp\/v2\/product\/32909","targetHints":{"allow":["GET"]}}],"collection":[{"href":"https:\/\/sakaba.mghosteur.com\/en\/wp-json\/wp\/v2\/product"}],"about":[{"href":"https:\/\/sakaba.mghosteur.com\/en\/wp-json\/wp\/v2\/types\/product"}],"replies":[{"embeddable":true,"href":"https:\/\/sakaba.mghosteur.com\/en\/wp-json\/wp\/v2\/comments?post=32909"}],"version-history":[{"count":0,"href":"https:\/\/sakaba.mghosteur.com\/en\/wp-json\/wp\/v2\/product\/32909\/revisions"}],"wp:attachment":[{"href":"https:\/\/sakaba.mghosteur.com\/en\/wp-json\/wp\/v2\/media?parent=32909"}],"wp:term":[{"taxonomy":"product_brand","embeddable":true,"href":"https:\/\/sakaba.mghosteur.com\/en\/wp-json\/wp\/v2\/product_brand?post=32909"},{"taxonomy":"product_cat","embeddable":true,"href":"https:\/\/sakaba.mghosteur.com\/en\/wp-json\/wp\/v2\/product_cat?post=32909"},{"taxonomy":"product_tag","embeddable":true,"href":"https:\/\/sakaba.mghosteur.com\/en\/wp-json\/wp\/v2\/product_tag?post=32909"}],"curies":[{"name":"wp","href":"https:\/\/api.w.org\/{rel}","templated":true}]}}