{"id":32912,"date":"2024-05-16T15:57:32","date_gmt":"2024-05-16T15:57:32","guid":{"rendered":"https:\/\/sakaba.mghosteur.com\/?post_type=product&#038;p=32912"},"modified":"2024-05-16T15:57:32","modified_gmt":"2024-05-16T15:57:32","slug":"nivea-orchid-cashmere-extra","status":"publish","type":"product","link":"https:\/\/sakaba.mghosteur.com\/en\/product\/nivea-orchid-cashmere-extra\/","title":{"rendered":"NIVEA ORCHID CASHMERE EXTRA"},"content":{"rendered":"","protected":false},"excerpt":{"rendered":"","protected":false},"featured_media":0,"comment_status":"open","ping_status":"closed","template":"","meta":[],"product_brand":[932],"product_cat":[377],"product_tag":[],"class_list":{"0":"post-32912","1":"product","2":"type-product","3":"status-publish","5":"product_brand-nivea","6":"product_cat-bath-body-works","8":"first","9":"instock","10":"shipping-taxable","11":"product-type-simple"},"jetpack-related-posts":[{"id":32909,"url":"https:\/\/sakaba.mghosteur.com\/en\/product\/nivea-nourishing-skin-firming\/","url_meta":{"origin":32912,"position":0},"title":"NIVEA NOURISHING SKIN FIRMING","author":"admin","date":"May 16, 2024","format":false,"excerpt":"","rel":"","context":"Similar post","block_context":{"text":"Similar post","link":""},"img":{"alt_text":"","src":"","width":0,"height":0},"classes":[]},{"id":32915,"url":"https:\/\/sakaba.mghosteur.com\/en\/product\/nivea-uv-super-water-gel-50-spf-140g\/","url_meta":{"origin":32912,"position":1},"title":"NIVEA UV SUPER WATER GEL 50 SPF 140G","author":"admin","date":"May 16, 2024","format":false,"excerpt":"","rel":"","context":"Similar post","block_context":{"text":"Similar post","link":""},"img":{"alt_text":"","src":"","width":0,"height":0},"classes":[]},{"id":24130,"url":"https:\/\/sakaba.mghosteur.com\/en\/product\/nivea-q10-skin-firming-hydration\/","url_meta":{"origin":32912,"position":2},"title":"NIVEA Q10 SKIN FIRMING HYDRATION","author":"admin","date":"November 9, 2022","format":false,"excerpt":"","rel":"","context":"Similar post","block_context":{"text":"Similar post","link":""},"img":{"alt_text":"","src":"","width":0,"height":0},"classes":[]},{"id":24655,"url":"https:\/\/sakaba.mghosteur.com\/en\/product\/nivea-welcome-sunshine-moisturizing-body-wash\/","url_meta":{"origin":32912,"position":3},"title":"NIVEA WELCOME SUNSHINE moisturizing body wash","author":"admin","date":"November 10, 2022","format":false,"excerpt":"","rel":"","context":"Similar post","block_context":{"text":"Similar post","link":""},"img":{"alt_text":"","src":"","width":0,"height":0},"classes":[]},{"id":56175,"url":"https:\/\/sakaba.mghosteur.com\/en\/product\/eos-shea-better-cashmere-body-wash-vanilla-cashmere\/","url_meta":{"origin":32912,"position":4},"title":"eos Shea Better Cashmere Body Wash  Vanilla Cashmere","author":"Sope DIA","date":"January 2, 2026","format":false,"excerpt":"COMPL\u00c9TEZ VOTRE ROUTINE : Associez le gel douche eos \u00e0 notre lait corporel et \u00e0 notre huile corporelle pour une douche tout en douceur. VANILLE CACHEMIRE : Notre parfum doux et enveloppant Vanille Cachemire contient des notes de vanille fouett\u00e9e, de musc tendre et de caramel r\u00e9confortant. NOTRE PROMESSE :\u2026","rel":"","context":"Similar post","block_context":{"text":"Similar post","link":""},"img":{"alt_text":"","src":"","width":0,"height":0},"classes":[]},{"id":56187,"url":"https:\/\/sakaba.mghosteur.com\/en\/product\/eos-cashmere-body-oil-vanilla-cashmere\/","url_meta":{"origin":32912,"position":5},"title":"eos Cashmere Body Oil  Vanilla Cashmere","author":"Sope DIA","date":"January 2, 2026","format":false,"excerpt":"COMPLEXE DOUX CACHEMIRE : Notre formule d'huile corporelle Cachemire Vanille contient les beurres les plus naturellement hydratants et protecteurs pour une peau douce et velout\u00e9e comme du cachemire ; le beurre de karit\u00e9 adoucit et nourrit, le beurre de cacao hydrate tandis que le beurre d'argan apaise et lisse. HYDRATATION\u2026","rel":"","context":"Similar post","block_context":{"text":"Similar post","link":""},"img":{"alt_text":"","src":"","width":0,"height":0},"classes":[]}],"_links":{"self":[{"href":"https:\/\/sakaba.mghosteur.com\/en\/wp-json\/wp\/v2\/product\/32912","targetHints":{"allow":["GET"]}}],"collection":[{"href":"https:\/\/sakaba.mghosteur.com\/en\/wp-json\/wp\/v2\/product"}],"about":[{"href":"https:\/\/sakaba.mghosteur.com\/en\/wp-json\/wp\/v2\/types\/product"}],"replies":[{"embeddable":true,"href":"https:\/\/sakaba.mghosteur.com\/en\/wp-json\/wp\/v2\/comments?post=32912"}],"version-history":[{"count":0,"href":"https:\/\/sakaba.mghosteur.com\/en\/wp-json\/wp\/v2\/product\/32912\/revisions"}],"wp:attachment":[{"href":"https:\/\/sakaba.mghosteur.com\/en\/wp-json\/wp\/v2\/media?parent=32912"}],"wp:term":[{"taxonomy":"product_brand","embeddable":true,"href":"https:\/\/sakaba.mghosteur.com\/en\/wp-json\/wp\/v2\/product_brand?post=32912"},{"taxonomy":"product_cat","embeddable":true,"href":"https:\/\/sakaba.mghosteur.com\/en\/wp-json\/wp\/v2\/product_cat?post=32912"},{"taxonomy":"product_tag","embeddable":true,"href":"https:\/\/sakaba.mghosteur.com\/en\/wp-json\/wp\/v2\/product_tag?post=32912"}],"curies":[{"name":"wp","href":"https:\/\/api.w.org\/{rel}","templated":true}]}}