{"id":32915,"date":"2024-05-16T15:58:23","date_gmt":"2024-05-16T15:58:23","guid":{"rendered":"https:\/\/sakaba.mghosteur.com\/?post_type=product&#038;p=32915"},"modified":"2024-05-16T15:58:23","modified_gmt":"2024-05-16T15:58:23","slug":"nivea-uv-super-water-gel-50-spf-140g","status":"publish","type":"product","link":"https:\/\/sakaba.mghosteur.com\/en\/product\/nivea-uv-super-water-gel-50-spf-140g\/","title":{"rendered":"NIVEA UV SUPER WATER GEL 50 SPF 140G"},"content":{"rendered":"","protected":false},"excerpt":{"rendered":"","protected":false},"featured_media":0,"comment_status":"open","ping_status":"closed","template":"","meta":[],"product_brand":[932],"product_cat":[377],"product_tag":[],"class_list":{"0":"post-32915","1":"product","2":"type-product","3":"status-publish","5":"product_brand-nivea","6":"product_cat-bath-body-works","8":"first","9":"instock","10":"shipping-taxable","11":"product-type-simple"},"jetpack-related-posts":[{"id":25304,"url":"https:\/\/sakaba.mghosteur.com\/en\/product\/suncut-uv-perfect-gel-super-water-proof\/","url_meta":{"origin":32915,"position":0},"title":"SUNCUT UV  PERFECT GEL SUPER WATER PROOF","author":"admin","date":"November 14, 2022","format":false,"excerpt":"","rel":"","context":"Similar post","block_context":{"text":"Similar post","link":""},"img":{"alt_text":"","src":"","width":0,"height":0},"classes":[]},{"id":24596,"url":"https:\/\/sakaba.mghosteur.com\/en\/product\/uv-clear-broad-spectrum-spf-46\/","url_meta":{"origin":32915,"position":1},"title":"UV CLEAR BROAD SPECTRUM SPF 46","author":"admin","date":"November 10, 2022","format":false,"excerpt":"","rel":"","context":"Similar post","block_context":{"text":"Similar post","link":""},"img":{"alt_text":"","src":"","width":0,"height":0},"classes":[]},{"id":29273,"url":"https:\/\/sakaba.mghosteur.com\/en\/product\/sheer-mineral-sunscreen-spf-30\/","url_meta":{"origin":32915,"position":2},"title":"SHEER MINERAL SUNSCREEN SPF 30","author":"admin","date":"March 22, 2023","format":false,"excerpt":"D\u00e9couvrez l'\u00e9cran solaire min\u00e9ral transparent SPF 30 de Good Molecules, con\u00e7u pour prot\u00e9ger votre peau des rayons UV nocifs tout en la nourrissant avec des ingr\u00e9dients hydratants et antioxydants. Sa formule l\u00e9g\u00e8re est absorb\u00e9e rapidement et ne laisse aucun r\u00e9sidu gras, convient \u00e0 tous les types de peau et est\u2026","rel":"","context":"Similar post","block_context":{"text":"Similar post","link":""},"img":{"alt_text":"","src":"","width":0,"height":0},"classes":[]},{"id":25583,"url":"https:\/\/sakaba.mghosteur.com\/en\/product\/neutrogena-hydro-boost-water-gel-30-lotion-sunscreen\/","url_meta":{"origin":32915,"position":3},"title":"NEUTROGENA HYDRO BOOST WATER GEL 30 LOTION SUNSCREEN","author":"admin","date":"November 14, 2022","format":false,"excerpt":"La lotion Neutrogena Hydro Boost Water Gel avec FPS 30 est un \u00e9cran solaire haute performance qui offre une protection UVA\/UVB \u00e0 large spectre tout en hydratant votre peau en profondeur. Sa formule r\u00e9volutionnaire d\u00e9salt\u00e8re votre peau et la garde en bonne sant\u00e9 tout en vous prot\u00e9geant du soleil. Cette\u2026","rel":"","context":"Similar post","block_context":{"text":"Similar post","link":""},"img":{"alt_text":"","src":"","width":0,"height":0},"classes":[]},{"id":25358,"url":"https:\/\/sakaba.mghosteur.com\/en\/product\/pipette-mineral-sunscreen-broad-spectrum-spf-50\/","url_meta":{"origin":32915,"position":4},"title":"PIPETTE MINERAL SUNSCREEN BROAD SPECTRUM  SPF 50","author":"admin","date":"November 14, 2022","format":false,"excerpt":"Cr\u00e8me solaire pour b\u00e9b\u00e9 qui convient \u00e0 toute la famille, cette cr\u00e8me solaire min\u00e9rale FPS 50 \u00e0 m\u00e9langer prot\u00e8ge des rayons nocifs du soleil gr\u00e2ce \u00e0 de l'oxyde de zinc non nano 100 % min\u00e9ral. Cette cr\u00e8me solaire l\u00e9g\u00e8re et sans danger pour les b\u00e9b\u00e9s est fabriqu\u00e9e avec un squalane\u2026","rel":"","context":"Similar post","block_context":{"text":"Similar post","link":""},"img":{"alt_text":"","src":"","width":0,"height":0},"classes":[]},{"id":27583,"url":"https:\/\/sakaba.mghosteur.com\/en\/product\/beauty-of-joseonrelief-sun-rice-probiotcs-spf-50\/","url_meta":{"origin":32915,"position":5},"title":"BEAUTY OF JOSEON Relief Sun : Rice + Probiotics (SPF50+ PA++++)","author":"admin","date":"November 29, 2022","format":false,"excerpt":"D\u00e9couvrez le produit solaire organique Relief Sun de la marque Beauty of Joseon, enrichi avec 30 % d'extrait de riz et d'extraits de c\u00e9r\u00e9ales ferment\u00e9es pour une hydratation et une nutrition de la peau optimales. Sa texture l\u00e9g\u00e8re et cr\u00e9meuse ressemble \u00e0 une cr\u00e8me hydratante l\u00e9g\u00e8re qui ne colle pas\u2026","rel":"","context":"Similar post","block_context":{"text":"Similar post","link":""},"img":{"alt_text":"","src":"","width":0,"height":0},"classes":[]}],"_links":{"self":[{"href":"https:\/\/sakaba.mghosteur.com\/en\/wp-json\/wp\/v2\/product\/32915","targetHints":{"allow":["GET"]}}],"collection":[{"href":"https:\/\/sakaba.mghosteur.com\/en\/wp-json\/wp\/v2\/product"}],"about":[{"href":"https:\/\/sakaba.mghosteur.com\/en\/wp-json\/wp\/v2\/types\/product"}],"replies":[{"embeddable":true,"href":"https:\/\/sakaba.mghosteur.com\/en\/wp-json\/wp\/v2\/comments?post=32915"}],"version-history":[{"count":0,"href":"https:\/\/sakaba.mghosteur.com\/en\/wp-json\/wp\/v2\/product\/32915\/revisions"}],"wp:attachment":[{"href":"https:\/\/sakaba.mghosteur.com\/en\/wp-json\/wp\/v2\/media?parent=32915"}],"wp:term":[{"taxonomy":"product_brand","embeddable":true,"href":"https:\/\/sakaba.mghosteur.com\/en\/wp-json\/wp\/v2\/product_brand?post=32915"},{"taxonomy":"product_cat","embeddable":true,"href":"https:\/\/sakaba.mghosteur.com\/en\/wp-json\/wp\/v2\/product_cat?post=32915"},{"taxonomy":"product_tag","embeddable":true,"href":"https:\/\/sakaba.mghosteur.com\/en\/wp-json\/wp\/v2\/product_tag?post=32915"}],"curies":[{"name":"wp","href":"https:\/\/api.w.org\/{rel}","templated":true}]}}