{"id":32918,"date":"2024-05-16T15:59:44","date_gmt":"2024-05-16T15:59:44","guid":{"rendered":"https:\/\/sakaba.mghosteur.com\/?post_type=product&#038;p=32918"},"modified":"2024-05-16T15:59:44","modified_gmt":"2024-05-16T15:59:44","slug":"now-niacinamide-500mg","status":"publish","type":"product","link":"https:\/\/sakaba.mghosteur.com\/en\/product\/now-niacinamide-500mg\/","title":{"rendered":"NOW NIACINAMIDE 500MG"},"content":{"rendered":"","protected":false},"excerpt":{"rendered":"","protected":false},"featured_media":0,"comment_status":"open","ping_status":"closed","template":"","meta":[],"product_brand":[1042],"product_cat":[377],"product_tag":[],"class_list":{"0":"post-32918","1":"product","2":"type-product","3":"status-publish","5":"product_brand-now","6":"product_cat-bath-body-works","8":"first","9":"instock","10":"shipping-taxable","11":"product-type-simple"},"jetpack-related-posts":[{"id":24959,"url":"https:\/\/sakaba.mghosteur.com\/en\/product\/now-fenugreek-500mg\/","url_meta":{"origin":32918,"position":0},"title":"NOW FENUGREEK 500MG","author":"admin","date":"November 11, 2022","format":false,"excerpt":"","rel":"","context":"Similar post","block_context":{"text":"Similar post","link":""},"img":{"alt_text":"","src":"","width":0,"height":0},"classes":[]},{"id":24969,"url":"https:\/\/sakaba.mghosteur.com\/en\/product\/tylenol-acetaminophen-325comprimes-500mg\/","url_meta":{"origin":32918,"position":1},"title":"TYLENOL  acetaminophen 325COMPRIMES 500MG","author":"admin","date":"November 11, 2022","format":false,"excerpt":"","rel":"","context":"Similar post","block_context":{"text":"Similar post","link":""},"img":{"alt_text":"","src":"","width":0,"height":0},"classes":[]},{"id":25157,"url":"https:\/\/sakaba.mghosteur.com\/en\/product\/nature-made-calcium-500mg\/","url_meta":{"origin":32918,"position":2},"title":"NATURE MADE CALCIUM 500mg","author":"admin","date":"November 11, 2022","format":false,"excerpt":"","rel":"","context":"Similar post","block_context":{"text":"Similar post","link":""},"img":{"alt_text":"","src":"","width":0,"height":0},"classes":[]},{"id":23826,"url":"https:\/\/sakaba.mghosteur.com\/en\/product\/satin-skinz-hithion-plus\/","url_meta":{"origin":32918,"position":3},"title":"SATIN SKINZ HITHION PLUS","author":"admin","date":"November 8, 2022","format":false,"excerpt":"Le produit Satin Skinz Hithion Plus de la marque Satin Skin est une formule de blanchiment avanc\u00e9e, sp\u00e9cialement con\u00e7ue pour les peaux brunes \u00e0 tr\u00e8s fonc\u00e9es. Elle est dix fois plus puissante que le L-Glutathion et est formul\u00e9e avec des ingr\u00e9dients de haute qualit\u00e9 tels que la Pureway C, l'Appleh\u00e9non,\u2026","rel":"","context":"Similar post","block_context":{"text":"Similar post","link":""},"img":{"alt_text":"","src":"","width":0,"height":0},"classes":[]},{"id":30010,"url":"https:\/\/sakaba.mghosteur.com\/en\/product\/satin-skinz-b-beau-l-glutathione-500mg-capsule\/","url_meta":{"origin":32918,"position":4},"title":"SATIN SKINZ B BEAU L GLUTATHIONE 500MG CAPSULE","author":"admin","date":"May 2, 2023","format":false,"excerpt":"D\u00e9couvrez le B'beau L-Glutathion de Satin Skin, une g\u00e9lule qui aide \u00e0 am\u00e9liorer l'\u00e9tat de votre peau. Associ\u00e9 \u00e0 2 g\u00e9lules de B'beau Vitamine C Plus, ce compl\u00e9ment alimentaire est id\u00e9al pour votre routine matinale. Pour des r\u00e9sultats optimaux, \u00e9vitez la caf\u00e9ine, les boissons gazeuses, l'alcool, les cigarettes et adoptez\u2026","rel":"","context":"Similar post","block_context":{"text":"Similar post","link":""},"img":{"alt_text":"","src":"","width":0,"height":0},"classes":[]},{"id":27441,"url":"https:\/\/sakaba.mghosteur.com\/en\/product\/the-inkey-niacinamide\/","url_meta":{"origin":32918,"position":5},"title":"THE INKEY NIACINAMIDE","author":"admin","date":"November 29, 2022","format":false,"excerpt":"Compos\u00e9 de 10 % de niacinamide et de 1 % d'acide hyaluronique, le s\u00e9rum \u00e0 la niacinamide de The INKEY List minimise l'apparence des pores et des imperfections. La vitamine B3 naturelle, la niacinamide, est connue pour sa capacit\u00e9 \u00e0 contr\u00f4ler l'apparence du s\u00e9bum et de la pigmentation, id\u00e9ale pour\u2026","rel":"","context":"Similar post","block_context":{"text":"Similar post","link":""},"img":{"alt_text":"","src":"","width":0,"height":0},"classes":[]}],"_links":{"self":[{"href":"https:\/\/sakaba.mghosteur.com\/en\/wp-json\/wp\/v2\/product\/32918","targetHints":{"allow":["GET"]}}],"collection":[{"href":"https:\/\/sakaba.mghosteur.com\/en\/wp-json\/wp\/v2\/product"}],"about":[{"href":"https:\/\/sakaba.mghosteur.com\/en\/wp-json\/wp\/v2\/types\/product"}],"replies":[{"embeddable":true,"href":"https:\/\/sakaba.mghosteur.com\/en\/wp-json\/wp\/v2\/comments?post=32918"}],"version-history":[{"count":0,"href":"https:\/\/sakaba.mghosteur.com\/en\/wp-json\/wp\/v2\/product\/32918\/revisions"}],"wp:attachment":[{"href":"https:\/\/sakaba.mghosteur.com\/en\/wp-json\/wp\/v2\/media?parent=32918"}],"wp:term":[{"taxonomy":"product_brand","embeddable":true,"href":"https:\/\/sakaba.mghosteur.com\/en\/wp-json\/wp\/v2\/product_brand?post=32918"},{"taxonomy":"product_cat","embeddable":true,"href":"https:\/\/sakaba.mghosteur.com\/en\/wp-json\/wp\/v2\/product_cat?post=32918"},{"taxonomy":"product_tag","embeddable":true,"href":"https:\/\/sakaba.mghosteur.com\/en\/wp-json\/wp\/v2\/product_tag?post=32918"}],"curies":[{"name":"wp","href":"https:\/\/api.w.org\/{rel}","templated":true}]}}