{"id":32921,"date":"2024-05-16T16:00:58","date_gmt":"2024-05-16T16:00:58","guid":{"rendered":"https:\/\/sakaba.mghosteur.com\/?post_type=product&#038;p=32921"},"modified":"2024-09-01T03:43:43","modified_gmt":"2024-09-01T03:43:43","slug":"old-spice-daily-hydration-hand-body-lotion-with-argan-oil","status":"publish","type":"product","link":"https:\/\/sakaba.mghosteur.com\/en\/product\/old-spice-daily-hydration-hand-body-lotion-with-argan-oil\/","title":{"rendered":"OLD SPICE DAILY HYDRATION HAND &amp; BODY LOTION WITH ARGAN OIL"},"content":{"rendered":"","protected":false},"excerpt":{"rendered":"","protected":false},"featured_media":0,"comment_status":"open","ping_status":"closed","template":"","meta":[],"product_brand":[941],"product_cat":[369,288],"product_tag":[],"class_list":{"0":"post-32921","1":"product","2":"type-product","3":"status-publish","5":"product_brand-old-spice","6":"product_cat-corps-homme","7":"product_cat-aaf-homme","9":"first","10":"instock","11":"shipping-taxable","12":"product-type-simple"},"jetpack-related-posts":[{"id":32924,"url":"https:\/\/sakaba.mghosteur.com\/en\/product\/old-spice-daily-hydration-hand-body-lotion-with-coconut\/","url_meta":{"origin":32921,"position":0},"title":"OLD SPICE DAILY HYDRATION HAND &amp; BODY LOTION WITH COCONUT","author":"admin","date":"May 16, 2024","format":false,"excerpt":"","rel":"","context":"Similar post","block_context":{"text":"Similar post","link":""},"img":{"alt_text":"","src":"","width":0,"height":0},"classes":[]},{"id":28263,"url":"https:\/\/sakaba.mghosteur.com\/en\/product\/old-spice-daily-hydration-hand-body-lotion\/","url_meta":{"origin":32921,"position":1},"title":"Old Spice Daily Hydration Hand &amp; Body Lotion","author":"admin","date":"November 30, 2022","format":false,"excerpt":"","rel":"","context":"Similar post","block_context":{"text":"Similar post","link":""},"img":{"alt_text":"","src":"","width":0,"height":0},"classes":[]},{"id":28310,"url":"https:\/\/sakaba.mghosteur.com\/en\/product\/old-spice-daily-hydration-hand-body-lotion-2\/","url_meta":{"origin":32921,"position":2},"title":"OLD SPICE DAILY HYDRATION HAND &amp; BODY LOTION","author":"admin","date":"November 30, 2022","format":false,"excerpt":"","rel":"","context":"Similar post","block_context":{"text":"Similar post","link":""},"img":{"alt_text":"","src":"","width":0,"height":0},"classes":[]},{"id":30026,"url":"https:\/\/sakaba.mghosteur.com\/en\/product\/jergens-deep-restoring-argan\/","url_meta":{"origin":32921,"position":3},"title":"JERGENS DEEP RESTORING ARGAN","author":"admin","date":"May 2, 2023","format":false,"excerpt":"D\u00e9couvrez l'hydratant Jergens Deep Restoring \u00e0 l'huile d'argan de la marque Satin Skin, une lotion apaisante pour le corps et les mains. Cette formule nourrissante et r\u00e9paratrice est infus\u00e9e avec des ingr\u00e9dients essentiels pour offrir une hydratation quotidienne \u00e0 votre peau. L'huile d'argan, souvent appel\u00e9e \"or liquide\", associ\u00e9e \u00e0 la\u2026","rel":"","context":"Similar post","block_context":{"text":"Similar post","link":""},"img":{"alt_text":"","src":"","width":0,"height":0},"classes":[]},{"id":24025,"url":"https:\/\/sakaba.mghosteur.com\/en\/product\/aveeno-daily-moisturizing-body-lotion-for-dry-skin\/","url_meta":{"origin":32921,"position":4},"title":"Aveeno Daily Moisturizing Body Lotion For Dry Skin 18 OZ","author":"admin","date":"November 9, 2022","format":false,"excerpt":"La lotion corporelle hydratante quotidienne Aveeno est une lotion sans parfum con\u00e7ue pour nourrir intens\u00e9ment la peau s\u00e8che et lui procurer jusqu'\u00e0 24 heures d'hydratation. Elle est fabriqu\u00e9e avec une formule \u00e0 base d'avoine pr\u00e9biotique qui s'absorbe rapidement et aide \u00e0 reconstituer la barri\u00e8re d'hydratation naturelle de la peau.","rel":"","context":"Similar post","block_context":{"text":"Similar post","link":""},"img":{"alt_text":"","src":"","width":0,"height":0},"classes":[]},{"id":33516,"url":"https:\/\/sakaba.mghosteur.com\/en\/product\/aveeno-daily-moisturizing-body-lotion-for-dry-skin-18oz\/","url_meta":{"origin":32921,"position":5},"title":"Aveeno Daily Moisturizing Body Lotion For Dry Skin, 18oz.","author":"admin","date":"May 22, 2024","format":false,"excerpt":"Nourrissez intens\u00e9ment la peau s\u00e8che avec une formule \u00e0 base d'avoine pr\u00e9biotique. La lotion quotidienne douce nourrit et aide \u00e0 reconstituer la barri\u00e8re d'hydratation naturelle de la peau et offre une hydratation cliniquement prouv\u00e9e qui dure 24 heures. Hydratation 24 heures cliniquement prouv\u00e9e La lotion quotidienne nourrit la peau s\u00e8che\u2026","rel":"","context":"Similar post","block_context":{"text":"Similar post","link":""},"img":{"alt_text":"","src":"","width":0,"height":0},"classes":[]}],"_links":{"self":[{"href":"https:\/\/sakaba.mghosteur.com\/en\/wp-json\/wp\/v2\/product\/32921","targetHints":{"allow":["GET"]}}],"collection":[{"href":"https:\/\/sakaba.mghosteur.com\/en\/wp-json\/wp\/v2\/product"}],"about":[{"href":"https:\/\/sakaba.mghosteur.com\/en\/wp-json\/wp\/v2\/types\/product"}],"replies":[{"embeddable":true,"href":"https:\/\/sakaba.mghosteur.com\/en\/wp-json\/wp\/v2\/comments?post=32921"}],"version-history":[{"count":0,"href":"https:\/\/sakaba.mghosteur.com\/en\/wp-json\/wp\/v2\/product\/32921\/revisions"}],"wp:attachment":[{"href":"https:\/\/sakaba.mghosteur.com\/en\/wp-json\/wp\/v2\/media?parent=32921"}],"wp:term":[{"taxonomy":"product_brand","embeddable":true,"href":"https:\/\/sakaba.mghosteur.com\/en\/wp-json\/wp\/v2\/product_brand?post=32921"},{"taxonomy":"product_cat","embeddable":true,"href":"https:\/\/sakaba.mghosteur.com\/en\/wp-json\/wp\/v2\/product_cat?post=32921"},{"taxonomy":"product_tag","embeddable":true,"href":"https:\/\/sakaba.mghosteur.com\/en\/wp-json\/wp\/v2\/product_tag?post=32921"}],"curies":[{"name":"wp","href":"https:\/\/api.w.org\/{rel}","templated":true}]}}