{"id":32924,"date":"2024-05-16T16:01:54","date_gmt":"2024-05-16T16:01:54","guid":{"rendered":"https:\/\/sakaba.mghosteur.com\/?post_type=product&#038;p=32924"},"modified":"2024-09-01T03:44:08","modified_gmt":"2024-09-01T03:44:08","slug":"old-spice-daily-hydration-hand-body-lotion-with-coconut","status":"publish","type":"product","link":"https:\/\/sakaba.mghosteur.com\/en\/product\/old-spice-daily-hydration-hand-body-lotion-with-coconut\/","title":{"rendered":"OLD SPICE DAILY HYDRATION HAND &amp; BODY LOTION WITH COCONUT"},"content":{"rendered":"","protected":false},"excerpt":{"rendered":"","protected":false},"featured_media":0,"comment_status":"open","ping_status":"closed","template":"","meta":[],"product_brand":[941],"product_cat":[369,288],"product_tag":[],"class_list":{"0":"post-32924","1":"product","2":"type-product","3":"status-publish","5":"product_brand-old-spice","6":"product_cat-corps-homme","7":"product_cat-aaf-homme","9":"first","10":"instock","11":"shipping-taxable","12":"product-type-simple"},"jetpack-related-posts":[{"id":32921,"url":"https:\/\/sakaba.mghosteur.com\/en\/product\/old-spice-daily-hydration-hand-body-lotion-with-argan-oil\/","url_meta":{"origin":32924,"position":0},"title":"OLD SPICE DAILY HYDRATION HAND &amp; BODY LOTION WITH ARGAN OIL","author":"admin","date":"May 16, 2024","format":false,"excerpt":"","rel":"","context":"Similar post","block_context":{"text":"Similar post","link":""},"img":{"alt_text":"","src":"","width":0,"height":0},"classes":[]},{"id":28263,"url":"https:\/\/sakaba.mghosteur.com\/en\/product\/old-spice-daily-hydration-hand-body-lotion\/","url_meta":{"origin":32924,"position":1},"title":"Old Spice Daily Hydration Hand &amp; Body Lotion","author":"admin","date":"November 30, 2022","format":false,"excerpt":"","rel":"","context":"Similar post","block_context":{"text":"Similar post","link":""},"img":{"alt_text":"","src":"","width":0,"height":0},"classes":[]},{"id":28310,"url":"https:\/\/sakaba.mghosteur.com\/en\/product\/old-spice-daily-hydration-hand-body-lotion-2\/","url_meta":{"origin":32924,"position":2},"title":"OLD SPICE DAILY HYDRATION HAND &amp; BODY LOTION","author":"admin","date":"November 30, 2022","format":false,"excerpt":"","rel":"","context":"Similar post","block_context":{"text":"Similar post","link":""},"img":{"alt_text":"","src":"","width":0,"height":0},"classes":[]},{"id":33302,"url":"https:\/\/sakaba.mghosteur.com\/en\/product\/shea-better-24h-moisture-body-lotion-coconut-water\/","url_meta":{"origin":32924,"position":3},"title":"EOS SHEA BETTER 24H MOISTURE BODY LOTION COCONUT WATER","author":"admin","date":"May 20, 2024","format":false,"excerpt":"La lotion corporelle Coconut Waters chaude et ensoleill\u00e9e vous emm\u00e8nera dans les endroits les plus exotiques et les plages de sable blanc avec des notes de noix de coco cr\u00e9meuse m\u00e9lang\u00e9es \u00e0 de l'hibiscus luxuriant et du musc solaire. Notre lotion corporelle 24H avec de l'huile de karit\u00e9 hydratante instantan\u00e9ment\u2026","rel":"","context":"Similar post","block_context":{"text":"Similar post","link":""},"img":{"alt_text":"","src":"","width":0,"height":0},"classes":[]},{"id":29669,"url":"https:\/\/sakaba.mghosteur.com\/en\/product\/palmers-coconut-oil-formula-body-lotion\/","url_meta":{"origin":32924,"position":4},"title":"Palmer&#8217;s Coconut Oil Formula Body lotion","author":"admin","date":"April 13, 2023","format":false,"excerpt":"La lotion pour le corps \u00e0 la noix de coco de la marque Palmer's est le choix parfait pour une peau hydrat\u00e9e et r\u00e9g\u00e9n\u00e9r\u00e9e. Cette lotion est formul\u00e9e avec de l'huile de noix de coco extra vierge biologique certifi\u00e9e \u00e9quitable et de l'extrait de caf\u00e9 vert pour vous offrir une\u2026","rel":"","context":"Similar post","block_context":{"text":"Similar post","link":""},"img":{"alt_text":"","src":"","width":0,"height":0},"classes":[]},{"id":24025,"url":"https:\/\/sakaba.mghosteur.com\/en\/product\/aveeno-daily-moisturizing-body-lotion-for-dry-skin\/","url_meta":{"origin":32924,"position":5},"title":"Aveeno Daily Moisturizing Body Lotion For Dry Skin 18 OZ","author":"admin","date":"November 9, 2022","format":false,"excerpt":"La lotion corporelle hydratante quotidienne Aveeno est une lotion sans parfum con\u00e7ue pour nourrir intens\u00e9ment la peau s\u00e8che et lui procurer jusqu'\u00e0 24 heures d'hydratation. Elle est fabriqu\u00e9e avec une formule \u00e0 base d'avoine pr\u00e9biotique qui s'absorbe rapidement et aide \u00e0 reconstituer la barri\u00e8re d'hydratation naturelle de la peau.","rel":"","context":"Similar post","block_context":{"text":"Similar post","link":""},"img":{"alt_text":"","src":"","width":0,"height":0},"classes":[]}],"_links":{"self":[{"href":"https:\/\/sakaba.mghosteur.com\/en\/wp-json\/wp\/v2\/product\/32924","targetHints":{"allow":["GET"]}}],"collection":[{"href":"https:\/\/sakaba.mghosteur.com\/en\/wp-json\/wp\/v2\/product"}],"about":[{"href":"https:\/\/sakaba.mghosteur.com\/en\/wp-json\/wp\/v2\/types\/product"}],"replies":[{"embeddable":true,"href":"https:\/\/sakaba.mghosteur.com\/en\/wp-json\/wp\/v2\/comments?post=32924"}],"version-history":[{"count":0,"href":"https:\/\/sakaba.mghosteur.com\/en\/wp-json\/wp\/v2\/product\/32924\/revisions"}],"wp:attachment":[{"href":"https:\/\/sakaba.mghosteur.com\/en\/wp-json\/wp\/v2\/media?parent=32924"}],"wp:term":[{"taxonomy":"product_brand","embeddable":true,"href":"https:\/\/sakaba.mghosteur.com\/en\/wp-json\/wp\/v2\/product_brand?post=32924"},{"taxonomy":"product_cat","embeddable":true,"href":"https:\/\/sakaba.mghosteur.com\/en\/wp-json\/wp\/v2\/product_cat?post=32924"},{"taxonomy":"product_tag","embeddable":true,"href":"https:\/\/sakaba.mghosteur.com\/en\/wp-json\/wp\/v2\/product_tag?post=32924"}],"curies":[{"name":"wp","href":"https:\/\/api.w.org\/{rel}","templated":true}]}}