{"id":32933,"date":"2024-05-16T16:04:28","date_gmt":"2024-05-16T16:04:28","guid":{"rendered":"https:\/\/sakaba.mghosteur.com\/?post_type=product&#038;p=32933"},"modified":"2024-08-29T02:49:39","modified_gmt":"2024-08-29T02:49:39","slug":"pixi-glow-mud-cleanser","status":"publish","type":"product","link":"https:\/\/sakaba.mghosteur.com\/en\/product\/pixi-glow-mud-cleanser\/","title":{"rendered":"PIXI GLOW MUD CLEANSER"},"content":{"rendered":"<p>Le nettoyant Pixi Glow Mud est une boue nettoyante en profondeur qui exfolie en douceur tout en purifiant pour une peau radieuse. Il est enrichi de 5 % d&#8217;acide glycolique et d&#8217;extraits botaniques apaisants et est formul\u00e9 pour fournir un nettoyage efficace, tout en \u00e9tant suffisamment doux pour toutes les peaux<\/p>","protected":false},"excerpt":{"rendered":"<p>Le nettoyant Pixi Glow Mud est une boue nettoyante en profondeur qui exfolie en douceur tout en purifiant pour une peau radieuse. Il est enrichi de 5 % d&#8217;acide glycolique et d&#8217;extraits botaniques apaisants et est formul\u00e9 pour fournir un nettoyage efficace, tout en \u00e9tant suffisamment doux pour toutes les peaux<\/p>","protected":false},"featured_media":0,"comment_status":"open","ping_status":"closed","template":"","meta":[],"product_brand":[955],"product_cat":[324,451],"product_tag":[],"class_list":{"0":"post-32933","1":"product","2":"type-product","3":"status-publish","5":"product_brand-pixi","6":"product_cat-demaquillant-nettoyant","7":"product_cat-aab-soin-du-visage","9":"first","10":"instock","11":"shipping-taxable","12":"product-type-simple"},"jetpack-related-posts":[{"id":26562,"url":"https:\/\/sakaba.mghosteur.com\/en\/product\/pixi-coffret-best-of-bright\/","url_meta":{"origin":32933,"position":0},"title":"PIXI COFFRET  BEST OF BRIGHT","author":"admin","date":"November 25, 2022","format":false,"excerpt":"Obtenez un teint \u00e9clatant de sant\u00e9 avec le kit Best of Bright de PIXI. Il combine un nettoyant luxueux, un tonique exfoliant et un masque \u00e0 la boue inspir\u00e9 du visage. Le trio agit ensemble pour restaurer un teint doux et lisse au toucher avec une clart\u00e9 accrue. Le kit\u2026","rel":"","context":"Similar post","block_context":{"text":"Similar post","link":""},"img":{"alt_text":"","src":"","width":0,"height":0},"classes":[]},{"id":32936,"url":"https:\/\/sakaba.mghosteur.com\/en\/product\/pixi-glow-tonic-5-glycolic-acid-exfoliating-100ml\/","url_meta":{"origin":32933,"position":1},"title":"PIXI GLOW TONIC 5% GLYCOLIC ACID EXFOLIATING 100ML","author":"admin","date":"May 16, 2024","format":false,"excerpt":"Le tonique exfoliant \u00e0 l'acide glycolique 5 % de Pixi Glow Tonic est un tonique pour le visage qui utilise 5 % d'acide glycolique pour exfolier, \u00e9claircir et lisser la peau. Il contient \u00e9galement de l'aloe vera, du ginseng et des extraits botaniques pour nourrir et traiter la peau. Le\u2026","rel":"","context":"Similar post","block_context":{"text":"Similar post","link":""},"img":{"alt_text":"","src":"","width":0,"height":0},"classes":[]},{"id":32948,"url":"https:\/\/sakaba.mghosteur.com\/en\/product\/pixi-vitamine-c-tonic-100ml\/","url_meta":{"origin":32933,"position":2},"title":"PIXI VITAMINE C TONIC 100ML","author":"admin","date":"May 16, 2024","format":false,"excerpt":"Pixi Vitamin C Tonic est un tonique qui contient de la vitamine C, des probiotiques et de l'\u00e9corce de saule. Il convient \u00e0 tous les types de peau et est sans alcool ni parab\u00e8nes. Avantages: Garde la peau douce, hydrat\u00e9e et lumineuse Aide \u00e0 nettoyer les pores G\u00e8re le s\u00e9bum\u2026","rel":"","context":"Similar post","block_context":{"text":"Similar post","link":""},"img":{"alt_text":"","src":"","width":0,"height":0},"classes":[]},{"id":32945,"url":"https:\/\/sakaba.mghosteur.com\/en\/product\/pixi-skintreats-vitamin-c-tonic-250ml\/","url_meta":{"origin":32933,"position":3},"title":"PIXI SKIN TREATS VITAMIN-C TONIC 250ML","author":"admin","date":"May 16, 2024","format":false,"excerpt":"Pixi Vitamin C Tonic est un tonique qui contient de la vitamine C, des probiotiques et de l'\u00e9corce de saule. Il convient \u00e0 tous les types de peau et est sans alcool ni parab\u00e8nes. Avantages: Garde la peau douce, hydrat\u00e9e et lumineuse Aide \u00e0 nettoyer les pores G\u00e8re le s\u00e9bum\u2026","rel":"","context":"Similar post","block_context":{"text":"Similar post","link":""},"img":{"alt_text":"","src":"","width":0,"height":0},"classes":[]},{"id":32930,"url":"https:\/\/sakaba.mghosteur.com\/en\/product\/pixi-botanical-collagen-tonic-100ml\/","url_meta":{"origin":32933,"position":4},"title":"PIXI BOTANICAL COLLAGEN TONIC 100ML","author":"admin","date":"May 16, 2024","format":false,"excerpt":"Pixi Botanical Collagen Tonic est un tonique volumateur qui aide \u00e0 lisser les ridules et \u00e0 am\u00e9liorer la texture in\u00e9gale de la peau. Il est formul\u00e9 avec du collag\u00e8ne d'acacia et des peptides pour aider \u00e0 promouvoir un teint d'apparence jeune. Il est sans alcool, sans cruaut\u00e9 et convient \u00e0\u2026","rel":"","context":"Similar post","block_context":{"text":"Similar post","link":""},"img":{"alt_text":"","src":"","width":0,"height":0},"classes":[]},{"id":32939,"url":"https:\/\/sakaba.mghosteur.com\/en\/product\/pixi-skintreats-collagen-tonic-250ml\/","url_meta":{"origin":32933,"position":5},"title":"PIXI SKIN TREATS COLLAGEN TONIC 250ML","author":"admin","date":"May 16, 2024","format":false,"excerpt":"Pixi Botanical Collagen Tonic est un tonique volumateur qui aide \u00e0 lisser les ridules et \u00e0 am\u00e9liorer la texture in\u00e9gale de la peau. Il est formul\u00e9 avec du collag\u00e8ne d'acacia et des peptides pour aider \u00e0 promouvoir un teint d'apparence jeune. Il est sans alcool, sans cruaut\u00e9 et convient \u00e0\u2026","rel":"","context":"Similar post","block_context":{"text":"Similar post","link":""},"img":{"alt_text":"","src":"","width":0,"height":0},"classes":[]}],"_links":{"self":[{"href":"https:\/\/sakaba.mghosteur.com\/en\/wp-json\/wp\/v2\/product\/32933","targetHints":{"allow":["GET"]}}],"collection":[{"href":"https:\/\/sakaba.mghosteur.com\/en\/wp-json\/wp\/v2\/product"}],"about":[{"href":"https:\/\/sakaba.mghosteur.com\/en\/wp-json\/wp\/v2\/types\/product"}],"replies":[{"embeddable":true,"href":"https:\/\/sakaba.mghosteur.com\/en\/wp-json\/wp\/v2\/comments?post=32933"}],"version-history":[{"count":0,"href":"https:\/\/sakaba.mghosteur.com\/en\/wp-json\/wp\/v2\/product\/32933\/revisions"}],"wp:attachment":[{"href":"https:\/\/sakaba.mghosteur.com\/en\/wp-json\/wp\/v2\/media?parent=32933"}],"wp:term":[{"taxonomy":"product_brand","embeddable":true,"href":"https:\/\/sakaba.mghosteur.com\/en\/wp-json\/wp\/v2\/product_brand?post=32933"},{"taxonomy":"product_cat","embeddable":true,"href":"https:\/\/sakaba.mghosteur.com\/en\/wp-json\/wp\/v2\/product_cat?post=32933"},{"taxonomy":"product_tag","embeddable":true,"href":"https:\/\/sakaba.mghosteur.com\/en\/wp-json\/wp\/v2\/product_tag?post=32933"}],"curies":[{"name":"wp","href":"https:\/\/api.w.org\/{rel}","templated":true}]}}