{"id":32936,"date":"2024-05-16T16:05:15","date_gmt":"2024-05-16T16:05:15","guid":{"rendered":"https:\/\/sakaba.mghosteur.com\/?post_type=product&#038;p=32936"},"modified":"2024-08-29T02:51:20","modified_gmt":"2024-08-29T02:51:20","slug":"pixi-glow-tonic-5-glycolic-acid-exfoliating-100ml","status":"publish","type":"product","link":"https:\/\/sakaba.mghosteur.com\/en\/product\/pixi-glow-tonic-5-glycolic-acid-exfoliating-100ml\/","title":{"rendered":"PIXI GLOW TONIC 5% GLYCOLIC ACID EXFOLIATING 100ML"},"content":{"rendered":"<p>Le tonique exfoliant \u00e0 l&#8217;acide glycolique 5 % de Pixi Glow Tonic est un tonique pour le visage qui utilise 5 % d&#8217;acide glycolique pour exfolier, \u00e9claircir et lisser la peau. Il contient \u00e9galement de l&#8217;aloe vera, du ginseng et des extraits botaniques pour nourrir et traiter la peau. Le tonique est sans alcool et sans paraben et convient \u00e0 tous les types de peau. Il peut aider \u00e0 d\u00e9boucher les pores, \u00e0 att\u00e9nuer l&#8217;hyperpigmentation et \u00e0 am\u00e9liorer la texture in\u00e9gale de la peau.<\/p>","protected":false},"excerpt":{"rendered":"<p>Le tonique exfoliant \u00e0 l&#8217;acide glycolique 5 % de Pixi Glow Tonic est un tonique pour le visage qui utilise 5 % d&#8217;acide glycolique pour exfolier, \u00e9claircir et lisser la peau. Il contient \u00e9galement de l&#8217;aloe vera, du ginseng et des extraits botaniques pour nourrir et traiter la peau. Le tonique est sans alcool et<span class=\"read-more-faq\"><a href=\"https:\/\/sakaba.mghosteur.com\/en\/product\/pixi-glow-tonic-5-glycolic-acid-exfoliating-100ml\/\">Read More<\/a><\/span><\/p>","protected":false},"featured_media":0,"comment_status":"open","ping_status":"closed","template":"","meta":[],"product_brand":[955],"product_cat":[293,324,451],"product_tag":[],"class_list":{"0":"post-32936","1":"product","2":"type-product","3":"status-publish","5":"product_brand-pixi","6":"product_cat-anti-taches","7":"product_cat-demaquillant-nettoyant","8":"product_cat-aab-soin-du-visage","10":"first","11":"instock","12":"shipping-taxable","13":"product-type-simple"},"jetpack-related-posts":[{"id":26562,"url":"https:\/\/sakaba.mghosteur.com\/en\/product\/pixi-coffret-best-of-bright\/","url_meta":{"origin":32936,"position":0},"title":"PIXI COFFRET  BEST OF BRIGHT","author":"admin","date":"November 25, 2022","format":false,"excerpt":"Obtenez un teint \u00e9clatant de sant\u00e9 avec le kit Best of Bright de PIXI. Il combine un nettoyant luxueux, un tonique exfoliant et un masque \u00e0 la boue inspir\u00e9 du visage. Le trio agit ensemble pour restaurer un teint doux et lisse au toucher avec une clart\u00e9 accrue. Le kit\u2026","rel":"","context":"Similar post","block_context":{"text":"Similar post","link":""},"img":{"alt_text":"","src":"","width":0,"height":0},"classes":[]},{"id":32942,"url":"https:\/\/sakaba.mghosteur.com\/en\/product\/pixi-skintreats-rose-tonic-250ml\/","url_meta":{"origin":32936,"position":1},"title":"PIXI SKIN TREATS ROSE TONIC 250ML","author":"admin","date":"May 16, 2024","format":false,"excerpt":"Le tonique nourrissant Pixi Rose Tonic \u00e0 la rose est un tonique doux pour le visage, naturellement apaisant et riche en nutriments. Il tonifie, \u00e9quilibre le pH, apaise la peau et minimise les rougeurs. Il est sans alcool, sans parab\u00e8ne et n'a pas \u00e9t\u00e9 test\u00e9 sur les animaux. Il convient\u2026","rel":"","context":"Similar post","block_context":{"text":"Similar post","link":""},"img":{"alt_text":"","src":"","width":0,"height":0},"classes":[]},{"id":26559,"url":"https:\/\/sakaba.mghosteur.com\/en\/product\/pixi-rose-tonic-rose-elderflower-nourishing-tone\/","url_meta":{"origin":32936,"position":2},"title":"PIXI ROSE TONIC ROSE &amp; ELDERFLOWER NOURISHING TONER","author":"admin","date":"November 25, 2022","format":false,"excerpt":"Le tonique nourrissant Pixi Rose Tonic \u00e0 la rose et \u00e0 la fleur de sureau est un tonique doux pour le visage, naturellement apaisant et riche en nutriments. Il tonifie, \u00e9quilibre le pH, apaise la peau et minimise les rougeurs. Il est sans alcool, sans parab\u00e8ne et n'a pas \u00e9t\u00e9\u2026","rel":"","context":"Similar post","block_context":{"text":"Similar post","link":""},"img":{"alt_text":"","src":"","width":0,"height":0},"classes":[]},{"id":32948,"url":"https:\/\/sakaba.mghosteur.com\/en\/product\/pixi-vitamine-c-tonic-100ml\/","url_meta":{"origin":32936,"position":3},"title":"PIXI VITAMINE C TONIC 100ML","author":"admin","date":"May 16, 2024","format":false,"excerpt":"Pixi Vitamin C Tonic est un tonique qui contient de la vitamine C, des probiotiques et de l'\u00e9corce de saule. Il convient \u00e0 tous les types de peau et est sans alcool ni parab\u00e8nes. Avantages: Garde la peau douce, hydrat\u00e9e et lumineuse Aide \u00e0 nettoyer les pores G\u00e8re le s\u00e9bum\u2026","rel":"","context":"Similar post","block_context":{"text":"Similar post","link":""},"img":{"alt_text":"","src":"","width":0,"height":0},"classes":[]},{"id":32930,"url":"https:\/\/sakaba.mghosteur.com\/en\/product\/pixi-botanical-collagen-tonic-100ml\/","url_meta":{"origin":32936,"position":4},"title":"PIXI BOTANICAL COLLAGEN TONIC 100ML","author":"admin","date":"May 16, 2024","format":false,"excerpt":"Pixi Botanical Collagen Tonic est un tonique volumateur qui aide \u00e0 lisser les ridules et \u00e0 am\u00e9liorer la texture in\u00e9gale de la peau. Il est formul\u00e9 avec du collag\u00e8ne d'acacia et des peptides pour aider \u00e0 promouvoir un teint d'apparence jeune. Il est sans alcool, sans cruaut\u00e9 et convient \u00e0\u2026","rel":"","context":"Similar post","block_context":{"text":"Similar post","link":""},"img":{"alt_text":"","src":"","width":0,"height":0},"classes":[]},{"id":32939,"url":"https:\/\/sakaba.mghosteur.com\/en\/product\/pixi-skintreats-collagen-tonic-250ml\/","url_meta":{"origin":32936,"position":5},"title":"PIXI SKIN TREATS COLLAGEN TONIC 250ML","author":"admin","date":"May 16, 2024","format":false,"excerpt":"Pixi Botanical Collagen Tonic est un tonique volumateur qui aide \u00e0 lisser les ridules et \u00e0 am\u00e9liorer la texture in\u00e9gale de la peau. Il est formul\u00e9 avec du collag\u00e8ne d'acacia et des peptides pour aider \u00e0 promouvoir un teint d'apparence jeune. Il est sans alcool, sans cruaut\u00e9 et convient \u00e0\u2026","rel":"","context":"Similar post","block_context":{"text":"Similar post","link":""},"img":{"alt_text":"","src":"","width":0,"height":0},"classes":[]}],"_links":{"self":[{"href":"https:\/\/sakaba.mghosteur.com\/en\/wp-json\/wp\/v2\/product\/32936","targetHints":{"allow":["GET"]}}],"collection":[{"href":"https:\/\/sakaba.mghosteur.com\/en\/wp-json\/wp\/v2\/product"}],"about":[{"href":"https:\/\/sakaba.mghosteur.com\/en\/wp-json\/wp\/v2\/types\/product"}],"replies":[{"embeddable":true,"href":"https:\/\/sakaba.mghosteur.com\/en\/wp-json\/wp\/v2\/comments?post=32936"}],"version-history":[{"count":0,"href":"https:\/\/sakaba.mghosteur.com\/en\/wp-json\/wp\/v2\/product\/32936\/revisions"}],"wp:attachment":[{"href":"https:\/\/sakaba.mghosteur.com\/en\/wp-json\/wp\/v2\/media?parent=32936"}],"wp:term":[{"taxonomy":"product_brand","embeddable":true,"href":"https:\/\/sakaba.mghosteur.com\/en\/wp-json\/wp\/v2\/product_brand?post=32936"},{"taxonomy":"product_cat","embeddable":true,"href":"https:\/\/sakaba.mghosteur.com\/en\/wp-json\/wp\/v2\/product_cat?post=32936"},{"taxonomy":"product_tag","embeddable":true,"href":"https:\/\/sakaba.mghosteur.com\/en\/wp-json\/wp\/v2\/product_tag?post=32936"}],"curies":[{"name":"wp","href":"https:\/\/api.w.org\/{rel}","templated":true}]}}