{"id":32954,"date":"2024-05-16T16:11:30","date_gmt":"2024-05-16T16:11:30","guid":{"rendered":"https:\/\/sakaba.mghosteur.com\/?post_type=product&#038;p=32954"},"modified":"2024-06-07T17:53:44","modified_gmt":"2024-06-07T17:53:44","slug":"venus-simply3-41","status":"publish","type":"product","link":"https:\/\/sakaba.mghosteur.com\/en\/product\/venus-simply3-41\/","title":{"rendered":"VENUS SIMPLY3 4+1"},"content":{"rendered":"","protected":false},"excerpt":{"rendered":"","protected":false},"featured_media":0,"comment_status":"open","ping_status":"closed","template":"","meta":[],"product_brand":[865],"product_cat":[377],"product_tag":[],"class_list":{"0":"post-32954","1":"product","2":"type-product","3":"status-publish","5":"product_brand-gillette","6":"product_cat-bath-body-works","8":"first","9":"instock","10":"shipping-taxable","11":"product-type-simple"},"jetpack-related-posts":[{"id":29005,"url":"https:\/\/sakaba.mghosteur.com\/en\/product\/1-hydrocortisone-anti-itch-cream\/","url_meta":{"origin":32954,"position":0},"title":"1% HYDROCORTISONE ANTI-ITCH CREAM","author":"admin","date":"March 9, 2023","format":false,"excerpt":"La cr\u00e8me anti-d\u00e9mangeaisons \u00e0 l'hydrocortisone de CeraVe est un traitement efficace pour soulager les d\u00e9mangeaisons caus\u00e9es par l'ecz\u00e9ma, les petites \u00e9ruptions cutan\u00e9es et les piq\u00fbres d'insectes mineures. Sa formule contient 1% d'hydrocortisone, la concentration maximale disponible sans ordonnance, ainsi que trois c\u00e9ramides essentiels pour aider \u00e0 restaurer la barri\u00e8re protectrice\u2026","rel":"","context":"Similar post","block_context":{"text":"Similar post","link":""},"img":{"alt_text":"","src":"","width":0,"height":0},"classes":[]},{"id":31683,"url":"https:\/\/sakaba.mghosteur.com\/en\/product\/sulfur8-medicated-light-formula-anti-dandruff\/","url_meta":{"origin":32954,"position":1},"title":"SULFUR8 MEDICATED LIGHT FORMULA ANTI DANDRUFF","author":"admin","date":"May 10, 2024","format":false,"excerpt":"Shampooing m\u00e9dicamenteux et revitalisant du cuir chevelu Sulfur 8. Sa formule l\u00e9g\u00e8re au soufre-8 offre une hydratation et un adoucissement aux cheveux secs et au cuir chevelu, sans les alourdir. Cette solution embellit les cheveux tout en les rendant plus faciles \u00e0 coiffer et en ajoutant de la brillance. Adapt\u00e9\u2026","rel":"","context":"Similar post","block_context":{"text":"Similar post","link":""},"img":{"alt_text":"","src":"","width":0,"height":0},"classes":[]},{"id":27520,"url":"https:\/\/sakaba.mghosteur.com\/en\/product\/topicals-hydrating-mask-like-butter\/","url_meta":{"origin":32954,"position":2},"title":"TOPICALS HYDRATING MASK LIKE BUTTER","author":"admin","date":"November 29, 2022","format":false,"excerpt":"D\u00e9couvrez le produit Comme le beurre hydratant de la marque TOPICALS, un hydratant quotidien suraliment\u00e9 avec 1 % d'avoine collo\u00efdale. Il est cliniquement prouv\u00e9 pour cibler la s\u00e9cheresse extr\u00eame et les peaux sujettes \u00e0 l'ecz\u00e9ma. Utilisez ce produit pour renforcer la barri\u00e8re cutan\u00e9e et augmenter le TLC pour les peaux\u2026","rel":"","context":"Similar post","block_context":{"text":"Similar post","link":""},"img":{"alt_text":"","src":"","width":0,"height":0},"classes":[]},{"id":23969,"url":"https:\/\/sakaba.mghosteur.com\/en\/product\/cerave-acne-foaming-cream-cleanser\/","url_meta":{"origin":32954,"position":3},"title":"CERAVE ACNE FOAMING CREAM CLEANSER","author":"admin","date":"November 9, 2022","format":false,"excerpt":"La cr\u00e8me nettoyante moussante contre l'acn\u00e9 de CeraVe est un produit essentiel pour tout r\u00e9gime de soin de la peau contre l'acn\u00e9. Cette formule efficace contient 4 % de peroxyde de benzoyle pour aider \u00e0 \u00e9liminer l'acn\u00e9 et les points noirs, tout en pr\u00e9venant la formation de nouvelles imperfections. Les\u2026","rel":"","context":"Similar post","block_context":{"text":"Similar post","link":""},"img":{"alt_text":"","src":"","width":0,"height":0},"classes":[]},{"id":29807,"url":"https:\/\/sakaba.mghosteur.com\/en\/product\/pure-vitamin-c-crystals\/","url_meta":{"origin":32954,"position":4},"title":"PURE  VITAMIN C CRYSTALS","author":"admin","date":"April 25, 2023","format":false,"excerpt":"Les cristaux de vitamine C Solgar\u00ae sont une source pratique de vitamine C pure. La vitamine C est un nutriment important pour la sant\u00e9 de la peau et des articulations gr\u00e2ce \u00e0 ses propri\u00e9t\u00e9s antioxydantes et de soutien immunitaire. En tant qu'antioxydant, elle aide \u00e0 lutter contre les radicaux libres\u2026","rel":"","context":"Similar post","block_context":{"text":"Similar post","link":""},"img":{"alt_text":"","src":"","width":0,"height":0},"classes":[]},{"id":23928,"url":"https:\/\/sakaba.mghosteur.com\/en\/product\/cerave-itch-relief-moisturizing-cream\/","url_meta":{"origin":32954,"position":5},"title":"CERAVE ITCH RELIEF MOISTURIZING CREAM","author":"admin","date":"November 9, 2022","format":false,"excerpt":"Si vous souffrez de d\u00e9mangeaisons associ\u00e9es \u00e0 l'ecz\u00e9ma, la peau s\u00e8che, les irritations mineures de la peau, les piq\u00fbres d'insectes ou les coups de soleil, la cr\u00e8me hydratante anti-d\u00e9mangeaisons de CeraVe peut vous aider \u00e0 soulager la douleur et les d\u00e9mangeaisons de mani\u00e8re rapide et durable. Formul\u00e9e avec 1 %\u2026","rel":"","context":"Similar post","block_context":{"text":"Similar post","link":""},"img":{"alt_text":"","src":"","width":0,"height":0},"classes":[]}],"_links":{"self":[{"href":"https:\/\/sakaba.mghosteur.com\/en\/wp-json\/wp\/v2\/product\/32954","targetHints":{"allow":["GET"]}}],"collection":[{"href":"https:\/\/sakaba.mghosteur.com\/en\/wp-json\/wp\/v2\/product"}],"about":[{"href":"https:\/\/sakaba.mghosteur.com\/en\/wp-json\/wp\/v2\/types\/product"}],"replies":[{"embeddable":true,"href":"https:\/\/sakaba.mghosteur.com\/en\/wp-json\/wp\/v2\/comments?post=32954"}],"version-history":[{"count":0,"href":"https:\/\/sakaba.mghosteur.com\/en\/wp-json\/wp\/v2\/product\/32954\/revisions"}],"wp:attachment":[{"href":"https:\/\/sakaba.mghosteur.com\/en\/wp-json\/wp\/v2\/media?parent=32954"}],"wp:term":[{"taxonomy":"product_brand","embeddable":true,"href":"https:\/\/sakaba.mghosteur.com\/en\/wp-json\/wp\/v2\/product_brand?post=32954"},{"taxonomy":"product_cat","embeddable":true,"href":"https:\/\/sakaba.mghosteur.com\/en\/wp-json\/wp\/v2\/product_cat?post=32954"},{"taxonomy":"product_tag","embeddable":true,"href":"https:\/\/sakaba.mghosteur.com\/en\/wp-json\/wp\/v2\/product_tag?post=32954"}],"curies":[{"name":"wp","href":"https:\/\/api.w.org\/{rel}","templated":true}]}}