{"id":32961,"date":"2024-05-16T16:34:17","date_gmt":"2024-05-16T16:34:17","guid":{"rendered":"https:\/\/sakaba.mghosteur.com\/?post_type=product&#038;p=32961"},"modified":"2024-05-16T16:34:17","modified_gmt":"2024-05-16T16:34:17","slug":"mustela-hydra-bebe-body-lotion","status":"publish","type":"product","link":"https:\/\/sakaba.mghosteur.com\/en\/product\/mustela-hydra-bebe-body-lotion\/","title":{"rendered":"MUSTELA HYDRA BEBE BODY LOTION"},"content":{"rendered":"","protected":false},"excerpt":{"rendered":"","protected":false},"featured_media":0,"comment_status":"open","ping_status":"closed","template":"","meta":[],"product_brand":[1045],"product_cat":[377],"product_tag":[],"class_list":{"0":"post-32961","1":"product","2":"type-product","3":"status-publish","5":"product_brand-mustela","6":"product_cat-bath-body-works","8":"first","9":"instock","10":"shipping-taxable","11":"product-type-simple"},"jetpack-related-posts":[{"id":32958,"url":"https:\/\/sakaba.mghosteur.com\/en\/product\/mustela-gel-lavant-doux\/","url_meta":{"origin":32961,"position":0},"title":"MUSTELA GEL LAVANT DOUX","author":"admin","date":"May 16, 2024","format":false,"excerpt":"","rel":"","context":"Similar post","block_context":{"text":"Similar post","link":""},"img":{"alt_text":"","src":"","width":0,"height":0},"classes":[]},{"id":28103,"url":"https:\/\/sakaba.mghosteur.com\/en\/product\/cerave-baby-moisturizing-lotion\/","url_meta":{"origin":32961,"position":1},"title":"CERAVE BABY MOISTURIZING LOTION","author":"admin","date":"November 30, 2022","format":false,"excerpt":"La lotion hydratante pour b\u00e9b\u00e9 de la marque CeraVe est un choix id\u00e9al pour les parents \u00e0 la recherche d'une formule douce et efficace pour hydrater la peau de leur b\u00e9b\u00e9 tout en prot\u00e9geant sa barri\u00e8re cutan\u00e9e d\u00e9licate. D\u00e9velopp\u00e9e avec des dermatologues p\u00e9diatriques, cette lotion pour b\u00e9b\u00e9 est exempte de\u2026","rel":"","context":"Similar post","block_context":{"text":"Similar post","link":""},"img":{"alt_text":"","src":"","width":0,"height":0},"classes":[]},{"id":28119,"url":"https:\/\/sakaba.mghosteur.com\/en\/product\/cerave-baby-wash-shampoo\/","url_meta":{"origin":32961,"position":2},"title":"CERAVE BABY WASH &#038; shampoo","author":"admin","date":"November 30, 2022","format":false,"excerpt":"La lotion hydratante pour b\u00e9b\u00e9 de la marque CeraVe est sp\u00e9cialement con\u00e7ue pour la peau d\u00e9licate de votre tout-petit. Cette lotion est id\u00e9ale pour hydrater et nourrir la peau de b\u00e9b\u00e9 tout en maintenant une barri\u00e8re protectrice naturelle. Formul\u00e9e avec trois c\u00e9ramides essentiels, de l'acide hyaluronique et de la vitamine\u2026","rel":"","context":"Similar post","block_context":{"text":"Similar post","link":""},"img":{"alt_text":"","src":"","width":0,"height":0},"classes":[]},{"id":28274,"url":"https:\/\/sakaba.mghosteur.com\/en\/product\/aveeno-baby-lotion-532ml-gm\/","url_meta":{"origin":32961,"position":3},"title":"AVEENO baby lotion 532ML","author":"admin","date":"November 30, 2022","format":false,"excerpt":"Un flacon de 532 ml de lotion hydratante quotidienne apaisante et nourrissante Aveeno Baby La lotion nourrissante pour b\u00e9b\u00e9 est cliniquement prouv\u00e9e pour hydrater et prot\u00e9ger la peau de b\u00e9b\u00e9 pendant 24 heures L'hydratant \u00e0 l'avoine collo\u00efdale aide \u00e0 gu\u00e9rir et \u00e0 prot\u00e9ger la peau s\u00e8che, rugueuse, irrit\u00e9e et craquel\u00e9e\u2026","rel":"","context":"Similar post","block_context":{"text":"Similar post","link":""},"img":{"alt_text":"","src":"","width":0,"height":0},"classes":[]},{"id":33510,"url":"https:\/\/sakaba.mghosteur.com\/en\/product\/aveeno-baby-lotion-532ml-gm-2\/","url_meta":{"origin":32961,"position":4},"title":"AVEENO baby lotion 532ML","author":"admin","date":"May 22, 2024","format":false,"excerpt":"La lotion nourrissante pour b\u00e9b\u00e9 est cliniquement prouv\u00e9e pour hydrater et prot\u00e9ger la peau de b\u00e9b\u00e9 pendant 24 heures L'hydratant \u00e0 l'avoine collo\u00efdale aide \u00e0 gu\u00e9rir et \u00e0 prot\u00e9ger la peau s\u00e8che, rugueuse, irrit\u00e9e et craquel\u00e9e Formule non grasse qui p\u00e9n\u00e8tre rapidement pour aider \u00e0 maintenir la barri\u00e8re d'hydratation naturelle\u2026","rel":"","context":"Similar post","block_context":{"text":"Similar post","link":""},"img":{"alt_text":"","src":"","width":0,"height":0},"classes":[]},{"id":28366,"url":"https:\/\/sakaba.mghosteur.com\/en\/product\/palmers-cocoa-butter-formula-baby-butter-with-cocao-butter-aloe\/","url_meta":{"origin":32961,"position":5},"title":"Palmers Cocoa Butter Formula Baby Butter with cocao butter &#038; aloe","author":"admin","date":"November 30, 2022","format":false,"excerpt":"D\u00e9couvrez le Palmer's Cocoa Butter Formula Baby Butter, une lotion douce quotidienne con\u00e7ue pour hydrater, adoucir et apaiser la peau d\u00e9licate de b\u00e9b\u00e9. Cette formule unique associe le beurre de cacao pur, la vitamine E, l'alo\u00e8s et des \u00e9mollients riches pour offrir une hydratation sup\u00e9rieure et aider \u00e0 pr\u00e9server la\u2026","rel":"","context":"Similar post","block_context":{"text":"Similar post","link":""},"img":{"alt_text":"","src":"","width":0,"height":0},"classes":[]}],"_links":{"self":[{"href":"https:\/\/sakaba.mghosteur.com\/en\/wp-json\/wp\/v2\/product\/32961","targetHints":{"allow":["GET"]}}],"collection":[{"href":"https:\/\/sakaba.mghosteur.com\/en\/wp-json\/wp\/v2\/product"}],"about":[{"href":"https:\/\/sakaba.mghosteur.com\/en\/wp-json\/wp\/v2\/types\/product"}],"replies":[{"embeddable":true,"href":"https:\/\/sakaba.mghosteur.com\/en\/wp-json\/wp\/v2\/comments?post=32961"}],"version-history":[{"count":0,"href":"https:\/\/sakaba.mghosteur.com\/en\/wp-json\/wp\/v2\/product\/32961\/revisions"}],"wp:attachment":[{"href":"https:\/\/sakaba.mghosteur.com\/en\/wp-json\/wp\/v2\/media?parent=32961"}],"wp:term":[{"taxonomy":"product_brand","embeddable":true,"href":"https:\/\/sakaba.mghosteur.com\/en\/wp-json\/wp\/v2\/product_brand?post=32961"},{"taxonomy":"product_cat","embeddable":true,"href":"https:\/\/sakaba.mghosteur.com\/en\/wp-json\/wp\/v2\/product_cat?post=32961"},{"taxonomy":"product_tag","embeddable":true,"href":"https:\/\/sakaba.mghosteur.com\/en\/wp-json\/wp\/v2\/product_tag?post=32961"}],"curies":[{"name":"wp","href":"https:\/\/api.w.org\/{rel}","templated":true}]}}