{"id":32967,"date":"2024-05-16T16:36:12","date_gmt":"2024-05-16T16:36:12","guid":{"rendered":"https:\/\/sakaba.mghosteur.com\/?post_type=product&#038;p=32967"},"modified":"2024-06-07T17:52:44","modified_gmt":"2024-06-07T17:52:44","slug":"tums-antacid-assorted-fruit","status":"publish","type":"product","link":"https:\/\/sakaba.mghosteur.com\/en\/product\/tums-antacid-assorted-fruit\/","title":{"rendered":"TUMS ANTACID ASSORTED FRUIT"},"content":{"rendered":"","protected":false},"excerpt":{"rendered":"","protected":false},"featured_media":0,"comment_status":"open","ping_status":"closed","template":"","meta":[],"product_brand":[1046],"product_cat":[377],"product_tag":[],"class_list":{"0":"post-32967","1":"product","2":"type-product","3":"status-publish","5":"product_brand-tums","6":"product_cat-bath-body-works","8":"first","9":"instock","10":"shipping-taxable","11":"product-type-simple"},"jetpack-related-posts":[{"id":32964,"url":"https:\/\/sakaba.mghosteur.com\/en\/product\/tums-antacid-assorted-berries\/","url_meta":{"origin":32967,"position":0},"title":"TUMS ANTACID ASSORTED BERRIES","author":"admin","date":"May 16, 2024","format":false,"excerpt":"","rel":"","context":"Similar post","block_context":{"text":"Similar post","link":""},"img":{"alt_text":"","src":"","width":0,"height":0},"classes":[]},{"id":32970,"url":"https:\/\/sakaba.mghosteur.com\/en\/product\/tums-antacid-naturals\/","url_meta":{"origin":32967,"position":1},"title":"TUMS ANTACID NATURALS","author":"admin","date":"May 16, 2024","format":false,"excerpt":"","rel":"","context":"Similar post","block_context":{"text":"Similar post","link":""},"img":{"alt_text":"","src":"","width":0,"height":0},"classes":[]},{"id":25493,"url":"https:\/\/sakaba.mghosteur.com\/en\/product\/ums-antacid-naturals\/","url_meta":{"origin":32967,"position":2},"title":"UMS ANTACID NATURALS","author":"admin","date":"November 14, 2022","format":false,"excerpt":"","rel":"","context":"Similar post","block_context":{"text":"Similar post","link":""},"img":{"alt_text":"","src":"","width":0,"height":0},"classes":[]},{"id":27349,"url":"https:\/\/sakaba.mghosteur.com\/en\/product\/fruit-babies-bestsellers-kit\/","url_meta":{"origin":32967,"position":3},"title":"FRUIT BABIES BESTSELLERS KIT","author":"admin","date":"November 29, 2022","format":false,"excerpt":"","rel":"","context":"Similar post","block_context":{"text":"Similar post","link":""},"img":{"alt_text":"","src":"","width":0,"height":0},"classes":[]},{"id":27664,"url":"https:\/\/sakaba.mghosteur.com\/en\/product\/refresh-skin-therapy-fruit-acid-15-gel-peel\/","url_meta":{"origin":32967,"position":4},"title":"Refresh Skin Therapy Fruit Acid 15% gel Peel","author":"admin","date":"November 29, 2022","format":false,"excerpt":"Le gel peeling aux acides de fruits 15 % de Refresh Skin Therapy est un produit cosm\u00e9tique qui utilise des acides de fruits pour exfolier et renouveler la peau. Il peut aider \u00e0 r\u00e9duire les ridules et les rides, \u00e0 \u00e9claircir les taches pigmentaires et \u00e0 acc\u00e9l\u00e9rer le renouvellement de\u2026","rel":"","context":"Similar post","block_context":{"text":"Similar post","link":""},"img":{"alt_text":"","src":"","width":0,"height":0},"classes":[]},{"id":26782,"url":"https:\/\/sakaba.mghosteur.com\/en\/product\/olay-scrubs-pore-perfecting-vitamin-c-dragon-fruit\/","url_meta":{"origin":32967,"position":5},"title":"Olay Scrubs Pore Perfecting &#8211; Vitamin C + Dragon Fruit","author":"admin","date":"November 28, 2022","format":false,"excerpt":"","rel":"","context":"Similar post","block_context":{"text":"Similar post","link":""},"img":{"alt_text":"","src":"","width":0,"height":0},"classes":[]}],"_links":{"self":[{"href":"https:\/\/sakaba.mghosteur.com\/en\/wp-json\/wp\/v2\/product\/32967","targetHints":{"allow":["GET"]}}],"collection":[{"href":"https:\/\/sakaba.mghosteur.com\/en\/wp-json\/wp\/v2\/product"}],"about":[{"href":"https:\/\/sakaba.mghosteur.com\/en\/wp-json\/wp\/v2\/types\/product"}],"replies":[{"embeddable":true,"href":"https:\/\/sakaba.mghosteur.com\/en\/wp-json\/wp\/v2\/comments?post=32967"}],"version-history":[{"count":0,"href":"https:\/\/sakaba.mghosteur.com\/en\/wp-json\/wp\/v2\/product\/32967\/revisions"}],"wp:attachment":[{"href":"https:\/\/sakaba.mghosteur.com\/en\/wp-json\/wp\/v2\/media?parent=32967"}],"wp:term":[{"taxonomy":"product_brand","embeddable":true,"href":"https:\/\/sakaba.mghosteur.com\/en\/wp-json\/wp\/v2\/product_brand?post=32967"},{"taxonomy":"product_cat","embeddable":true,"href":"https:\/\/sakaba.mghosteur.com\/en\/wp-json\/wp\/v2\/product_cat?post=32967"},{"taxonomy":"product_tag","embeddable":true,"href":"https:\/\/sakaba.mghosteur.com\/en\/wp-json\/wp\/v2\/product_tag?post=32967"}],"curies":[{"name":"wp","href":"https:\/\/api.w.org\/{rel}","templated":true}]}}