{"id":32977,"date":"2024-05-17T15:22:46","date_gmt":"2024-05-17T15:22:46","guid":{"rendered":"https:\/\/sakaba.mghosteur.com\/?post_type=product&#038;p=32977"},"modified":"2024-08-07T01:07:31","modified_gmt":"2024-08-07T01:07:31","slug":"bright-plus-serum-intensif-eclaircissant-anti-tach","status":"publish","type":"product","link":"https:\/\/sakaba.mghosteur.com\/en\/product\/bright-plus-serum-intensif-eclaircissant-anti-tach\/","title":{"rendered":"BRIGHT PLUS SERUM INTENSIF ECLAIRCISSANT ANTI TACHE"},"content":{"rendered":"<p>S\u00e9rum puissant \u00e0 absorption rapide qui illumine visiblement, aide \u00e0 raviver la peau terne et cible les taches brunes caus\u00e9es par la pollution, les rayons UV nocifs et les imperfections. La formule avanc\u00e9e infus\u00e9e d&#8217;extraits de superfruits (nouveau myrte rose et graine de cerise ac\u00e9rola, mieux connue pour sa forte teneur en vitamine C) illumine visiblement, renforce l&#8217;\u00e9clat et aide \u00e0 r\u00e9v\u00e9ler un teint plus uniforme.<\/p>","protected":false},"excerpt":{"rendered":"<p>S\u00e9rum puissant \u00e0 absorption rapide qui illumine visiblement, aide \u00e0 raviver la peau terne et cible les taches brunes caus\u00e9es par la pollution, les rayons UV nocifs et les imperfections. La formule avanc\u00e9e infus\u00e9e d&#8217;extraits de superfruits (nouveau myrte rose et graine de cerise ac\u00e9rola, mieux connue pour sa forte teneur en vitamine C) illumine<span class=\"read-more-faq\"><a href=\"https:\/\/sakaba.mghosteur.com\/en\/product\/bright-plus-serum-intensif-eclaircissant-anti-tach\/\">Read More<\/a><\/span><\/p>","protected":false},"featured_media":0,"comment_status":"open","ping_status":"closed","template":"","meta":[],"product_brand":[820],"product_cat":[293,291,451,334],"product_tag":[],"class_list":{"0":"post-32977","1":"product","2":"type-product","3":"status-publish","5":"product_brand-clarins","6":"product_cat-anti-taches","7":"product_cat-eclaircissant","8":"product_cat-aab-soin-du-visage","9":"product_cat-traitement-serum","11":"first","12":"instock","13":"shipping-taxable","14":"product-type-simple"},"jetpack-related-posts":[{"id":32980,"url":"https:\/\/sakaba.mghosteur.com\/en\/product\/clarins-bright-plus-30ml\/","url_meta":{"origin":32977,"position":0},"title":"CLARINS BRIGHT PLUS 30ML","author":"admin","date":"May 17, 2024","format":false,"excerpt":"S\u00e9rum illuminateur puissant qui aide \u00e0 raviver la peau terne et cible tous les types de taches brunes pour un teint visiblement plus lumineux et plus uniforme.","rel":"","context":"Similar post","block_context":{"text":"Similar post","link":""},"img":{"alt_text":"","src":"","width":0,"height":0},"classes":[]},{"id":32983,"url":"https:\/\/sakaba.mghosteur.com\/en\/product\/clarins-bright-plus-advanced-brightening-dark-spot-targeting-serum-1-0-oz\/","url_meta":{"origin":32977,"position":1},"title":"Clarins Bright Plus Advanced Brightening Dark Spot-Targeting Serum 1.0 OZ","author":"admin","date":"May 17, 2024","format":false,"excerpt":"S\u00e9rum illuminateur puissant qui aide \u00e0 raviver la peau terne et cible tous les types de taches brunes pour un teint visiblement plus lumineux et plus uniforme.","rel":"","context":"Similar post","block_context":{"text":"Similar post","link":""},"img":{"alt_text":"","src":"","width":0,"height":0},"classes":[]},{"id":32986,"url":"https:\/\/sakaba.mghosteur.com\/en\/product\/clarins-bright-plus-advanced-brightening-dark-spot-targeting-serum-1-7-oz\/","url_meta":{"origin":32977,"position":2},"title":"Clarins Bright Plus Advanced Brightening Dark Spot-Targeting Serum 1.7 OZ","author":"admin","date":"May 17, 2024","format":false,"excerpt":"S\u00e9rum illuminateur puissant qui aide \u00e0 raviver la peau terne et cible tous les types de taches brunes pour un teint visiblement plus lumineux et plus uniforme.","rel":"","context":"Similar post","block_context":{"text":"Similar post","link":""},"img":{"alt_text":"","src":"","width":0,"height":0},"classes":[]},{"id":26855,"url":"https:\/\/sakaba.mghosteur.com\/en\/product\/discoloration-repair-serum-with-tranexamic-acidba\/","url_meta":{"origin":32977,"position":3},"title":"DISCOLORATION REPAIR SERUM WITH TRANEXAMIC ACID+BA","author":"admin","date":"November 28, 2022","format":false,"excerpt":"Le S\u00e9rum R\u00e9parateur de D\u00e9coloration de la marque Paula's Choice est un produit de qualit\u00e9 pour votre routine de soin du visage. Avec son complexe tranexamique, bakuchiol et niacinamide, ce s\u00e9rum cible efficacement les taches brunes et grises tout en pr\u00e9venant la formation de nouvelles d\u00e9colorations. Il r\u00e9duit visiblement les\u2026","rel":"","context":"Similar post","block_context":{"text":"Similar post","link":""},"img":{"alt_text":"","src":"","width":0,"height":0},"classes":[]},{"id":32618,"url":"https:\/\/sakaba.mghosteur.com\/en\/product\/olehenriksen-banana-bright-vitamin-cserum\/","url_meta":{"origin":32977,"position":4},"title":"OLEHENRIKSEN BANANA Bright VITAMIN CSERUM","author":"admin","date":"May 15, 2024","format":false,"excerpt":"Enrichi de trois actifs qui donnent de l'\u00e9clat, le s\u00e9rum Banana Bright Vitamin C d'Ole Henriksen illumine, \u00e9quilibre et prot\u00e8ge visiblement la peau des polluants et des agresseurs ternes. Une concentration de 15 % de vitamine C favorise un teint plus lumineux et plus rebondi. R\u00e9put\u00e9 pour ses bienfaits unifiants,\u2026","rel":"","context":"Similar post","block_context":{"text":"Similar post","link":""},"img":{"alt_text":"","src":"","width":0,"height":0},"classes":[]},{"id":31711,"url":"https:\/\/sakaba.mghosteur.com\/en\/product\/byoma-brightening-serum\/","url_meta":{"origin":32977,"position":5},"title":"BYOMA BRIGHTENING SERUM","author":"admin","date":"May 10, 2024","format":false,"excerpt":"S\u00c9RUM \u00c9CLAIRCISSANT \u00c9CLAIRCIR ET HYDRATER 30 ML\/1,01 FL.OZ Ce puissant s\u00e9rum \u00e9claircissant pour le visage aide \u00e0 am\u00e9liorer consid\u00e9rablement le teint et la texture de la peau pour des r\u00e9sultats uniformes et \u00e9clatants. Ce s\u00e9rum l\u00e9ger illumine visiblement tout en aidant \u00e0 att\u00e9nuer les signes d'hyperpigmentation et le teint irr\u00e9gulier\u2026","rel":"","context":"Similar post","block_context":{"text":"Similar post","link":""},"img":{"alt_text":"","src":"","width":0,"height":0},"classes":[]}],"_links":{"self":[{"href":"https:\/\/sakaba.mghosteur.com\/en\/wp-json\/wp\/v2\/product\/32977","targetHints":{"allow":["GET"]}}],"collection":[{"href":"https:\/\/sakaba.mghosteur.com\/en\/wp-json\/wp\/v2\/product"}],"about":[{"href":"https:\/\/sakaba.mghosteur.com\/en\/wp-json\/wp\/v2\/types\/product"}],"replies":[{"embeddable":true,"href":"https:\/\/sakaba.mghosteur.com\/en\/wp-json\/wp\/v2\/comments?post=32977"}],"version-history":[{"count":0,"href":"https:\/\/sakaba.mghosteur.com\/en\/wp-json\/wp\/v2\/product\/32977\/revisions"}],"wp:attachment":[{"href":"https:\/\/sakaba.mghosteur.com\/en\/wp-json\/wp\/v2\/media?parent=32977"}],"wp:term":[{"taxonomy":"product_brand","embeddable":true,"href":"https:\/\/sakaba.mghosteur.com\/en\/wp-json\/wp\/v2\/product_brand?post=32977"},{"taxonomy":"product_cat","embeddable":true,"href":"https:\/\/sakaba.mghosteur.com\/en\/wp-json\/wp\/v2\/product_cat?post=32977"},{"taxonomy":"product_tag","embeddable":true,"href":"https:\/\/sakaba.mghosteur.com\/en\/wp-json\/wp\/v2\/product_tag?post=32977"}],"curies":[{"name":"wp","href":"https:\/\/api.w.org\/{rel}","templated":true}]}}