{"id":32980,"date":"2024-05-17T15:23:44","date_gmt":"2024-05-17T15:23:44","guid":{"rendered":"https:\/\/sakaba.mghosteur.com\/?post_type=product&#038;p=32980"},"modified":"2024-08-07T19:01:31","modified_gmt":"2024-08-07T19:01:31","slug":"clarins-bright-plus-30ml","status":"publish","type":"product","link":"https:\/\/sakaba.mghosteur.com\/en\/product\/clarins-bright-plus-30ml\/","title":{"rendered":"CLARINS BRIGHT PLUS 30ML"},"content":{"rendered":"<p>S\u00e9rum illuminateur puissant qui aide \u00e0 raviver la peau terne et cible tous les types de taches brunes pour un teint visiblement plus lumineux et plus uniforme.<\/p>","protected":false},"excerpt":{"rendered":"<p>S\u00e9rum illuminateur puissant qui aide \u00e0 raviver la peau terne et cible tous les types de taches brunes pour un teint visiblement plus lumineux et plus uniforme.<\/p>","protected":false},"featured_media":0,"comment_status":"open","ping_status":"closed","template":"","meta":[],"product_brand":[820],"product_cat":[293,291,451,334],"product_tag":[],"class_list":{"0":"post-32980","1":"product","2":"type-product","3":"status-publish","5":"product_brand-clarins","6":"product_cat-anti-taches","7":"product_cat-eclaircissant","8":"product_cat-aab-soin-du-visage","9":"product_cat-traitement-serum","11":"first","12":"instock","13":"shipping-taxable","14":"product-type-simple"},"jetpack-related-posts":[{"id":23822,"url":"https:\/\/sakaba.mghosteur.com\/en\/product\/satin-skinz-glutathione-plus-astaxanthin-plus\/","url_meta":{"origin":32980,"position":0},"title":"SATIN SKINZ GLUTATHIONE PLUS ASTAXANTHIN PLUS","author":"admin","date":"November 8, 2022","format":false,"excerpt":"Satin Skinz Glutathione Plus & Astaxanthin Plus est un produit de beaut\u00e9 innovant qui offre une multitude d'avantages pour votre peau. Ce produit de la marque Satin Skinz est compos\u00e9 d'un m\u00e9lange d'ingr\u00e9dients soigneusement s\u00e9lectionn\u00e9s pour vous aider \u00e0 obtenir une peau plus jeune et plus lumineuse. Le glutathion est\u2026","rel":"","context":"Similar post","block_context":{"text":"Similar post","link":""},"img":{"alt_text":"","src":"","width":0,"height":0},"classes":[]},{"id":26537,"url":"https:\/\/sakaba.mghosteur.com\/en\/product\/gluta-c-glutathione-and-vitamin-c-with-kojic-plus-3\/","url_meta":{"origin":32980,"position":1},"title":"GLUTA-C GLUTATHIONE AND VITAMIN C WITH KOJIC PLUS+","author":"admin","date":"November 25, 2022","format":false,"excerpt":"Gluta-C Kojic Plus+ est un syst\u00e8me de blanchiment qui offre une action blanchissante 4X plus intense gr\u00e2ce au glutathion, \u00e0 la vitamine C, \u00e0 l'acide kojique et au diglycinate d'az\u00e9loayle. Il contient \u00e9galement 3X plus d'antioxydants pour une peau plus saine, plus lisse et plus douce. Gluta-C Kojic Plus+ peut\u2026","rel":"","context":"Similar post","block_context":{"text":"Similar post","link":""},"img":{"alt_text":"","src":"","width":0,"height":0},"classes":[]},{"id":23826,"url":"https:\/\/sakaba.mghosteur.com\/en\/product\/satin-skinz-hithion-plus\/","url_meta":{"origin":32980,"position":2},"title":"SATIN SKINZ HITHION PLUS","author":"admin","date":"November 8, 2022","format":false,"excerpt":"Le produit Satin Skinz Hithion Plus de la marque Satin Skin est une formule de blanchiment avanc\u00e9e, sp\u00e9cialement con\u00e7ue pour les peaux brunes \u00e0 tr\u00e8s fonc\u00e9es. Elle est dix fois plus puissante que le L-Glutathion et est formul\u00e9e avec des ingr\u00e9dients de haute qualit\u00e9 tels que la Pureway C, l'Appleh\u00e9non,\u2026","rel":"","context":"Similar post","block_context":{"text":"Similar post","link":""},"img":{"alt_text":"","src":"","width":0,"height":0},"classes":[]},{"id":28856,"url":"https:\/\/sakaba.mghosteur.com\/en\/product\/glytone-kp-kit-body-therapy\/","url_meta":{"origin":32980,"position":3},"title":"GLYTONE KP KIT BODY THERAPY","author":"admin","date":"March 6, 2023","format":false,"excerpt":"Obtenez une peau plus douce, plus \u00e9clatante et plus uniforme avec le kit Glytone Retexturize KP ! Ce traitement en deux \u00e9tapes pour la k\u00e9ratose pilaire est con\u00e7u pour renouveler la peau rugueuse et s\u00e8che tout en minimisant les bosses rouges disgracieuses. Les niveaux intenses d'acide glycolique \"libre\" dans la\u2026","rel":"","context":"Similar post","block_context":{"text":"Similar post","link":""},"img":{"alt_text":"","src":"","width":0,"height":0},"classes":[]},{"id":27915,"url":"https:\/\/sakaba.mghosteur.com\/en\/product\/bright-plus-30ml\/","url_meta":{"origin":32980,"position":4},"title":"BRIGHT PLUS 30ML","author":"admin","date":"November 29, 2022","format":false,"excerpt":"","rel":"","context":"Similar post","block_context":{"text":"Similar post","link":""},"img":{"alt_text":"","src":"","width":0,"height":0},"classes":[]},{"id":32983,"url":"https:\/\/sakaba.mghosteur.com\/en\/product\/clarins-bright-plus-advanced-brightening-dark-spot-targeting-serum-1-0-oz\/","url_meta":{"origin":32980,"position":5},"title":"Clarins Bright Plus Advanced Brightening Dark Spot-Targeting Serum 1.0 OZ","author":"admin","date":"May 17, 2024","format":false,"excerpt":"S\u00e9rum illuminateur puissant qui aide \u00e0 raviver la peau terne et cible tous les types de taches brunes pour un teint visiblement plus lumineux et plus uniforme.","rel":"","context":"Similar post","block_context":{"text":"Similar post","link":""},"img":{"alt_text":"","src":"","width":0,"height":0},"classes":[]}],"_links":{"self":[{"href":"https:\/\/sakaba.mghosteur.com\/en\/wp-json\/wp\/v2\/product\/32980","targetHints":{"allow":["GET"]}}],"collection":[{"href":"https:\/\/sakaba.mghosteur.com\/en\/wp-json\/wp\/v2\/product"}],"about":[{"href":"https:\/\/sakaba.mghosteur.com\/en\/wp-json\/wp\/v2\/types\/product"}],"replies":[{"embeddable":true,"href":"https:\/\/sakaba.mghosteur.com\/en\/wp-json\/wp\/v2\/comments?post=32980"}],"version-history":[{"count":0,"href":"https:\/\/sakaba.mghosteur.com\/en\/wp-json\/wp\/v2\/product\/32980\/revisions"}],"wp:attachment":[{"href":"https:\/\/sakaba.mghosteur.com\/en\/wp-json\/wp\/v2\/media?parent=32980"}],"wp:term":[{"taxonomy":"product_brand","embeddable":true,"href":"https:\/\/sakaba.mghosteur.com\/en\/wp-json\/wp\/v2\/product_brand?post=32980"},{"taxonomy":"product_cat","embeddable":true,"href":"https:\/\/sakaba.mghosteur.com\/en\/wp-json\/wp\/v2\/product_cat?post=32980"},{"taxonomy":"product_tag","embeddable":true,"href":"https:\/\/sakaba.mghosteur.com\/en\/wp-json\/wp\/v2\/product_tag?post=32980"}],"curies":[{"name":"wp","href":"https:\/\/api.w.org\/{rel}","templated":true}]}}