{"id":32986,"date":"2024-05-17T15:25:57","date_gmt":"2024-05-17T15:25:57","guid":{"rendered":"https:\/\/sakaba.mghosteur.com\/?post_type=product&#038;p=32986"},"modified":"2024-08-08T15:31:51","modified_gmt":"2024-08-08T15:31:51","slug":"clarins-bright-plus-advanced-brightening-dark-spot-targeting-serum-1-7-oz","status":"publish","type":"product","link":"https:\/\/sakaba.mghosteur.com\/en\/product\/clarins-bright-plus-advanced-brightening-dark-spot-targeting-serum-1-7-oz\/","title":{"rendered":"Clarins Bright Plus Advanced Brightening Dark Spot-Targeting Serum 1.7 OZ"},"content":{"rendered":"<p>S\u00e9rum illuminateur puissant qui aide \u00e0 raviver la peau terne et cible tous les types de taches brunes pour un teint visiblement plus lumineux et plus uniforme.<\/p>","protected":false},"excerpt":{"rendered":"<p>S\u00e9rum illuminateur puissant qui aide \u00e0 raviver la peau terne et cible tous les types de taches brunes pour un teint visiblement plus lumineux et plus uniforme.<\/p>","protected":false},"featured_media":0,"comment_status":"open","ping_status":"closed","template":"","meta":[],"product_brand":[820],"product_cat":[293,451,334],"product_tag":[],"class_list":{"0":"post-32986","1":"product","2":"type-product","3":"status-publish","5":"product_brand-clarins","6":"product_cat-anti-taches","7":"product_cat-aab-soin-du-visage","8":"product_cat-traitement-serum","10":"first","11":"instock","12":"shipping-taxable","13":"product-type-simple"},"jetpack-related-posts":[{"id":32983,"url":"https:\/\/sakaba.mghosteur.com\/en\/product\/clarins-bright-plus-advanced-brightening-dark-spot-targeting-serum-1-0-oz\/","url_meta":{"origin":32986,"position":0},"title":"Clarins Bright Plus Advanced Brightening Dark Spot-Targeting Serum 1.0 OZ","author":"admin","date":"May 17, 2024","format":false,"excerpt":"S\u00e9rum illuminateur puissant qui aide \u00e0 raviver la peau terne et cible tous les types de taches brunes pour un teint visiblement plus lumineux et plus uniforme.","rel":"","context":"Similar post","block_context":{"text":"Similar post","link":""},"img":{"alt_text":"","src":"","width":0,"height":0},"classes":[]},{"id":27277,"url":"https:\/\/sakaba.mghosteur.com\/en\/product\/good-molecules-daily-brightening-serum\/","url_meta":{"origin":32986,"position":1},"title":"GOOD MOLECULES DAILY  BRIGHTENING SERUM","author":"admin","date":"November 29, 2022","format":false,"excerpt":"Ce s\u00e9rum est facile \u00e0 int\u00e9grer \u00e0 votre routine de soins de la peau quotidienne, en appliquant simplement quelques gouttes sur votre visage et en massant doucement. Convient \u00e0 tous les types de peau. Avec une utilisation r\u00e9guli\u00e8re, vous pouvez vous attendre \u00e0 une peau plus lumineuse, plus lisse et\u2026","rel":"","context":"Similar post","block_context":{"text":"Similar post","link":""},"img":{"alt_text":"","src":"","width":0,"height":0},"classes":[]},{"id":28051,"url":"https:\/\/sakaba.mghosteur.com\/en\/product\/niacinamide-serum-12-plus-zinc-2\/","url_meta":{"origin":32986,"position":2},"title":"NIACINAMIDE SERUM 12% PLUS ZINC 2%","author":"admin","date":"November 29, 2022","format":false,"excerpt":"","rel":"","context":"Similar post","block_context":{"text":"Similar post","link":""},"img":{"alt_text":"","src":"","width":0,"height":0},"classes":[]},{"id":56189,"url":"https:\/\/sakaba.mghosteur.com\/en\/product\/deep-cera-bakuchiol-plumping-serum\/","url_meta":{"origin":32986,"position":3},"title":"Deep Cera Bakuchiol Plumping Serum","author":"Sope DIA","date":"January 2, 2026","format":false,"excerpt":"ALTERNATIVE NATURELLE AU R\u00c9TINOL\u00a0: D\u00e9couvrez le pouvoir du bakuchiol, une alternative naturelle au r\u00e9tinol. Formul\u00e9 avec 5\u00a0000\u00a0ppm de bakuchiol, ce s\u00e9rum stimule la production de collag\u00e8ne pour une peau plus lisse et plus ferme. SANS IRRITATION\u00a0: Apaisez et prenez soin de votre peau avec le s\u00e9rum au bakuchiol, qui offre\u2026","rel":"","context":"Similar post","block_context":{"text":"Similar post","link":""},"img":{"alt_text":"","src":"","width":0,"height":0},"classes":[]},{"id":23957,"url":"https:\/\/sakaba.mghosteur.com\/en\/product\/cerave-skin-renewing-retinol-serum\/","url_meta":{"origin":32986,"position":4},"title":"CERAVE SKIN RENEWING RETINOL SERUM","author":"admin","date":"November 9, 2022","format":false,"excerpt":"Le s\u00e9rum r\u00e9g\u00e9n\u00e9rant au r\u00e9tinol pour la peau douce de CeraVe est un excellent choix pour votre routine de soins anti-\u00e2ge. Ce s\u00e9rum est sp\u00e9cialement formul\u00e9 pour am\u00e9liorer l'apparence des ridules et des rides, de la texture et de l'\u00e9clat de votre peau. En utilisant ce s\u00e9rum, vous pourrez b\u00e9n\u00e9ficier\u2026","rel":"","context":"Similar post","block_context":{"text":"Similar post","link":""},"img":{"alt_text":"","src":"","width":0,"height":0},"classes":[]},{"id":26855,"url":"https:\/\/sakaba.mghosteur.com\/en\/product\/discoloration-repair-serum-with-tranexamic-acidba\/","url_meta":{"origin":32986,"position":5},"title":"DISCOLORATION REPAIR SERUM WITH TRANEXAMIC ACID+BA","author":"admin","date":"November 28, 2022","format":false,"excerpt":"Le S\u00e9rum R\u00e9parateur de D\u00e9coloration de la marque Paula's Choice est un produit de qualit\u00e9 pour votre routine de soin du visage. Avec son complexe tranexamique, bakuchiol et niacinamide, ce s\u00e9rum cible efficacement les taches brunes et grises tout en pr\u00e9venant la formation de nouvelles d\u00e9colorations. Il r\u00e9duit visiblement les\u2026","rel":"","context":"Similar post","block_context":{"text":"Similar post","link":""},"img":{"alt_text":"","src":"","width":0,"height":0},"classes":[]}],"_links":{"self":[{"href":"https:\/\/sakaba.mghosteur.com\/en\/wp-json\/wp\/v2\/product\/32986","targetHints":{"allow":["GET"]}}],"collection":[{"href":"https:\/\/sakaba.mghosteur.com\/en\/wp-json\/wp\/v2\/product"}],"about":[{"href":"https:\/\/sakaba.mghosteur.com\/en\/wp-json\/wp\/v2\/types\/product"}],"replies":[{"embeddable":true,"href":"https:\/\/sakaba.mghosteur.com\/en\/wp-json\/wp\/v2\/comments?post=32986"}],"version-history":[{"count":0,"href":"https:\/\/sakaba.mghosteur.com\/en\/wp-json\/wp\/v2\/product\/32986\/revisions"}],"wp:attachment":[{"href":"https:\/\/sakaba.mghosteur.com\/en\/wp-json\/wp\/v2\/media?parent=32986"}],"wp:term":[{"taxonomy":"product_brand","embeddable":true,"href":"https:\/\/sakaba.mghosteur.com\/en\/wp-json\/wp\/v2\/product_brand?post=32986"},{"taxonomy":"product_cat","embeddable":true,"href":"https:\/\/sakaba.mghosteur.com\/en\/wp-json\/wp\/v2\/product_cat?post=32986"},{"taxonomy":"product_tag","embeddable":true,"href":"https:\/\/sakaba.mghosteur.com\/en\/wp-json\/wp\/v2\/product_tag?post=32986"}],"curies":[{"name":"wp","href":"https:\/\/api.w.org\/{rel}","templated":true}]}}