{"id":32989,"date":"2024-05-17T15:27:05","date_gmt":"2024-05-17T15:27:05","guid":{"rendered":"https:\/\/sakaba.mghosteur.com\/?post_type=product&#038;p=32989"},"modified":"2024-05-29T12:52:39","modified_gmt":"2024-05-29T12:52:39","slug":"clarins-lotion-tonique-purifiant","status":"publish","type":"product","link":"https:\/\/sakaba.mghosteur.com\/en\/product\/clarins-lotion-tonique-purifiant\/","title":{"rendered":"CLARINS LOTION TONIQUE PURIFIANT"},"content":{"rendered":"","protected":false},"excerpt":{"rendered":"","protected":false},"featured_media":0,"comment_status":"open","ping_status":"closed","template":"","meta":[],"product_brand":[820],"product_cat":[355],"product_tag":[],"class_list":{"0":"post-32989","1":"product","2":"type-product","3":"status-publish","5":"product_brand-clarins","6":"product_cat-hydratant-corps","8":"first","9":"instock","10":"shipping-taxable","11":"product-type-simple"},"jetpack-related-posts":[{"id":29390,"url":"https:\/\/sakaba.mghosteur.com\/en\/product\/topicals-ingrown-tonic-lotion-tonique-pour-poils\/","url_meta":{"origin":32989,"position":0},"title":"TOPICALS INGROWN TONIC LOTION TONIQUE POUR POILS","author":"admin","date":"April 3, 2023","format":false,"excerpt":"Tonique incarn\u00e9 High Roller est un produit id\u00e9al pour ceux qui souffrent de coupures de rasoir et d'irritations. Il est con\u00e7u pour apaiser les irritations et pr\u00e9venir les bosses caus\u00e9es par les poils incarn\u00e9s. Son emballage hygi\u00e9nique est facile \u00e0 utiliser, sans g\u00e2chis et rend le traitement des poils incarn\u00e9s\u2026","rel":"","context":"Similar post","block_context":{"text":"Similar post","link":""},"img":{"alt_text":"","src":"","width":0,"height":0},"classes":[]},{"id":28327,"url":"https:\/\/sakaba.mghosteur.com\/en\/product\/harry-s-freshening-face-toner\/","url_meta":{"origin":32989,"position":1},"title":"HARRY\u2019S FRESHENING FACE TONER","author":"admin","date":"November 30, 2022","format":false,"excerpt":"Lotion tonique pour le visage Harry's pour hommes pour hydrater et rafra\u00eechir l\u00e9g\u00e8rement le visage Fabriqu\u00e9 avec des ingr\u00e9dients r\u00e9fl\u00e9chis Tonique l\u00e9g\u00e8rement hydratant pour le visage formul\u00e9 sans alcool \u2013 Laisse la peau \u00e9quilibr\u00e9e, non collante ni s\u00e8che Rafra\u00eechit imm\u00e9diatement \u2013 Laisse la peau propre et hydrat\u00e9e Parfum frais d'eucalyptus\u2026","rel":"","context":"Similar post","block_context":{"text":"Similar post","link":""},"img":{"alt_text":"","src":"","width":0,"height":0},"classes":[]},{"id":56135,"url":"https:\/\/sakaba.mghosteur.com\/en\/product\/anua-heartleaf-70-intense-calming-cream\/","url_meta":{"origin":32989,"position":2},"title":"Anua Heartleaf 70 Intense Calming Cream","author":"Sope DIA","date":"January 2, 2026","format":false,"excerpt":"LOTION TONIQUE APAISANTE POUR LE VISAGE \u2013 Enrichie en extrait de feuille de c\u0153ur \u00e0 la plus haute concentration, reconnu pour ses effets calmants, cette lotion tonique est con\u00e7ue pour apaiser, tonifier, hydrater et \u00e9quilibrer le pH de la peau. R\u00c9PARE LA BARRI\u00c8RE CUTAN\u00c9E ENDOMMAG\u00c9E \u2013 Contient des c\u00e9ramides et\u2026","rel":"","context":"Similar post","block_context":{"text":"Similar post","link":""},"img":{"alt_text":"","src":"","width":0,"height":0},"classes":[]},{"id":29681,"url":"https:\/\/sakaba.mghosteur.com\/en\/product\/palmers-firm-tones-firming-body-lotion\/","url_meta":{"origin":32989,"position":3},"title":"PALMERS FIRM TONES FIRMING BODY LOTION","author":"admin","date":"April 13, 2023","format":false,"excerpt":"Le lait corporel raffermissant Palmer's est un produit de soin de la peau qui utilise du beurre de cacao naturel, du collag\u00e8ne, de l'\u00e9lastine, du Q10 et de la vitamine E pour tonifier et raffermir visiblement la peau. Ce produit offre 48 heures d'humidit\u00e9 et est respectueux des v\u00e9g\u00e9taliens, sans\u2026","rel":"","context":"Similar post","block_context":{"text":"Similar post","link":""},"img":{"alt_text":"","src":"","width":0,"height":0},"classes":[]},{"id":27630,"url":"https:\/\/sakaba.mghosteur.com\/en\/product\/aloe-bha-skin-toner\/","url_meta":{"origin":32989,"position":4},"title":"ALOE BHA SKIN TONER","author":"admin","date":"November 29, 2022","format":false,"excerpt":"","rel":"","context":"Similar post","block_context":{"text":"Similar post","link":""},"img":{"alt_text":"","src":"","width":0,"height":0},"classes":[]},{"id":56144,"url":"https:\/\/sakaba.mghosteur.com\/en\/product\/anua-rice-70-glow-milky-toner\/","url_meta":{"origin":32989,"position":5},"title":"Anua Rice 70 Glow Milky Toner","author":"Sope DIA","date":"January 2, 2026","format":false,"excerpt":"LOTION TONIQUE LAIT\u00c9E L\u00c9G\u00c8RE POUR UNE PEAU DE VERRE : Offre une hydratation intense gr\u00e2ce \u00e0 un m\u00e9lange d'eau de riz, de niacinamide et de c\u00e9ramides, tout en laissant un fini rafra\u00eechissant et non collant pour une peau de verre. EAU DE RIZ ET NIACINAMIDE POUR HYDRATER : Contient 70\u2026","rel":"","context":"Similar post","block_context":{"text":"Similar post","link":""},"img":{"alt_text":"","src":"","width":0,"height":0},"classes":[]}],"_links":{"self":[{"href":"https:\/\/sakaba.mghosteur.com\/en\/wp-json\/wp\/v2\/product\/32989","targetHints":{"allow":["GET"]}}],"collection":[{"href":"https:\/\/sakaba.mghosteur.com\/en\/wp-json\/wp\/v2\/product"}],"about":[{"href":"https:\/\/sakaba.mghosteur.com\/en\/wp-json\/wp\/v2\/types\/product"}],"replies":[{"embeddable":true,"href":"https:\/\/sakaba.mghosteur.com\/en\/wp-json\/wp\/v2\/comments?post=32989"}],"version-history":[{"count":0,"href":"https:\/\/sakaba.mghosteur.com\/en\/wp-json\/wp\/v2\/product\/32989\/revisions"}],"wp:attachment":[{"href":"https:\/\/sakaba.mghosteur.com\/en\/wp-json\/wp\/v2\/media?parent=32989"}],"wp:term":[{"taxonomy":"product_brand","embeddable":true,"href":"https:\/\/sakaba.mghosteur.com\/en\/wp-json\/wp\/v2\/product_brand?post=32989"},{"taxonomy":"product_cat","embeddable":true,"href":"https:\/\/sakaba.mghosteur.com\/en\/wp-json\/wp\/v2\/product_cat?post=32989"},{"taxonomy":"product_tag","embeddable":true,"href":"https:\/\/sakaba.mghosteur.com\/en\/wp-json\/wp\/v2\/product_tag?post=32989"}],"curies":[{"name":"wp","href":"https:\/\/api.w.org\/{rel}","templated":true}]}}