{"id":32992,"date":"2024-05-17T15:28:17","date_gmt":"2024-05-17T15:28:17","guid":{"rendered":"https:\/\/sakaba.mghosteur.com\/?post_type=product&#038;p=32992"},"modified":"2024-05-29T12:49:45","modified_gmt":"2024-05-29T12:49:45","slug":"dove-advanced-care-100-color-sheer-fres-dry-spay-invidible","status":"publish","type":"product","link":"https:\/\/sakaba.mghosteur.com\/en\/product\/dove-advanced-care-100-color-sheer-fres-dry-spay-invidible\/","title":{"rendered":"DOVE ADVANCED CARE 100 COLOR SHEER FRES DRY SPAY INVIDIBLE"},"content":{"rendered":"","protected":false},"excerpt":{"rendered":"","protected":false},"featured_media":0,"comment_status":"open","ping_status":"closed","template":"","meta":[],"product_brand":[839],"product_cat":[379],"product_tag":[],"class_list":{"0":"post-32992","1":"product","2":"type-product","3":"status-publish","5":"product_brand-dove","6":"product_cat-deodorant","8":"first","9":"instock","10":"shipping-taxable","11":"product-type-simple"},"jetpack-related-posts":[{"id":32995,"url":"https:\/\/sakaba.mghosteur.com\/en\/product\/dove-advanced-care-apple-white-tea-dry-spay-go-fresh\/","url_meta":{"origin":32992,"position":0},"title":"DOVE ADVANCED CARE APPLE &amp; WHITE TEA DRY SPAY GO FRESH","author":"admin","date":"May 17, 2024","format":false,"excerpt":"Un d\u00e9odorant anti-transpirant en spray sec 72 heures au parfum de pomme fra\u00eeche, pour des aisselles ultra douces, m\u00eame apr\u00e8s le rasage.","rel":"","context":"Similar post","block_context":{"text":"Similar post","link":""},"img":{"alt_text":"","src":"","width":0,"height":0},"classes":[]},{"id":32999,"url":"https:\/\/sakaba.mghosteur.com\/en\/product\/dove-advanced-care-dry-spray-rose-petals\/","url_meta":{"origin":32992,"position":1},"title":"DOVE ADVANCED CARE DRY SPRAY ROSE PETALS","author":"admin","date":"May 17, 2024","format":false,"excerpt":"","rel":"","context":"Similar post","block_context":{"text":"Similar post","link":""},"img":{"alt_text":"","src":"","width":0,"height":0},"classes":[]},{"id":33042,"url":"https:\/\/sakaba.mghosteur.com\/en\/product\/dove-exfoliant-body-polish-pomegranate-seeds-shea-butter\/","url_meta":{"origin":32992,"position":2},"title":"DOVE EXFOLIANT BODY POLISH POMEGRANATE SEEDS &amp; SHEA BUTTER","author":"admin","date":"May 17, 2024","format":false,"excerpt":"Le gommage exfoliant pour le corps Dove Grenade et beurre de karit\u00e9 est un gommage doux qui contient du beurre de karit\u00e9 hydratant et est con\u00e7u pour nourrir et restaurer les nutriments naturels de la peau. Il a une texture cr\u00e9meuse qui s'\u00e9tale facilement et n'est pas trop agressive pour\u2026","rel":"","context":"Similar post","block_context":{"text":"Similar post","link":""},"img":{"alt_text":"","src":"","width":0,"height":0},"classes":[]},{"id":33261,"url":"https:\/\/sakaba.mghosteur.com\/en\/product\/eos-shea-better-dry-skin-shave-cream-coconut-oil\/","url_meta":{"origin":32992,"position":3},"title":"EOS SHEA BETTER DRY SKIN SHAVE CREAM COCONUT OIL","author":"admin","date":"May 20, 2024","format":false,"excerpt":"La cr\u00e8me \u00e0 raser pour peau s\u00e8che Eos Shea Better, richement r\u00e9g\u00e9n\u00e9rante et protectrice pour la peau, contient de l'huile de karit\u00e9 hydratante instantan\u00e9e et du beurre de karit\u00e9 protecteur longue dur\u00e9e pour une hydratation incroyable de 24 heures et un confort cutan\u00e9 durable.","rel":"","context":"Similar post","block_context":{"text":"Similar post","link":""},"img":{"alt_text":"","src":"","width":0,"height":0},"classes":[]},{"id":33002,"url":"https:\/\/sakaba.mghosteur.com\/en\/product\/dove-care-protect-hand-wash-antibacterial\/","url_meta":{"origin":32992,"position":4},"title":"DOVE CARE PROTECT HAND WASH ANTIBACTERIAL","author":"admin","date":"May 17, 2024","format":false,"excerpt":"","rel":"","context":"Similar post","block_context":{"text":"Similar post","link":""},"img":{"alt_text":"","src":"","width":0,"height":0},"classes":[]},{"id":27368,"url":"https:\/\/sakaba.mghosteur.com\/en\/product\/dove-men-care\/","url_meta":{"origin":32992,"position":5},"title":"Dove men care","author":"admin","date":"November 29, 2022","format":false,"excerpt":"","rel":"","context":"Similar post","block_context":{"text":"Similar post","link":""},"img":{"alt_text":"","src":"","width":0,"height":0},"classes":[]}],"_links":{"self":[{"href":"https:\/\/sakaba.mghosteur.com\/en\/wp-json\/wp\/v2\/product\/32992","targetHints":{"allow":["GET"]}}],"collection":[{"href":"https:\/\/sakaba.mghosteur.com\/en\/wp-json\/wp\/v2\/product"}],"about":[{"href":"https:\/\/sakaba.mghosteur.com\/en\/wp-json\/wp\/v2\/types\/product"}],"replies":[{"embeddable":true,"href":"https:\/\/sakaba.mghosteur.com\/en\/wp-json\/wp\/v2\/comments?post=32992"}],"version-history":[{"count":0,"href":"https:\/\/sakaba.mghosteur.com\/en\/wp-json\/wp\/v2\/product\/32992\/revisions"}],"wp:attachment":[{"href":"https:\/\/sakaba.mghosteur.com\/en\/wp-json\/wp\/v2\/media?parent=32992"}],"wp:term":[{"taxonomy":"product_brand","embeddable":true,"href":"https:\/\/sakaba.mghosteur.com\/en\/wp-json\/wp\/v2\/product_brand?post=32992"},{"taxonomy":"product_cat","embeddable":true,"href":"https:\/\/sakaba.mghosteur.com\/en\/wp-json\/wp\/v2\/product_cat?post=32992"},{"taxonomy":"product_tag","embeddable":true,"href":"https:\/\/sakaba.mghosteur.com\/en\/wp-json\/wp\/v2\/product_tag?post=32992"}],"curies":[{"name":"wp","href":"https:\/\/api.w.org\/{rel}","templated":true}]}}