{"id":32999,"date":"2024-05-17T15:30:44","date_gmt":"2024-05-17T15:30:44","guid":{"rendered":"https:\/\/sakaba.mghosteur.com\/?post_type=product&#038;p=32999"},"modified":"2024-05-29T12:47:40","modified_gmt":"2024-05-29T12:47:40","slug":"dove-advanced-care-dry-spray-rose-petals","status":"publish","type":"product","link":"https:\/\/sakaba.mghosteur.com\/en\/product\/dove-advanced-care-dry-spray-rose-petals\/","title":{"rendered":"DOVE ADVANCED CARE DRY SPRAY ROSE PETALS"},"content":{"rendered":"","protected":false},"excerpt":{"rendered":"","protected":false},"featured_media":0,"comment_status":"open","ping_status":"closed","template":"","meta":[],"product_brand":[839],"product_cat":[379],"product_tag":[],"class_list":{"0":"post-32999","1":"product","2":"type-product","3":"status-publish","5":"product_brand-dove","6":"product_cat-deodorant","8":"first","9":"instock","10":"shipping-taxable","11":"product-type-simple"},"jetpack-related-posts":[{"id":32995,"url":"https:\/\/sakaba.mghosteur.com\/en\/product\/dove-advanced-care-apple-white-tea-dry-spay-go-fresh\/","url_meta":{"origin":32999,"position":0},"title":"DOVE ADVANCED CARE APPLE &amp; WHITE TEA DRY SPAY GO FRESH","author":"admin","date":"May 17, 2024","format":false,"excerpt":"Un d\u00e9odorant anti-transpirant en spray sec 72 heures au parfum de pomme fra\u00eeche, pour des aisselles ultra douces, m\u00eame apr\u00e8s le rasage.","rel":"","context":"Similar post","block_context":{"text":"Similar post","link":""},"img":{"alt_text":"","src":"","width":0,"height":0},"classes":[]},{"id":32992,"url":"https:\/\/sakaba.mghosteur.com\/en\/product\/dove-advanced-care-100-color-sheer-fres-dry-spay-invidible\/","url_meta":{"origin":32999,"position":1},"title":"DOVE ADVANCED CARE 100 COLOR SHEER FRES DRY SPAY INVIDIBLE","author":"admin","date":"May 17, 2024","format":false,"excerpt":"","rel":"","context":"Similar post","block_context":{"text":"Similar post","link":""},"img":{"alt_text":"","src":"","width":0,"height":0},"classes":[]},{"id":33048,"url":"https:\/\/sakaba.mghosteur.com\/en\/product\/dove-men-care-cool-fresh\/","url_meta":{"origin":32999,"position":2},"title":"DOVE MEN CARE COOL FRESH","author":"admin","date":"May 17, 2024","format":false,"excerpt":"Offrez \u00e0 vos aisselles une fra\u00eecheur longue dur\u00e9e et une protection de 72 heures contre la transpiration et les odeurs avec ce antisudorifique en spray sec pour hommes.","rel":"","context":"Similar post","block_context":{"text":"Similar post","link":""},"img":{"alt_text":"","src":"","width":0,"height":0},"classes":[]},{"id":34219,"url":"https:\/\/sakaba.mghosteur.com\/en\/product\/fresh-rose-petal-soft-lip-cream\/","url_meta":{"origin":32999,"position":3},"title":"FRESH ROSE PETAL SOFT LIP CREAM","author":"admin","date":"May 27, 2024","format":false,"excerpt":"Hydratez vos l\u00e8vres avec la cr\u00e8me pour les l\u00e8vres hydratante en profondeur Rose Petal-Soft de Fresh. Cette formule soyeuse est enrichie en huile de fleur de rose nourrissante pour offrir jusqu'\u00e0 24 heures d'hydratation. Contribuant \u00e0 soulager les l\u00e8vres s\u00e8ches ou gerc\u00e9es, la cr\u00e8me revitalise pour favoriser une texture lisse\u2026","rel":"","context":"Similar post","block_context":{"text":"Similar post","link":""},"img":{"alt_text":"","src":"","width":0,"height":0},"classes":[]},{"id":25426,"url":"https:\/\/sakaba.mghosteur.com\/en\/product\/summers-eve-tahiti-sunset-freshening-spray\/","url_meta":{"origin":32999,"position":4},"title":"Summer&#8217;s eve tahiti sunset freshening spray","author":"admin","date":"November 14, 2022","format":false,"excerpt":"Une exp\u00e9rience rafra\u00eechissante et nettoyante pour votre zone intime afin que vous puissiez tout affronter. Les produits de soins f\u00e9minins rafra\u00eechissants Summer's Eve sont disponibles dans une vari\u00e9t\u00e9 de parfums SafeScents indulgents vous permettant de vivre cette pr\u00e9paration unique et quotidienne de Summer's Eve. Le parfum SafeScent indulgent de Tahitian\u2026","rel":"","context":"Similar post","block_context":{"text":"Similar post","link":""},"img":{"alt_text":"","src":"","width":0,"height":0},"classes":[]},{"id":33002,"url":"https:\/\/sakaba.mghosteur.com\/en\/product\/dove-care-protect-hand-wash-antibacterial\/","url_meta":{"origin":32999,"position":5},"title":"DOVE CARE PROTECT HAND WASH ANTIBACTERIAL","author":"admin","date":"May 17, 2024","format":false,"excerpt":"","rel":"","context":"Similar post","block_context":{"text":"Similar post","link":""},"img":{"alt_text":"","src":"","width":0,"height":0},"classes":[]}],"_links":{"self":[{"href":"https:\/\/sakaba.mghosteur.com\/en\/wp-json\/wp\/v2\/product\/32999","targetHints":{"allow":["GET"]}}],"collection":[{"href":"https:\/\/sakaba.mghosteur.com\/en\/wp-json\/wp\/v2\/product"}],"about":[{"href":"https:\/\/sakaba.mghosteur.com\/en\/wp-json\/wp\/v2\/types\/product"}],"replies":[{"embeddable":true,"href":"https:\/\/sakaba.mghosteur.com\/en\/wp-json\/wp\/v2\/comments?post=32999"}],"version-history":[{"count":0,"href":"https:\/\/sakaba.mghosteur.com\/en\/wp-json\/wp\/v2\/product\/32999\/revisions"}],"wp:attachment":[{"href":"https:\/\/sakaba.mghosteur.com\/en\/wp-json\/wp\/v2\/media?parent=32999"}],"wp:term":[{"taxonomy":"product_brand","embeddable":true,"href":"https:\/\/sakaba.mghosteur.com\/en\/wp-json\/wp\/v2\/product_brand?post=32999"},{"taxonomy":"product_cat","embeddable":true,"href":"https:\/\/sakaba.mghosteur.com\/en\/wp-json\/wp\/v2\/product_cat?post=32999"},{"taxonomy":"product_tag","embeddable":true,"href":"https:\/\/sakaba.mghosteur.com\/en\/wp-json\/wp\/v2\/product_tag?post=32999"}],"curies":[{"name":"wp","href":"https:\/\/api.w.org\/{rel}","templated":true}]}}