{"id":33002,"date":"2024-05-17T15:31:38","date_gmt":"2024-05-17T15:31:38","guid":{"rendered":"https:\/\/sakaba.mghosteur.com\/?post_type=product&#038;p=33002"},"modified":"2024-09-01T03:38:41","modified_gmt":"2024-09-01T03:38:41","slug":"dove-care-protect-hand-wash-antibacterial","status":"publish","type":"product","link":"https:\/\/sakaba.mghosteur.com\/en\/product\/dove-care-protect-hand-wash-antibacterial\/","title":{"rendered":"DOVE CARE PROTECT HAND WASH ANTIBACTERIAL"},"content":{"rendered":"","protected":false},"excerpt":{"rendered":"","protected":false},"featured_media":0,"comment_status":"open","ping_status":"closed","template":"","meta":[],"product_brand":[839],"product_cat":[447,364],"product_tag":[],"class_list":{"0":"post-33002","1":"product","2":"type-product","3":"status-publish","5":"product_brand-dove","6":"product_cat-aac-bain-et-corps","7":"product_cat-soin-mains-pieds","9":"first","10":"instock","11":"shipping-taxable","12":"product-type-simple"},"jetpack-related-posts":[{"id":33048,"url":"https:\/\/sakaba.mghosteur.com\/en\/product\/dove-men-care-cool-fresh\/","url_meta":{"origin":33002,"position":0},"title":"DOVE MEN CARE COOL FRESH","author":"admin","date":"May 17, 2024","format":false,"excerpt":"Offrez \u00e0 vos aisselles une fra\u00eecheur longue dur\u00e9e et une protection de 72 heures contre la transpiration et les odeurs avec ce antisudorifique en spray sec pour hommes.","rel":"","context":"Similar post","block_context":{"text":"Similar post","link":""},"img":{"alt_text":"","src":"","width":0,"height":0},"classes":[]},{"id":33069,"url":"https:\/\/sakaba.mghosteur.com\/en\/product\/dove-nourishing-body-wash\/","url_meta":{"origin":33002,"position":1},"title":"DOVE NOURISHING BODY WASH","author":"admin","date":"May 17, 2024","format":false,"excerpt":"","rel":"","context":"Similar post","block_context":{"text":"Similar post","link":""},"img":{"alt_text":"","src":"","width":0,"height":0},"classes":[]},{"id":33051,"url":"https:\/\/sakaba.mghosteur.com\/en\/product\/dove-nourishing-secrets-glowing-ritual-body-wash\/","url_meta":{"origin":33002,"position":2},"title":"DOVE NOURISHING SECRETS GLOWING RITUAL BODY WASH","author":"admin","date":"May 17, 2024","format":false,"excerpt":"","rel":"","context":"Similar post","block_context":{"text":"Similar post","link":""},"img":{"alt_text":"","src":"","width":0,"height":0},"classes":[]},{"id":25541,"url":"https:\/\/sakaba.mghosteur.com\/en\/product\/dove-renewing-body-wash\/","url_meta":{"origin":33002,"position":3},"title":"DOVE RENEWING BODY WASH","author":"admin","date":"November 14, 2022","format":false,"excerpt":"","rel":"","context":"Similar post","block_context":{"text":"Similar post","link":""},"img":{"alt_text":"","src":"","width":0,"height":0},"classes":[]},{"id":25538,"url":"https:\/\/sakaba.mghosteur.com\/en\/product\/dove-deep-moisture-body-wash\/","url_meta":{"origin":33002,"position":4},"title":"DOVE DEEP MOISTURE BODY WASH","author":"admin","date":"November 14, 2022","format":false,"excerpt":"","rel":"","context":"Similar post","block_context":{"text":"Similar post","link":""},"img":{"alt_text":"","src":"","width":0,"height":0},"classes":[]},{"id":33054,"url":"https:\/\/sakaba.mghosteur.com\/en\/product\/dove-original-clean-all-day-sweet-odor-protection\/","url_meta":{"origin":33002,"position":5},"title":"DOVE ORIGINAL CLEAN ALL DAY SWEET &#038; ODOR PROTECTION","author":"admin","date":"May 17, 2024","format":false,"excerpt":"","rel":"","context":"Similar post","block_context":{"text":"Similar post","link":""},"img":{"alt_text":"","src":"","width":0,"height":0},"classes":[]}],"_links":{"self":[{"href":"https:\/\/sakaba.mghosteur.com\/en\/wp-json\/wp\/v2\/product\/33002","targetHints":{"allow":["GET"]}}],"collection":[{"href":"https:\/\/sakaba.mghosteur.com\/en\/wp-json\/wp\/v2\/product"}],"about":[{"href":"https:\/\/sakaba.mghosteur.com\/en\/wp-json\/wp\/v2\/types\/product"}],"replies":[{"embeddable":true,"href":"https:\/\/sakaba.mghosteur.com\/en\/wp-json\/wp\/v2\/comments?post=33002"}],"version-history":[{"count":0,"href":"https:\/\/sakaba.mghosteur.com\/en\/wp-json\/wp\/v2\/product\/33002\/revisions"}],"wp:attachment":[{"href":"https:\/\/sakaba.mghosteur.com\/en\/wp-json\/wp\/v2\/media?parent=33002"}],"wp:term":[{"taxonomy":"product_brand","embeddable":true,"href":"https:\/\/sakaba.mghosteur.com\/en\/wp-json\/wp\/v2\/product_brand?post=33002"},{"taxonomy":"product_cat","embeddable":true,"href":"https:\/\/sakaba.mghosteur.com\/en\/wp-json\/wp\/v2\/product_cat?post=33002"},{"taxonomy":"product_tag","embeddable":true,"href":"https:\/\/sakaba.mghosteur.com\/en\/wp-json\/wp\/v2\/product_tag?post=33002"}],"curies":[{"name":"wp","href":"https:\/\/api.w.org\/{rel}","templated":true}]}}