{"id":33029,"date":"2024-05-17T15:42:56","date_gmt":"2024-05-17T15:42:56","guid":{"rendered":"https:\/\/sakaba.mghosteur.com\/?post_type=product&#038;p=33029"},"modified":"2024-05-29T12:10:02","modified_gmt":"2024-05-29T12:10:02","slug":"dove-even-tone-rejuvenanting-vit-b3","status":"publish","type":"product","link":"https:\/\/sakaba.mghosteur.com\/en\/product\/dove-even-tone-rejuvenanting-vit-b3\/","title":{"rendered":"Dove Even Tone Rejuvenanting +Vit B3"},"content":{"rendered":"","protected":false},"excerpt":{"rendered":"","protected":false},"featured_media":0,"comment_status":"open","ping_status":"closed","template":"","meta":[],"product_brand":[839],"product_cat":[379],"product_tag":[],"class_list":{"0":"post-33029","1":"product","2":"type-product","3":"status-publish","5":"product_brand-dove","6":"product_cat-deodorant","8":"first","9":"instock","10":"shipping-taxable","11":"product-type-simple"},"jetpack-related-posts":[{"id":33025,"url":"https:\/\/sakaba.mghosteur.com\/en\/product\/dove-even-tone-calming-breeze-vit-b3\/","url_meta":{"origin":33029,"position":0},"title":"Dove Even Tone Calming Breeze +Vit B3","author":"admin","date":"May 17, 2024","format":false,"excerpt":"","rel":"","context":"Similar post","block_context":{"text":"Similar post","link":""},"img":{"alt_text":"","src":"","width":0,"height":0},"classes":[]},{"id":33033,"url":"https:\/\/sakaba.mghosteur.com\/en\/product\/dove-even-tone-restoring-powder-vit-b3\/","url_meta":{"origin":33029,"position":1},"title":"Dove Even Tone Restoring Powder +Vit B3","author":"admin","date":"May 17, 2024","format":false,"excerpt":"","rel":"","context":"Similar post","block_context":{"text":"Similar post","link":""},"img":{"alt_text":"","src":"","width":0,"height":0},"classes":[]},{"id":32504,"url":"https:\/\/sakaba.mghosteur.com\/en\/product\/tiam-vita-b3-mis-toner\/","url_meta":{"origin":33029,"position":2},"title":"TIAM VITA B3 MIS TONER","author":"admin","date":"May 14, 2024","format":false,"excerpt":"Je Ingr\u00e9dients: Eau Niacinamide (3 %) 1,2-hexanediol Butyl\u00e8ne glycol Propanediol Extrait de fruit de Vitis Vinifera (raisin) Acide tranexamique \u00c9ther \u00e9thylascorbylique Panth\u00e9nol Glyc\u00e9rine B\u00eata-glucane Mode d'emploi: Tenez le flacon \u00e0 une distance d'environ 20 cm de votre visage, fermez les yeux, puis vaporisez d\u00e9licatement sur l'ensemble de votre peau. Pour\u2026","rel":"","context":"Similar post","block_context":{"text":"Similar post","link":""},"img":{"alt_text":"","src":"","width":0,"height":0},"classes":[]},{"id":33022,"url":"https:\/\/sakaba.mghosteur.com\/en\/product\/dove-even-tone-antiperspirant\/","url_meta":{"origin":33029,"position":3},"title":"DOVE Even Tone Antiperspirant","author":"admin","date":"May 17, 2024","format":false,"excerpt":"","rel":"","context":"Similar post","block_context":{"text":"Similar post","link":""},"img":{"alt_text":"","src":"","width":0,"height":0},"classes":[]},{"id":33011,"url":"https:\/\/sakaba.mghosteur.com\/en\/product\/dove-even-tone-0-aluminiun-sensitive\/","url_meta":{"origin":33029,"position":4},"title":"Dove Even Tone 0%  Aluminiun sensitive","author":"admin","date":"May 17, 2024","format":false,"excerpt":"","rel":"","context":"Similar post","block_context":{"text":"Similar post","link":""},"img":{"alt_text":"","src":"","width":0,"height":0},"classes":[]},{"id":33005,"url":"https:\/\/sakaba.mghosteur.com\/en\/product\/dove-even-tone-0-aluminiun-lavande-et-vanilla-scent\/","url_meta":{"origin":33029,"position":5},"title":"Dove Even Tone 0%  Aluminiun lavande et vanilla scent","author":"admin","date":"May 17, 2024","format":false,"excerpt":"","rel":"","context":"Similar post","block_context":{"text":"Similar post","link":""},"img":{"alt_text":"","src":"","width":0,"height":0},"classes":[]}],"_links":{"self":[{"href":"https:\/\/sakaba.mghosteur.com\/en\/wp-json\/wp\/v2\/product\/33029","targetHints":{"allow":["GET"]}}],"collection":[{"href":"https:\/\/sakaba.mghosteur.com\/en\/wp-json\/wp\/v2\/product"}],"about":[{"href":"https:\/\/sakaba.mghosteur.com\/en\/wp-json\/wp\/v2\/types\/product"}],"replies":[{"embeddable":true,"href":"https:\/\/sakaba.mghosteur.com\/en\/wp-json\/wp\/v2\/comments?post=33029"}],"version-history":[{"count":0,"href":"https:\/\/sakaba.mghosteur.com\/en\/wp-json\/wp\/v2\/product\/33029\/revisions"}],"wp:attachment":[{"href":"https:\/\/sakaba.mghosteur.com\/en\/wp-json\/wp\/v2\/media?parent=33029"}],"wp:term":[{"taxonomy":"product_brand","embeddable":true,"href":"https:\/\/sakaba.mghosteur.com\/en\/wp-json\/wp\/v2\/product_brand?post=33029"},{"taxonomy":"product_cat","embeddable":true,"href":"https:\/\/sakaba.mghosteur.com\/en\/wp-json\/wp\/v2\/product_cat?post=33029"},{"taxonomy":"product_tag","embeddable":true,"href":"https:\/\/sakaba.mghosteur.com\/en\/wp-json\/wp\/v2\/product_tag?post=33029"}],"curies":[{"name":"wp","href":"https:\/\/api.w.org\/{rel}","templated":true}]}}