{"id":33036,"date":"2024-05-17T15:45:06","date_gmt":"2024-05-17T15:45:06","guid":{"rendered":"https:\/\/sakaba.mghosteur.com\/?post_type=product&#038;p=33036"},"modified":"2024-08-30T03:50:49","modified_gmt":"2024-08-30T03:50:49","slug":"dove-exfoliant-body-polish-brown-sugar-coconut","status":"publish","type":"product","link":"https:\/\/sakaba.mghosteur.com\/en\/product\/dove-exfoliant-body-polish-brown-sugar-coconut\/","title":{"rendered":"DOVE EXFOLIANT BODY POLISH BROWN SUGAR &amp; COCONUT"},"content":{"rendered":"<p>Un gommage corporel au doux parfum de noix de coco qui r\u00e9v\u00e8le votre \u00e9clat naturel en exfoliant la peau en profondeur.<\/p>\n<p>Le gommage corporel exfoliant \u00e9limine la peau terne et s\u00e8che<\/p>\n<p>\u2022 Fabriqu\u00e9 \u00e0 partir de nettoyants naturels sans sulfate<\/p>\n<p>\u2022 Enrichi avec \u00bc de cr\u00e8me hydratante pour prendre soin de votre peau<\/p>\n<p>\u2022 Avec une formule au pH \u00e9quilibr\u00e9<\/p>\n<p>\u2022 Gommage corporel hydratant \u00e0 la texture riche et fouett\u00e9e<\/p>\n<p>\u2022 Infus\u00e9 d&#8217;un parfum de noix de coco tropicale<\/p>\n<p>Pr\u00eat \u00e0 r\u00e9v\u00e9ler votre \u00e9clat naturel ? Nous avons exactement ce qu&#8217;il vous faut. M\u00e9langeant de grosses particules exfoliantes \u00e0 une formule riche en hydratation, le gommage corporel exfoliant en profondeur Dove Brown Sugar &amp; Coconut Butter sera votre nouveau produit de soin de la peau pr\u00e9f\u00e9r\u00e9. Avec un parfum de noix de coco indulgent, ce gommage corporel laissera vos sens et votre peau revitalis\u00e9s.<\/p>\n<p>Si vous aimez quand votre peau est douce et lisse, la peau s\u00e8che peut vraiment vous g\u00eaner. Mais ne vous inqui\u00e9tez pas : ce gommage corporel am\u00e8ne le polissage de la peau \u00e0 un nouveau niveau. Con\u00e7u pour une exfoliation en profondeur, il \u00e9limine efficacement les cellules mortes de la peau pour r\u00e9v\u00e9ler une peau douce et radieuse. Et ses soins ne s&#8217;arr\u00eatent pas l\u00e0. Avec sa texture de cr\u00e8me \u00e0 raser \u00e9paisse, elle est lisse et facile \u00e0 \u00e9taler, parfaite pour une couverture uniforme. Enrichi \u00e9galement de notre cr\u00e8me hydratante signature \u00bc, ce gommage corporel exfoliant adoucit et lisse instantan\u00e9ment la peau rugueuse et s\u00e8che, vous donnant un regain de confiance.<\/p>","protected":false},"excerpt":{"rendered":"<p>Un gommage corporel au doux parfum de noix de coco qui r\u00e9v\u00e8le votre \u00e9clat naturel en exfoliant la peau en profondeur. Le gommage corporel exfoliant \u00e9limine la peau terne et s\u00e8che \u2022 Fabriqu\u00e9 \u00e0 partir de nettoyants naturels sans sulfate \u2022 Enrichi avec \u00bc de cr\u00e8me hydratante pour prendre soin de votre peau \u2022 Avec<span class=\"read-more-faq\"><a href=\"https:\/\/sakaba.mghosteur.com\/en\/product\/dove-exfoliant-body-polish-brown-sugar-coconut\/\">Read More<\/a><\/span><\/p>","protected":false},"featured_media":0,"comment_status":"open","ping_status":"closed","template":"","meta":[],"product_brand":[839],"product_cat":[358,447],"product_tag":[],"class_list":{"0":"post-33036","1":"product","2":"type-product","3":"status-publish","5":"product_brand-dove","6":"product_cat-bain-douche","7":"product_cat-aac-bain-et-corps","9":"first","10":"instock","11":"shipping-taxable","12":"product-type-simple"},"jetpack-related-posts":[{"id":33045,"url":"https:\/\/sakaba.mghosteur.com\/en\/product\/dove-exfoliant-body-polish-rice-milk\/","url_meta":{"origin":33036,"position":0},"title":"DOVE EXFOLIANT BODY POLISH RICE MILK","author":"admin","date":"May 17, 2024","format":false,"excerpt":"Un gommage corporel cr\u00e9meux enrichi au lait de riz et \u00e0 la macadamia qui utilise une exfoliation mod\u00e9r\u00e9e pour r\u00e9v\u00e9ler une peau douce et soyeuse. Le gommage corporel exfoliant utilise une exfoliation mod\u00e9r\u00e9e pour \u00e9liminer les peaux mortes \u2022 Formule avec des nettoyants sans sulfate SLES d'origine naturelle \u2022 Formul\u00e9\u2026","rel":"","context":"Similar post","block_context":{"text":"Similar post","link":""},"img":{"alt_text":"","src":"","width":0,"height":0},"classes":[]},{"id":33039,"url":"https:\/\/sakaba.mghosteur.com\/en\/product\/dove-exfoliant-body-polish-mango\/","url_meta":{"origin":33036,"position":1},"title":"DOVE EXFOLIANT BODY POLISH MANGO","author":"admin","date":"May 17, 2024","format":false,"excerpt":"Un gommage corporel au parfum de mangue tropicale qui r\u00e9v\u00e8le votre \u00e9clat naturel en exfoliant mod\u00e9r\u00e9ment la peau. Le gommage corporel utilise une exfoliation mod\u00e9r\u00e9e pour \u00e9liminer la peau terne \u2022 Formul\u00e9 avec des nettoyants sans sulfate d'origine naturelle \u2022 Parfum de mangue juteuse et d'amande cr\u00e9meuse \u2022 Avec \u00bc\u2026","rel":"","context":"Similar post","block_context":{"text":"Similar post","link":""},"img":{"alt_text":"","src":"","width":0,"height":0},"classes":[]},{"id":24246,"url":"https:\/\/sakaba.mghosteur.com\/en\/product\/victoria-secret-exfolianting-body-scrub\/","url_meta":{"origin":33036,"position":2},"title":"VICTORIA SECRET EXFOLIATING BODY SCRUB COCONUT MILK &amp; ROSE","author":"admin","date":"November 9, 2022","format":false,"excerpt":"Un nouveau genre de rituel corporel quotidien. R\u00e9v\u00e9lez une peau lisse et douce avec ce gommage au sucre riche. \u00c9limine la peau s\u00e8che gr\u00e2ce \u00e0 la poudre de coquille de noix exfoliante. Sentez-vous calme avec le parfum du lait de coco et de la rose. C'est une v\u00e9ritable tranquillit\u00e9. Fait\u2026","rel":"","context":"Similar post","block_context":{"text":"Similar post","link":""},"img":{"alt_text":"","src":"","width":0,"height":0},"classes":[]},{"id":56224,"url":"https:\/\/sakaba.mghosteur.com\/en\/product\/tree-hut-strawberry-shea-sugar-scrub-2\/","url_meta":{"origin":33036,"position":3},"title":"Tree Hut Strawberry Shea Sugar Scrub","author":"Sope DIA","date":"January 3, 2026","format":false,"excerpt":"Revitalisez votre peau\u00a0: notre gommage corporel exfoliant \u00e9limine en douceur les rugosit\u00e9s, r\u00e9v\u00e9lant une peau fra\u00eeche et lisse. Profitez d\u2019une sensation de douceur et de rajeunissement qui sublime votre beaut\u00e9 naturelle\u00a0! Hydratation intense : Formul\u00e9 avec des ingr\u00e9dients nourrissants, ce gommage \u00e9quilibre l'hydratation de votre peau, aidant \u00e0 restaurer son\u2026","rel":"","context":"Similar post","block_context":{"text":"Similar post","link":""},"img":{"alt_text":"","src":"","width":0,"height":0},"classes":[]},{"id":24412,"url":"https:\/\/sakaba.mghosteur.com\/en\/product\/palmers-coconut-sugar-facial-scrub\/","url_meta":{"origin":33036,"position":4},"title":"PALMERS COCONUT SUGAR FACIAL SCRUB","author":"admin","date":"November 10, 2022","format":false,"excerpt":"D\u00e9couvrez l'huile pour le visage \u00e0 la noix de coco Palmer's, un produit qui peut faire des merveilles pour votre peau. Cette huile est con\u00e7ue pour polir, exfolier et adoucir votre peau, tout en resurfa\u00e7ant sa texture pour un teint plus lumineux et plus frais. Il est suffisamment doux pour\u2026","rel":"","context":"Similar post","block_context":{"text":"Similar post","link":""},"img":{"alt_text":"","src":"","width":0,"height":0},"classes":[]},{"id":56221,"url":"https:\/\/sakaba.mghosteur.com\/en\/product\/tree-hut-tangerine-shea-sugar-scrub\/","url_meta":{"origin":33036,"position":5},"title":"Tree Hut Tangerine Shea Sugar Scrub","author":"Sope DIA","date":"January 3, 2026","format":false,"excerpt":"PARFUMS EXCEPTIONNELS : Un plaisir hesp\u00e9rid\u00e9 aux notes de mandarine juteuse, de pamplemousse et d'orange, avec une touche de bois de santal. R\u00c9V\u00c9LEZ UNE PEAU \u00c9CLATANTE\u00a0: Appliquez une quantit\u00e9 g\u00e9n\u00e9reuse de gommage corporel Tree Hut sur peau humide ou s\u00e8che. Massez en mouvements circulaires pour une application uniforme et une\u2026","rel":"","context":"Similar post","block_context":{"text":"Similar post","link":""},"img":{"alt_text":"","src":"","width":0,"height":0},"classes":[]}],"_links":{"self":[{"href":"https:\/\/sakaba.mghosteur.com\/en\/wp-json\/wp\/v2\/product\/33036","targetHints":{"allow":["GET"]}}],"collection":[{"href":"https:\/\/sakaba.mghosteur.com\/en\/wp-json\/wp\/v2\/product"}],"about":[{"href":"https:\/\/sakaba.mghosteur.com\/en\/wp-json\/wp\/v2\/types\/product"}],"replies":[{"embeddable":true,"href":"https:\/\/sakaba.mghosteur.com\/en\/wp-json\/wp\/v2\/comments?post=33036"}],"version-history":[{"count":0,"href":"https:\/\/sakaba.mghosteur.com\/en\/wp-json\/wp\/v2\/product\/33036\/revisions"}],"wp:attachment":[{"href":"https:\/\/sakaba.mghosteur.com\/en\/wp-json\/wp\/v2\/media?parent=33036"}],"wp:term":[{"taxonomy":"product_brand","embeddable":true,"href":"https:\/\/sakaba.mghosteur.com\/en\/wp-json\/wp\/v2\/product_brand?post=33036"},{"taxonomy":"product_cat","embeddable":true,"href":"https:\/\/sakaba.mghosteur.com\/en\/wp-json\/wp\/v2\/product_cat?post=33036"},{"taxonomy":"product_tag","embeddable":true,"href":"https:\/\/sakaba.mghosteur.com\/en\/wp-json\/wp\/v2\/product_tag?post=33036"}],"curies":[{"name":"wp","href":"https:\/\/api.w.org\/{rel}","templated":true}]}}