{"id":33042,"date":"2024-05-17T15:46:50","date_gmt":"2024-05-17T15:46:50","guid":{"rendered":"https:\/\/sakaba.mghosteur.com\/?post_type=product&#038;p=33042"},"modified":"2024-08-30T03:54:02","modified_gmt":"2024-08-30T03:54:02","slug":"dove-exfoliant-body-polish-pomegranate-seeds-shea-butter","status":"publish","type":"product","link":"https:\/\/sakaba.mghosteur.com\/en\/product\/dove-exfoliant-body-polish-pomegranate-seeds-shea-butter\/","title":{"rendered":"DOVE EXFOLIANT BODY POLISH POMEGRANATE SEEDS &amp; SHEA BUTTER"},"content":{"rendered":"<p>Le gommage exfoliant pour le corps Dove Grenade et beurre de karit\u00e9 est un gommage doux qui contient du beurre de karit\u00e9 hydratant et est con\u00e7u pour nourrir et restaurer les nutriments naturels de la peau. Il a une texture cr\u00e9meuse qui s&#8217;\u00e9tale facilement et n&#8217;est pas trop agressive pour la peau, ce qui le rend adapt\u00e9 \u00e0 une utilisation r\u00e9guli\u00e8re.<\/p>","protected":false},"excerpt":{"rendered":"<p>Le gommage exfoliant pour le corps Dove Grenade et beurre de karit\u00e9 est un gommage doux qui contient du beurre de karit\u00e9 hydratant et est con\u00e7u pour nourrir et restaurer les nutriments naturels de la peau. Il a une texture cr\u00e9meuse qui s&#8217;\u00e9tale facilement et n&#8217;est pas trop agressive pour la peau, ce qui le<span class=\"read-more-faq\"><a href=\"https:\/\/sakaba.mghosteur.com\/en\/product\/dove-exfoliant-body-polish-pomegranate-seeds-shea-butter\/\">Read More<\/a><\/span><\/p>","protected":false},"featured_media":0,"comment_status":"open","ping_status":"closed","template":"","meta":[],"product_brand":[839],"product_cat":[358,447],"product_tag":[],"class_list":{"0":"post-33042","1":"product","2":"type-product","3":"status-publish","5":"product_brand-dove","6":"product_cat-bain-douche","7":"product_cat-aac-bain-et-corps","9":"first","10":"instock","11":"shipping-taxable","12":"product-type-simple"},"jetpack-related-posts":[{"id":33039,"url":"https:\/\/sakaba.mghosteur.com\/en\/product\/dove-exfoliant-body-polish-mango\/","url_meta":{"origin":33042,"position":0},"title":"DOVE EXFOLIANT BODY POLISH MANGO","author":"admin","date":"May 17, 2024","format":false,"excerpt":"Un gommage corporel au parfum de mangue tropicale qui r\u00e9v\u00e8le votre \u00e9clat naturel en exfoliant mod\u00e9r\u00e9ment la peau. Le gommage corporel utilise une exfoliation mod\u00e9r\u00e9e pour \u00e9liminer la peau terne \u2022 Formul\u00e9 avec des nettoyants sans sulfate d'origine naturelle \u2022 Parfum de mangue juteuse et d'amande cr\u00e9meuse \u2022 Avec \u00bc\u2026","rel":"","context":"Similar post","block_context":{"text":"Similar post","link":""},"img":{"alt_text":"","src":"","width":0,"height":0},"classes":[]},{"id":33045,"url":"https:\/\/sakaba.mghosteur.com\/en\/product\/dove-exfoliant-body-polish-rice-milk\/","url_meta":{"origin":33042,"position":1},"title":"DOVE EXFOLIANT BODY POLISH RICE MILK","author":"admin","date":"May 17, 2024","format":false,"excerpt":"Un gommage corporel cr\u00e9meux enrichi au lait de riz et \u00e0 la macadamia qui utilise une exfoliation mod\u00e9r\u00e9e pour r\u00e9v\u00e9ler une peau douce et soyeuse. Le gommage corporel exfoliant utilise une exfoliation mod\u00e9r\u00e9e pour \u00e9liminer les peaux mortes \u2022 Formule avec des nettoyants sans sulfate SLES d'origine naturelle \u2022 Formul\u00e9\u2026","rel":"","context":"Similar post","block_context":{"text":"Similar post","link":""},"img":{"alt_text":"","src":"","width":0,"height":0},"classes":[]},{"id":33036,"url":"https:\/\/sakaba.mghosteur.com\/en\/product\/dove-exfoliant-body-polish-brown-sugar-coconut\/","url_meta":{"origin":33042,"position":2},"title":"DOVE EXFOLIANT BODY POLISH BROWN SUGAR &amp; COCONUT","author":"admin","date":"May 17, 2024","format":false,"excerpt":"Un gommage corporel au doux parfum de noix de coco qui r\u00e9v\u00e8le votre \u00e9clat naturel en exfoliant la peau en profondeur. Le gommage corporel exfoliant \u00e9limine la peau terne et s\u00e8che \u2022 Fabriqu\u00e9 \u00e0 partir de nettoyants naturels sans sulfate \u2022 Enrichi avec \u00bc de cr\u00e8me hydratante pour prendre soin\u2026","rel":"","context":"Similar post","block_context":{"text":"Similar post","link":""},"img":{"alt_text":"","src":"","width":0,"height":0},"classes":[]},{"id":56221,"url":"https:\/\/sakaba.mghosteur.com\/en\/product\/tree-hut-tangerine-shea-sugar-scrub\/","url_meta":{"origin":33042,"position":3},"title":"Tree Hut Tangerine Shea Sugar Scrub","author":"Sope DIA","date":"January 3, 2026","format":false,"excerpt":"PARFUMS EXCEPTIONNELS : Un plaisir hesp\u00e9rid\u00e9 aux notes de mandarine juteuse, de pamplemousse et d'orange, avec une touche de bois de santal. R\u00c9V\u00c9LEZ UNE PEAU \u00c9CLATANTE\u00a0: Appliquez une quantit\u00e9 g\u00e9n\u00e9reuse de gommage corporel Tree Hut sur peau humide ou s\u00e8che. Massez en mouvements circulaires pour une application uniforme et une\u2026","rel":"","context":"Similar post","block_context":{"text":"Similar post","link":""},"img":{"alt_text":"","src":"","width":0,"height":0},"classes":[]},{"id":32112,"url":"https:\/\/sakaba.mghosteur.com\/en\/product\/shea-sugar-scrub-candy-cane\/","url_meta":{"origin":33042,"position":4},"title":"TREE HUT SHEA SUGAR SCRUB CANDY CANE","author":"admin","date":"May 13, 2024","format":false,"excerpt":"Le gommage corporel au sucre de karit\u00e9 et \u00e0 la canne \u00e0 sucre de Tree Hut est un exfoliant corporel qui utilise du sucre, du beurre de karit\u00e9, de la menthe poivr\u00e9e, de la vanille et six huiles naturelles pour nourrir et \u00e9quilibrer l'hydratation de la peau. Il est con\u00e7u\u2026","rel":"","context":"Similar post","block_context":{"text":"Similar post","link":""},"img":{"alt_text":"","src":"","width":0,"height":0},"classes":[]},{"id":56216,"url":"https:\/\/sakaba.mghosteur.com\/en\/product\/tree-hut-cotton-candy-shea-sugar-scrub\/","url_meta":{"origin":33042,"position":5},"title":"Tree Hut Cotton Candy Shea Sugar Scrub","author":"Sope DIA","date":"January 3, 2026","format":false,"excerpt":"GOMMAGE AU SUCRE BARBE \u00c0 PAPA\u00a0: La marque de gommage corporel n\u00b0\u00a01 aux \u00c9tats-Unis* exfolie en douceur pour \u00e9liminer les cellules mortes et r\u00e9v\u00e9ler une peau douce et lisse. Laissez-vous envo\u00fbter par le parfum gourmand d\u2019une friandise de f\u00eate foraine aux notes de fraise, de sucre fil\u00e9 et de cr\u00e8me\u2026","rel":"","context":"Similar post","block_context":{"text":"Similar post","link":""},"img":{"alt_text":"","src":"","width":0,"height":0},"classes":[]}],"_links":{"self":[{"href":"https:\/\/sakaba.mghosteur.com\/en\/wp-json\/wp\/v2\/product\/33042","targetHints":{"allow":["GET"]}}],"collection":[{"href":"https:\/\/sakaba.mghosteur.com\/en\/wp-json\/wp\/v2\/product"}],"about":[{"href":"https:\/\/sakaba.mghosteur.com\/en\/wp-json\/wp\/v2\/types\/product"}],"replies":[{"embeddable":true,"href":"https:\/\/sakaba.mghosteur.com\/en\/wp-json\/wp\/v2\/comments?post=33042"}],"version-history":[{"count":0,"href":"https:\/\/sakaba.mghosteur.com\/en\/wp-json\/wp\/v2\/product\/33042\/revisions"}],"wp:attachment":[{"href":"https:\/\/sakaba.mghosteur.com\/en\/wp-json\/wp\/v2\/media?parent=33042"}],"wp:term":[{"taxonomy":"product_brand","embeddable":true,"href":"https:\/\/sakaba.mghosteur.com\/en\/wp-json\/wp\/v2\/product_brand?post=33042"},{"taxonomy":"product_cat","embeddable":true,"href":"https:\/\/sakaba.mghosteur.com\/en\/wp-json\/wp\/v2\/product_cat?post=33042"},{"taxonomy":"product_tag","embeddable":true,"href":"https:\/\/sakaba.mghosteur.com\/en\/wp-json\/wp\/v2\/product_tag?post=33042"}],"curies":[{"name":"wp","href":"https:\/\/api.w.org\/{rel}","templated":true}]}}