{"id":33045,"date":"2024-05-17T15:47:44","date_gmt":"2024-05-17T15:47:44","guid":{"rendered":"https:\/\/sakaba.mghosteur.com\/?post_type=product&#038;p=33045"},"modified":"2024-08-30T03:56:04","modified_gmt":"2024-08-30T03:56:04","slug":"dove-exfoliant-body-polish-rice-milk","status":"publish","type":"product","link":"https:\/\/sakaba.mghosteur.com\/en\/product\/dove-exfoliant-body-polish-rice-milk\/","title":{"rendered":"DOVE EXFOLIANT BODY POLISH RICE MILK"},"content":{"rendered":"<p>Un gommage corporel cr\u00e9meux enrichi au lait de riz et \u00e0 la macadamia qui utilise une exfoliation mod\u00e9r\u00e9e pour r\u00e9v\u00e9ler une peau douce et soyeuse.<\/p>\n<p>Le gommage corporel exfoliant utilise une exfoliation mod\u00e9r\u00e9e pour \u00e9liminer les peaux mortes<\/p>\n<p>\u2022 Formule avec des nettoyants sans sulfate SLES d&#8217;origine naturelle<\/p>\n<p>\u2022 Formul\u00e9 avec \u00bc de cr\u00e8me hydratante<\/p>\n<p>\u2022 Apporte une douceur instantan\u00e9e \u00e0 la peau et une douceur durable<\/p>\n<p>\u2022 Texture fouett\u00e9e qui cr\u00e9e une mousse riche et cr\u00e9meuse<\/p>\n<p>\u2022 Gommage corporel au lait de riz et \u00e0 la macadamia au parfum velout\u00e9<\/p>\n<p>Gommage, peeling, polissage : renouveler la peau n&#8217;est pas aussi difficile qu&#8217;il n&#8217;y para\u00eet parfois. Obtenez une peau lisse et douce avec quelque chose de diff\u00e9rent &#8211; le gommage corporel exfoliant Dove \u00e0 la macadamia \u00e9cras\u00e9e et au lait de riz. Cet exfoliant corporel mod\u00e9r\u00e9 \u00e9limine efficacement les cellules mortes de la peau pour r\u00e9v\u00e9ler une peau douce et radieuse.<\/p>\n<p>Enrichi de notre cr\u00e8me hydratante signature \u00bc et de nettoyants d&#8217;origine naturelle, ce gommage corporel exfoliant prend soin de votre peau tout en l&#8217;exfoliant. Avec une texture riche et fouett\u00e9e qui vous offre une couverture magnifiquement cr\u00e9meuse, ce gommage corporel Dove ajoutera \u00e0 coup s\u00fbr une touche de luxe \u00e0 votre routine. \u00c0 chaque utilisation, le parfum velout\u00e9 de noix de macadamia concass\u00e9es et de lait de riz envahira votre salle de bain. Dites adieu \u00e0 la peau terne et bonjour \u00e0 l&#8217;\u00e9clat que vous recherchez.<\/p>","protected":false},"excerpt":{"rendered":"<p>Un gommage corporel cr\u00e9meux enrichi au lait de riz et \u00e0 la macadamia qui utilise une exfoliation mod\u00e9r\u00e9e pour r\u00e9v\u00e9ler une peau douce et soyeuse. Le gommage corporel exfoliant utilise une exfoliation mod\u00e9r\u00e9e pour \u00e9liminer les peaux mortes \u2022 Formule avec des nettoyants sans sulfate SLES d&#8217;origine naturelle \u2022 Formul\u00e9 avec \u00bc de cr\u00e8me hydratante<span class=\"read-more-faq\"><a href=\"https:\/\/sakaba.mghosteur.com\/en\/product\/dove-exfoliant-body-polish-rice-milk\/\">Read More<\/a><\/span><\/p>","protected":false},"featured_media":0,"comment_status":"open","ping_status":"closed","template":"","meta":[],"product_brand":[839],"product_cat":[358,447],"product_tag":[],"class_list":{"0":"post-33045","1":"product","2":"type-product","3":"status-publish","5":"product_brand-dove","6":"product_cat-bain-douche","7":"product_cat-aac-bain-et-corps","9":"first","10":"instock","11":"shipping-taxable","12":"product-type-simple"},"jetpack-related-posts":[{"id":33039,"url":"https:\/\/sakaba.mghosteur.com\/en\/product\/dove-exfoliant-body-polish-mango\/","url_meta":{"origin":33045,"position":0},"title":"DOVE EXFOLIANT BODY POLISH MANGO","author":"admin","date":"May 17, 2024","format":false,"excerpt":"Un gommage corporel au parfum de mangue tropicale qui r\u00e9v\u00e8le votre \u00e9clat naturel en exfoliant mod\u00e9r\u00e9ment la peau. Le gommage corporel utilise une exfoliation mod\u00e9r\u00e9e pour \u00e9liminer la peau terne \u2022 Formul\u00e9 avec des nettoyants sans sulfate d'origine naturelle \u2022 Parfum de mangue juteuse et d'amande cr\u00e9meuse \u2022 Avec \u00bc\u2026","rel":"","context":"Similar post","block_context":{"text":"Similar post","link":""},"img":{"alt_text":"","src":"","width":0,"height":0},"classes":[]},{"id":33036,"url":"https:\/\/sakaba.mghosteur.com\/en\/product\/dove-exfoliant-body-polish-brown-sugar-coconut\/","url_meta":{"origin":33045,"position":1},"title":"DOVE EXFOLIANT BODY POLISH BROWN SUGAR &amp; COCONUT","author":"admin","date":"May 17, 2024","format":false,"excerpt":"Un gommage corporel au doux parfum de noix de coco qui r\u00e9v\u00e8le votre \u00e9clat naturel en exfoliant la peau en profondeur. Le gommage corporel exfoliant \u00e9limine la peau terne et s\u00e8che \u2022 Fabriqu\u00e9 \u00e0 partir de nettoyants naturels sans sulfate \u2022 Enrichi avec \u00bc de cr\u00e8me hydratante pour prendre soin\u2026","rel":"","context":"Similar post","block_context":{"text":"Similar post","link":""},"img":{"alt_text":"","src":"","width":0,"height":0},"classes":[]},{"id":56229,"url":"https:\/\/sakaba.mghosteur.com\/en\/product\/tree-hut-vanilla-shea-sugar-scrub\/","url_meta":{"origin":33045,"position":2},"title":"Tree Hut Vanilla Shea Sugar Scrub","author":"Sope DIA","date":"January 3, 2026","format":false,"excerpt":"GOMMAGE AU SUCRE ET \u00c0 LA VANILLE : La marque de gommage corporel n\u00b0 1 aux \u00c9tats-Unis\u00a0 exfolie en douceur pour \u00e9liminer les cellules mortes et r\u00e9v\u00e9ler une peau douce et lisse. Laissez-vous envo\u00fbter par le parfum onctueux de la vanille cr\u00e9meuse, rehauss\u00e9 de notes chaudes de santal et de\u2026","rel":"","context":"Similar post","block_context":{"text":"Similar post","link":""},"img":{"alt_text":"","src":"","width":0,"height":0},"classes":[]},{"id":56216,"url":"https:\/\/sakaba.mghosteur.com\/en\/product\/tree-hut-cotton-candy-shea-sugar-scrub\/","url_meta":{"origin":33045,"position":3},"title":"Tree Hut Cotton Candy Shea Sugar Scrub","author":"Sope DIA","date":"January 3, 2026","format":false,"excerpt":"GOMMAGE AU SUCRE BARBE \u00c0 PAPA\u00a0: La marque de gommage corporel n\u00b0\u00a01 aux \u00c9tats-Unis* exfolie en douceur pour \u00e9liminer les cellules mortes et r\u00e9v\u00e9ler une peau douce et lisse. Laissez-vous envo\u00fbter par le parfum gourmand d\u2019une friandise de f\u00eate foraine aux notes de fraise, de sucre fil\u00e9 et de cr\u00e8me\u2026","rel":"","context":"Similar post","block_context":{"text":"Similar post","link":""},"img":{"alt_text":"","src":"","width":0,"height":0},"classes":[]},{"id":34658,"url":"https:\/\/sakaba.mghosteur.com\/en\/product\/fenty-skin-the-body-duo\/","url_meta":{"origin":33045,"position":4},"title":"Fenty Beauty by Rihanna Fenty Skin The Body Duo Set Buff Ryder Exfoliating Body Scrub 57g + Butta Drop Whipped Oil","author":"admin","date":"May 30, 2024","format":false,"excerpt":"Fenty Skin - Duo Mini Gommage Corps + Cr\u00e8me Hydratante Essentiels Un ensemble comprenant un gommage corporel de format voyage et une cr\u00e8me corporelle \u00e0 l'huile fouett\u00e9e de format voyage pour vous donner une peau lisse, douce et souple. Cet ensemble vous aidera \u00e0 obtenir un \u00e9clat inspir\u00e9 des Cara\u00efbes\u2026","rel":"","context":"Similar post","block_context":{"text":"Similar post","link":""},"img":{"alt_text":"","src":"","width":0,"height":0},"classes":[]},{"id":34183,"url":"https:\/\/sakaba.mghosteur.com\/en\/product\/first-aid-beauty-bump-eraser-body-scrub-with-10-a\/","url_meta":{"origin":33045,"position":5},"title":"FIRST AID BEAUTY KP BUMP ERASER BODY SCRUB WITH 10% AHA &#8211; 226g","author":"admin","date":"May 27, 2024","format":false,"excerpt":"D\u00e9couvrez une peau lisse sans effort avec le gommage corporel Beauty KP Bump Eraser de First Aid Beauty. Le gommage corporel contient 10 % d'acide alpha-hydroxy, un exfoliant chimique qui \u00e9limine les cellules mortes de la peau et les bosses visibles. Adapt\u00e9 \u00e0 tous les types de peau, m\u00eame sensibles,\u2026","rel":"","context":"Similar post","block_context":{"text":"Similar post","link":""},"img":{"alt_text":"","src":"","width":0,"height":0},"classes":[]}],"_links":{"self":[{"href":"https:\/\/sakaba.mghosteur.com\/en\/wp-json\/wp\/v2\/product\/33045","targetHints":{"allow":["GET"]}}],"collection":[{"href":"https:\/\/sakaba.mghosteur.com\/en\/wp-json\/wp\/v2\/product"}],"about":[{"href":"https:\/\/sakaba.mghosteur.com\/en\/wp-json\/wp\/v2\/types\/product"}],"replies":[{"embeddable":true,"href":"https:\/\/sakaba.mghosteur.com\/en\/wp-json\/wp\/v2\/comments?post=33045"}],"version-history":[{"count":0,"href":"https:\/\/sakaba.mghosteur.com\/en\/wp-json\/wp\/v2\/product\/33045\/revisions"}],"wp:attachment":[{"href":"https:\/\/sakaba.mghosteur.com\/en\/wp-json\/wp\/v2\/media?parent=33045"}],"wp:term":[{"taxonomy":"product_brand","embeddable":true,"href":"https:\/\/sakaba.mghosteur.com\/en\/wp-json\/wp\/v2\/product_brand?post=33045"},{"taxonomy":"product_cat","embeddable":true,"href":"https:\/\/sakaba.mghosteur.com\/en\/wp-json\/wp\/v2\/product_cat?post=33045"},{"taxonomy":"product_tag","embeddable":true,"href":"https:\/\/sakaba.mghosteur.com\/en\/wp-json\/wp\/v2\/product_tag?post=33045"}],"curies":[{"name":"wp","href":"https:\/\/api.w.org\/{rel}","templated":true}]}}