{"id":33048,"date":"2024-05-17T15:48:38","date_gmt":"2024-05-17T15:48:38","guid":{"rendered":"https:\/\/sakaba.mghosteur.com\/?post_type=product&#038;p=33048"},"modified":"2024-09-01T14:50:05","modified_gmt":"2024-09-01T14:50:05","slug":"dove-men-care-cool-fresh","status":"publish","type":"product","link":"https:\/\/sakaba.mghosteur.com\/en\/product\/dove-men-care-cool-fresh\/","title":{"rendered":"DOVE MEN CARE COOL FRESH"},"content":{"rendered":"<p>Offrez \u00e0 vos aisselles une fra\u00eecheur longue dur\u00e9e et une protection de 72 heures contre la transpiration et les odeurs avec ce antisudorifique en spray sec pour hommes.<\/p>","protected":false},"excerpt":{"rendered":"<p>Offrez \u00e0 vos aisselles une fra\u00eecheur longue dur\u00e9e et une protection de 72 heures contre la transpiration et les odeurs avec ce antisudorifique en spray sec pour hommes.<\/p>","protected":false},"featured_media":0,"comment_status":"open","ping_status":"closed","template":"","meta":[],"product_brand":[839],"product_cat":[288,375],"product_tag":[],"class_list":{"0":"post-33048","1":"product","2":"type-product","3":"status-publish","5":"product_brand-dove","6":"product_cat-aaf-homme","7":"product_cat-parfum-homme","9":"first","10":"instock","11":"shipping-taxable","12":"product-type-simple"},"jetpack-related-posts":[],"_links":{"self":[{"href":"https:\/\/sakaba.mghosteur.com\/en\/wp-json\/wp\/v2\/product\/33048","targetHints":{"allow":["GET"]}}],"collection":[{"href":"https:\/\/sakaba.mghosteur.com\/en\/wp-json\/wp\/v2\/product"}],"about":[{"href":"https:\/\/sakaba.mghosteur.com\/en\/wp-json\/wp\/v2\/types\/product"}],"replies":[{"embeddable":true,"href":"https:\/\/sakaba.mghosteur.com\/en\/wp-json\/wp\/v2\/comments?post=33048"}],"version-history":[{"count":0,"href":"https:\/\/sakaba.mghosteur.com\/en\/wp-json\/wp\/v2\/product\/33048\/revisions"}],"wp:attachment":[{"href":"https:\/\/sakaba.mghosteur.com\/en\/wp-json\/wp\/v2\/media?parent=33048"}],"wp:term":[{"taxonomy":"product_brand","embeddable":true,"href":"https:\/\/sakaba.mghosteur.com\/en\/wp-json\/wp\/v2\/product_brand?post=33048"},{"taxonomy":"product_cat","embeddable":true,"href":"https:\/\/sakaba.mghosteur.com\/en\/wp-json\/wp\/v2\/product_cat?post=33048"},{"taxonomy":"product_tag","embeddable":true,"href":"https:\/\/sakaba.mghosteur.com\/en\/wp-json\/wp\/v2\/product_tag?post=33048"}],"curies":[{"name":"wp","href":"https:\/\/api.w.org\/{rel}","templated":true}]}}