{"id":33051,"date":"2024-05-17T15:49:29","date_gmt":"2024-05-17T15:49:29","guid":{"rendered":"https:\/\/sakaba.mghosteur.com\/?post_type=product&#038;p=33051"},"modified":"2024-05-29T15:54:27","modified_gmt":"2024-05-29T15:54:27","slug":"dove-nourishing-secrets-glowing-ritual-body-wash","status":"publish","type":"product","link":"https:\/\/sakaba.mghosteur.com\/en\/product\/dove-nourishing-secrets-glowing-ritual-body-wash\/","title":{"rendered":"DOVE NOURISHING SECRETS GLOWING RITUAL BODY WASH"},"content":{"rendered":"","protected":false},"excerpt":{"rendered":"","protected":false},"featured_media":0,"comment_status":"open","ping_status":"closed","template":"","meta":[],"product_brand":[839],"product_cat":[359],"product_tag":[],"class_list":{"0":"post-33051","1":"product","2":"type-product","3":"status-publish","5":"product_brand-dove","6":"product_cat-gel-douche","8":"first","9":"instock","10":"shipping-taxable","11":"product-type-simple"},"jetpack-related-posts":[{"id":33069,"url":"https:\/\/sakaba.mghosteur.com\/en\/product\/dove-nourishing-body-wash\/","url_meta":{"origin":33051,"position":0},"title":"DOVE NOURISHING BODY WASH","author":"admin","date":"May 17, 2024","format":false,"excerpt":"","rel":"","context":"Similar post","block_context":{"text":"Similar post","link":""},"img":{"alt_text":"","src":"","width":0,"height":0},"classes":[]},{"id":25541,"url":"https:\/\/sakaba.mghosteur.com\/en\/product\/dove-renewing-body-wash\/","url_meta":{"origin":33051,"position":1},"title":"DOVE RENEWING BODY WASH","author":"admin","date":"November 14, 2022","format":false,"excerpt":"","rel":"","context":"Similar post","block_context":{"text":"Similar post","link":""},"img":{"alt_text":"","src":"","width":0,"height":0},"classes":[]},{"id":25538,"url":"https:\/\/sakaba.mghosteur.com\/en\/product\/dove-deep-moisture-body-wash\/","url_meta":{"origin":33051,"position":2},"title":"DOVE DEEP MOISTURE BODY WASH","author":"admin","date":"November 14, 2022","format":false,"excerpt":"","rel":"","context":"Similar post","block_context":{"text":"Similar post","link":""},"img":{"alt_text":"","src":"","width":0,"height":0},"classes":[]},{"id":33002,"url":"https:\/\/sakaba.mghosteur.com\/en\/product\/dove-care-protect-hand-wash-antibacterial\/","url_meta":{"origin":33051,"position":3},"title":"DOVE CARE PROTECT HAND WASH ANTIBACTERIAL","author":"admin","date":"May 17, 2024","format":false,"excerpt":"","rel":"","context":"Similar post","block_context":{"text":"Similar post","link":""},"img":{"alt_text":"","src":"","width":0,"height":0},"classes":[]},{"id":33042,"url":"https:\/\/sakaba.mghosteur.com\/en\/product\/dove-exfoliant-body-polish-pomegranate-seeds-shea-butter\/","url_meta":{"origin":33051,"position":4},"title":"DOVE EXFOLIANT BODY POLISH POMEGRANATE SEEDS &amp; SHEA BUTTER","author":"admin","date":"May 17, 2024","format":false,"excerpt":"Le gommage exfoliant pour le corps Dove Grenade et beurre de karit\u00e9 est un gommage doux qui contient du beurre de karit\u00e9 hydratant et est con\u00e7u pour nourrir et restaurer les nutriments naturels de la peau. Il a une texture cr\u00e9meuse qui s'\u00e9tale facilement et n'est pas trop agressive pour\u2026","rel":"","context":"Similar post","block_context":{"text":"Similar post","link":""},"img":{"alt_text":"","src":"","width":0,"height":0},"classes":[]},{"id":32909,"url":"https:\/\/sakaba.mghosteur.com\/en\/product\/nivea-nourishing-skin-firming\/","url_meta":{"origin":33051,"position":5},"title":"NIVEA NOURISHING SKIN FIRMING","author":"admin","date":"May 16, 2024","format":false,"excerpt":"","rel":"","context":"Similar post","block_context":{"text":"Similar post","link":""},"img":{"alt_text":"","src":"","width":0,"height":0},"classes":[]}],"_links":{"self":[{"href":"https:\/\/sakaba.mghosteur.com\/en\/wp-json\/wp\/v2\/product\/33051","targetHints":{"allow":["GET"]}}],"collection":[{"href":"https:\/\/sakaba.mghosteur.com\/en\/wp-json\/wp\/v2\/product"}],"about":[{"href":"https:\/\/sakaba.mghosteur.com\/en\/wp-json\/wp\/v2\/types\/product"}],"replies":[{"embeddable":true,"href":"https:\/\/sakaba.mghosteur.com\/en\/wp-json\/wp\/v2\/comments?post=33051"}],"version-history":[{"count":0,"href":"https:\/\/sakaba.mghosteur.com\/en\/wp-json\/wp\/v2\/product\/33051\/revisions"}],"wp:attachment":[{"href":"https:\/\/sakaba.mghosteur.com\/en\/wp-json\/wp\/v2\/media?parent=33051"}],"wp:term":[{"taxonomy":"product_brand","embeddable":true,"href":"https:\/\/sakaba.mghosteur.com\/en\/wp-json\/wp\/v2\/product_brand?post=33051"},{"taxonomy":"product_cat","embeddable":true,"href":"https:\/\/sakaba.mghosteur.com\/en\/wp-json\/wp\/v2\/product_cat?post=33051"},{"taxonomy":"product_tag","embeddable":true,"href":"https:\/\/sakaba.mghosteur.com\/en\/wp-json\/wp\/v2\/product_tag?post=33051"}],"curies":[{"name":"wp","href":"https:\/\/api.w.org\/{rel}","templated":true}]}}