{"id":33054,"date":"2024-05-17T15:50:18","date_gmt":"2024-05-17T15:50:18","guid":{"rendered":"https:\/\/sakaba.mghosteur.com\/?post_type=product&#038;p=33054"},"modified":"2024-05-29T15:46:39","modified_gmt":"2024-05-29T15:46:39","slug":"dove-original-clean-all-day-sweet-odor-protection","status":"publish","type":"product","link":"https:\/\/sakaba.mghosteur.com\/en\/product\/dove-original-clean-all-day-sweet-odor-protection\/","title":{"rendered":"DOVE ORIGINAL CLEAN ALL DAY SWEET &#038; ODOR PROTECTION"},"content":{"rendered":"","protected":false},"excerpt":{"rendered":"","protected":false},"featured_media":0,"comment_status":"open","ping_status":"closed","template":"","meta":[],"product_brand":[839],"product_cat":[379],"product_tag":[],"class_list":{"0":"post-33054","1":"product","2":"type-product","3":"status-publish","5":"product_brand-dove","6":"product_cat-deodorant","8":"first","9":"instock","10":"shipping-taxable","11":"product-type-simple"},"jetpack-related-posts":[{"id":25376,"url":"https:\/\/sakaba.mghosteur.com\/en\/product\/dove-original-moisturising-cream-48h\/","url_meta":{"origin":33054,"position":0},"title":"DOVE ORIGINAL MOISTURISING CREAM 48H","author":"admin","date":"November 14, 2022","format":false,"excerpt":"","rel":"","context":"Similar post","block_context":{"text":"Similar post","link":""},"img":{"alt_text":"","src":"","width":0,"height":0},"classes":[]},{"id":33002,"url":"https:\/\/sakaba.mghosteur.com\/en\/product\/dove-care-protect-hand-wash-antibacterial\/","url_meta":{"origin":33054,"position":1},"title":"DOVE CARE PROTECT HAND WASH ANTIBACTERIAL","author":"admin","date":"May 17, 2024","format":false,"excerpt":"","rel":"","context":"Similar post","block_context":{"text":"Similar post","link":""},"img":{"alt_text":"","src":"","width":0,"height":0},"classes":[]},{"id":33048,"url":"https:\/\/sakaba.mghosteur.com\/en\/product\/dove-men-care-cool-fresh\/","url_meta":{"origin":33054,"position":2},"title":"DOVE MEN CARE COOL FRESH","author":"admin","date":"May 17, 2024","format":false,"excerpt":"Offrez \u00e0 vos aisselles une fra\u00eecheur longue dur\u00e9e et une protection de 72 heures contre la transpiration et les odeurs avec ce antisudorifique en spray sec pour hommes.","rel":"","context":"Similar post","block_context":{"text":"Similar post","link":""},"img":{"alt_text":"","src":"","width":0,"height":0},"classes":[]},{"id":26678,"url":"https:\/\/sakaba.mghosteur.com\/en\/product\/clinique-all-about-clean-forming-cleanser\/","url_meta":{"origin":33054,"position":3},"title":"Clinique All About Clean Forming Cleanser","author":"admin","date":"November 28, 2022","format":false,"excerpt":"","rel":"","context":"Similar post","block_context":{"text":"Similar post","link":""},"img":{"alt_text":"","src":"","width":0,"height":0},"classes":[]},{"id":26596,"url":"https:\/\/sakaba.mghosteur.com\/en\/product\/clinique-all-about-clean-liquid-facial-soap-mild-peau\/","url_meta":{"origin":33054,"position":4},"title":"Clinique All About Clean Liquid Facial Soap Mild- Peau","author":"admin","date":"November 28, 2022","format":false,"excerpt":"","rel":"","context":"Similar post","block_context":{"text":"Similar post","link":""},"img":{"alt_text":"","src":"","width":0,"height":0},"classes":[]},{"id":27062,"url":"https:\/\/sakaba.mghosteur.com\/en\/product\/skin-lightening-cream-day-time-protection\/","url_meta":{"origin":33054,"position":5},"title":"SKIN LIGHTENING CREAM DAY TIME PROTECTION","author":"admin","date":"November 28, 2022","format":false,"excerpt":"","rel":"","context":"Similar post","block_context":{"text":"Similar post","link":""},"img":{"alt_text":"","src":"","width":0,"height":0},"classes":[]}],"_links":{"self":[{"href":"https:\/\/sakaba.mghosteur.com\/en\/wp-json\/wp\/v2\/product\/33054","targetHints":{"allow":["GET"]}}],"collection":[{"href":"https:\/\/sakaba.mghosteur.com\/en\/wp-json\/wp\/v2\/product"}],"about":[{"href":"https:\/\/sakaba.mghosteur.com\/en\/wp-json\/wp\/v2\/types\/product"}],"replies":[{"embeddable":true,"href":"https:\/\/sakaba.mghosteur.com\/en\/wp-json\/wp\/v2\/comments?post=33054"}],"version-history":[{"count":0,"href":"https:\/\/sakaba.mghosteur.com\/en\/wp-json\/wp\/v2\/product\/33054\/revisions"}],"wp:attachment":[{"href":"https:\/\/sakaba.mghosteur.com\/en\/wp-json\/wp\/v2\/media?parent=33054"}],"wp:term":[{"taxonomy":"product_brand","embeddable":true,"href":"https:\/\/sakaba.mghosteur.com\/en\/wp-json\/wp\/v2\/product_brand?post=33054"},{"taxonomy":"product_cat","embeddable":true,"href":"https:\/\/sakaba.mghosteur.com\/en\/wp-json\/wp\/v2\/product_cat?post=33054"},{"taxonomy":"product_tag","embeddable":true,"href":"https:\/\/sakaba.mghosteur.com\/en\/wp-json\/wp\/v2\/product_tag?post=33054"}],"curies":[{"name":"wp","href":"https:\/\/api.w.org\/{rel}","templated":true}]}}