{"id":33074,"date":"2024-05-17T15:59:41","date_gmt":"2024-05-17T15:59:41","guid":{"rendered":"https:\/\/sakaba.mghosteur.com\/?post_type=product&#038;p=33074"},"modified":"2024-05-29T15:06:39","modified_gmt":"2024-05-29T15:06:39","slug":"oyemi-savon-noir-doux-aloe","status":"publish","type":"product","link":"https:\/\/sakaba.mghosteur.com\/en\/product\/oyemi-savon-noir-doux-aloe\/","title":{"rendered":"OYEMI SAVON NOIR DOUX ALOE"},"content":{"rendered":"","protected":false},"excerpt":{"rendered":"","protected":false},"featured_media":0,"comment_status":"open","ping_status":"closed","template":"","meta":[],"product_brand":[1047],"product_cat":[360],"product_tag":[],"class_list":{"0":"post-33074","1":"product","2":"type-product","3":"status-publish","5":"product_brand-oyemi","6":"product_cat-savon","8":"first","9":"instock","10":"shipping-taxable","11":"product-type-simple"},"jetpack-related-posts":[{"id":33077,"url":"https:\/\/sakaba.mghosteur.com\/en\/product\/oyemi-savon-noir-doux-citron\/","url_meta":{"origin":33074,"position":0},"title":"OYEMI SAVON NOIR DOUX CITRON","author":"admin","date":"May 17, 2024","format":false,"excerpt":"","rel":"","context":"Similar post","block_context":{"text":"Similar post","link":""},"img":{"alt_text":"","src":"","width":0,"height":0},"classes":[]},{"id":33080,"url":"https:\/\/sakaba.mghosteur.com\/en\/product\/oyemi-savon-noir-doux-miel\/","url_meta":{"origin":33074,"position":1},"title":"OYEMI SAVON NOIR DOUX MIEL","author":"admin","date":"May 17, 2024","format":false,"excerpt":"","rel":"","context":"Similar post","block_context":{"text":"Similar post","link":""},"img":{"alt_text":"","src":"","width":0,"height":0},"classes":[]},{"id":25669,"url":"https:\/\/sakaba.mghosteur.com\/en\/product\/oyemi-savon-noir-doux-moringa\/","url_meta":{"origin":33074,"position":2},"title":"OYEMI SAVON NOIR DOUX MORINGA","author":"admin","date":"November 14, 2022","format":false,"excerpt":"","rel":"","context":"Similar post","block_context":{"text":"Similar post","link":""},"img":{"alt_text":"","src":"","width":0,"height":0},"classes":[]},{"id":25671,"url":"https:\/\/sakaba.mghosteur.com\/en\/product\/oyemi-savon-noir-doux-cacao\/","url_meta":{"origin":33074,"position":3},"title":"OYEMI SAVON NOIR DOUX CACAO","author":"admin","date":"November 14, 2022","format":false,"excerpt":"","rel":"","context":"Similar post","block_context":{"text":"Similar post","link":""},"img":{"alt_text":"","src":"","width":0,"height":0},"classes":[]},{"id":30109,"url":"https:\/\/sakaba.mghosteur.com\/en\/product\/dr-bronners-savon-pure-castille-amande\/","url_meta":{"origin":33074,"position":4},"title":"Dr. Bronners SAVON PURE CASTILLE Amande","author":"admin","date":"May 3, 2023","format":false,"excerpt":"Chaud, r\u00e9confortant et l\u00e9g\u00e8rement sucr\u00e9 & comme le massepain ou l'amaretto\u00a0!\u00a0Notre pain de savon Amande Pure-Castile est fabriqu\u00e9 avec des ingr\u00e9dients certifi\u00e9s issus du commerce \u00e9quitable et de l'huile de graines de chanvre biologique pour une mousse douce et lisse qui ne dess\u00e8che pas votre peau.\u00a0Biod\u00e9gradable dans un emballage 100%\u2026","rel":"","context":"Similar post","block_context":{"text":"Similar post","link":""},"img":{"alt_text":"","src":"","width":0,"height":0},"classes":[]},{"id":30132,"url":"https:\/\/sakaba.mghosteur.com\/en\/product\/dr-bronners-savon-pure-castille-the-vert\/","url_meta":{"origin":33074,"position":5},"title":"Dr. Bronners SAVON PURE CASTILLE Th\u00e9 vert","author":"admin","date":"May 3, 2023","format":false,"excerpt":"Frais et vivifiant - l\u00e9g\u00e8rement parfum\u00e9 pour faire ressortir l'ar\u00f4me pur du savon de Castille\u00a0!\u00a0Le savon en barre Pure-Castille au th\u00e9 vert de Dr. Bronner's est fabriqu\u00e9 avec des ingr\u00e9dients certifi\u00e9s issus du commerce \u00e9quitable et de l'huile de chanvre biologique cultiv\u00e9e aux \u00c9tats-Unis pour une mousse douce et lisse\u2026","rel":"","context":"Similar post","block_context":{"text":"Similar post","link":""},"img":{"alt_text":"","src":"","width":0,"height":0},"classes":[]}],"_links":{"self":[{"href":"https:\/\/sakaba.mghosteur.com\/en\/wp-json\/wp\/v2\/product\/33074","targetHints":{"allow":["GET"]}}],"collection":[{"href":"https:\/\/sakaba.mghosteur.com\/en\/wp-json\/wp\/v2\/product"}],"about":[{"href":"https:\/\/sakaba.mghosteur.com\/en\/wp-json\/wp\/v2\/types\/product"}],"replies":[{"embeddable":true,"href":"https:\/\/sakaba.mghosteur.com\/en\/wp-json\/wp\/v2\/comments?post=33074"}],"version-history":[{"count":0,"href":"https:\/\/sakaba.mghosteur.com\/en\/wp-json\/wp\/v2\/product\/33074\/revisions"}],"wp:attachment":[{"href":"https:\/\/sakaba.mghosteur.com\/en\/wp-json\/wp\/v2\/media?parent=33074"}],"wp:term":[{"taxonomy":"product_brand","embeddable":true,"href":"https:\/\/sakaba.mghosteur.com\/en\/wp-json\/wp\/v2\/product_brand?post=33074"},{"taxonomy":"product_cat","embeddable":true,"href":"https:\/\/sakaba.mghosteur.com\/en\/wp-json\/wp\/v2\/product_cat?post=33074"},{"taxonomy":"product_tag","embeddable":true,"href":"https:\/\/sakaba.mghosteur.com\/en\/wp-json\/wp\/v2\/product_tag?post=33074"}],"curies":[{"name":"wp","href":"https:\/\/api.w.org\/{rel}","templated":true}]}}