{"id":33077,"date":"2024-05-17T16:00:56","date_gmt":"2024-05-17T16:00:56","guid":{"rendered":"https:\/\/sakaba.mghosteur.com\/?post_type=product&#038;p=33077"},"modified":"2024-05-29T12:59:54","modified_gmt":"2024-05-29T12:59:54","slug":"oyemi-savon-noir-doux-citron","status":"publish","type":"product","link":"https:\/\/sakaba.mghosteur.com\/en\/product\/oyemi-savon-noir-doux-citron\/","title":{"rendered":"OYEMI SAVON NOIR DOUX CITRON"},"content":{"rendered":"","protected":false},"excerpt":{"rendered":"","protected":false},"featured_media":0,"comment_status":"open","ping_status":"closed","template":"","meta":[],"product_brand":[1047],"product_cat":[360],"product_tag":[],"class_list":{"0":"post-33077","1":"product","2":"type-product","3":"status-publish","5":"product_brand-oyemi","6":"product_cat-savon","8":"first","9":"instock","10":"shipping-taxable","11":"product-type-simple"},"jetpack-related-posts":[{"id":33074,"url":"https:\/\/sakaba.mghosteur.com\/en\/product\/oyemi-savon-noir-doux-aloe\/","url_meta":{"origin":33077,"position":0},"title":"OYEMI SAVON NOIR DOUX ALOE","author":"admin","date":"May 17, 2024","format":false,"excerpt":"","rel":"","context":"Similar post","block_context":{"text":"Similar post","link":""},"img":{"alt_text":"","src":"","width":0,"height":0},"classes":[]},{"id":33080,"url":"https:\/\/sakaba.mghosteur.com\/en\/product\/oyemi-savon-noir-doux-miel\/","url_meta":{"origin":33077,"position":1},"title":"OYEMI SAVON NOIR DOUX MIEL","author":"admin","date":"May 17, 2024","format":false,"excerpt":"","rel":"","context":"Similar post","block_context":{"text":"Similar post","link":""},"img":{"alt_text":"","src":"","width":0,"height":0},"classes":[]},{"id":25669,"url":"https:\/\/sakaba.mghosteur.com\/en\/product\/oyemi-savon-noir-doux-moringa\/","url_meta":{"origin":33077,"position":2},"title":"OYEMI SAVON NOIR DOUX MORINGA","author":"admin","date":"November 14, 2022","format":false,"excerpt":"","rel":"","context":"Similar post","block_context":{"text":"Similar post","link":""},"img":{"alt_text":"","src":"","width":0,"height":0},"classes":[]},{"id":25671,"url":"https:\/\/sakaba.mghosteur.com\/en\/product\/oyemi-savon-noir-doux-cacao\/","url_meta":{"origin":33077,"position":3},"title":"OYEMI SAVON NOIR DOUX CACAO","author":"admin","date":"November 14, 2022","format":false,"excerpt":"","rel":"","context":"Similar post","block_context":{"text":"Similar post","link":""},"img":{"alt_text":"","src":"","width":0,"height":0},"classes":[]},{"id":30112,"url":"https:\/\/sakaba.mghosteur.com\/en\/product\/dr-bronners-savon-pure-castille-agrumes\/","url_meta":{"origin":33077,"position":4},"title":"Dr. Bronners SAVON PURE CASTILLE Agrumes","author":"admin","date":"May 3, 2023","format":false,"excerpt":"Odeur fra\u00eeche et lumineuse - un m\u00e9lange revigorant d'huiles biologiques d'orange, de citron et de citron vert\u00a0!\u00a0Notre pain de savon Citrus Pure-Castile est fabriqu\u00e9 avec des ingr\u00e9dients certifi\u00e9s issus du commerce \u00e9quitable et de l'huile de graines de chanvre biologique cultiv\u00e9e aux \u00c9tats-Unis pour une mousse douce et lisse qui\u2026","rel":"","context":"Similar post","block_context":{"text":"Similar post","link":""},"img":{"alt_text":"","src":"","width":0,"height":0},"classes":[]},{"id":28820,"url":"https:\/\/sakaba.mghosteur.com\/en\/product\/dr-bronners-heal-soul-18-in-1-hemp-citrus\/","url_meta":{"origin":33077,"position":5},"title":"Dr. Bronners Heal Soul 18 in 1 Hemp PURE-CASTILE LIQUID SOAP Citrus","author":"admin","date":"December 13, 2022","format":false,"excerpt":"D\u00e9couvrez notre savon liquide pur Castile Citrus de Dr. Bronners, un produit concentr\u00e9, biod\u00e9gradable, polyvalent et efficace. Ce savon est enrichi d'un m\u00e9lange rafra\u00eechissant d'huiles d'orange, de citron et de lime biologiques pour un parfum frais et lumineux. Nous utilisons des ingr\u00e9dients biologiques et certifi\u00e9s commerce \u00e9quitable, y compris de\u2026","rel":"","context":"Similar post","block_context":{"text":"Similar post","link":""},"img":{"alt_text":"","src":"","width":0,"height":0},"classes":[]}],"_links":{"self":[{"href":"https:\/\/sakaba.mghosteur.com\/en\/wp-json\/wp\/v2\/product\/33077","targetHints":{"allow":["GET"]}}],"collection":[{"href":"https:\/\/sakaba.mghosteur.com\/en\/wp-json\/wp\/v2\/product"}],"about":[{"href":"https:\/\/sakaba.mghosteur.com\/en\/wp-json\/wp\/v2\/types\/product"}],"replies":[{"embeddable":true,"href":"https:\/\/sakaba.mghosteur.com\/en\/wp-json\/wp\/v2\/comments?post=33077"}],"version-history":[{"count":0,"href":"https:\/\/sakaba.mghosteur.com\/en\/wp-json\/wp\/v2\/product\/33077\/revisions"}],"wp:attachment":[{"href":"https:\/\/sakaba.mghosteur.com\/en\/wp-json\/wp\/v2\/media?parent=33077"}],"wp:term":[{"taxonomy":"product_brand","embeddable":true,"href":"https:\/\/sakaba.mghosteur.com\/en\/wp-json\/wp\/v2\/product_brand?post=33077"},{"taxonomy":"product_cat","embeddable":true,"href":"https:\/\/sakaba.mghosteur.com\/en\/wp-json\/wp\/v2\/product_cat?post=33077"},{"taxonomy":"product_tag","embeddable":true,"href":"https:\/\/sakaba.mghosteur.com\/en\/wp-json\/wp\/v2\/product_tag?post=33077"}],"curies":[{"name":"wp","href":"https:\/\/api.w.org\/{rel}","templated":true}]}}