{"id":33080,"date":"2024-05-17T16:01:53","date_gmt":"2024-05-17T16:01:53","guid":{"rendered":"https:\/\/sakaba.mghosteur.com\/?post_type=product&#038;p=33080"},"modified":"2024-05-29T12:58:13","modified_gmt":"2024-05-29T12:58:13","slug":"oyemi-savon-noir-doux-miel","status":"publish","type":"product","link":"https:\/\/sakaba.mghosteur.com\/en\/product\/oyemi-savon-noir-doux-miel\/","title":{"rendered":"OYEMI SAVON NOIR DOUX MIEL"},"content":{"rendered":"","protected":false},"excerpt":{"rendered":"","protected":false},"featured_media":0,"comment_status":"open","ping_status":"closed","template":"","meta":[],"product_brand":[1047],"product_cat":[360],"product_tag":[],"class_list":{"0":"post-33080","1":"product","2":"type-product","3":"status-publish","5":"product_brand-oyemi","6":"product_cat-savon","8":"first","9":"instock","10":"shipping-taxable","11":"product-type-simple"},"jetpack-related-posts":[{"id":33074,"url":"https:\/\/sakaba.mghosteur.com\/en\/product\/oyemi-savon-noir-doux-aloe\/","url_meta":{"origin":33080,"position":0},"title":"OYEMI SAVON NOIR DOUX ALOE","author":"admin","date":"May 17, 2024","format":false,"excerpt":"","rel":"","context":"Similar post","block_context":{"text":"Similar post","link":""},"img":{"alt_text":"","src":"","width":0,"height":0},"classes":[]},{"id":33077,"url":"https:\/\/sakaba.mghosteur.com\/en\/product\/oyemi-savon-noir-doux-citron\/","url_meta":{"origin":33080,"position":1},"title":"OYEMI SAVON NOIR DOUX CITRON","author":"admin","date":"May 17, 2024","format":false,"excerpt":"","rel":"","context":"Similar post","block_context":{"text":"Similar post","link":""},"img":{"alt_text":"","src":"","width":0,"height":0},"classes":[]},{"id":25669,"url":"https:\/\/sakaba.mghosteur.com\/en\/product\/oyemi-savon-noir-doux-moringa\/","url_meta":{"origin":33080,"position":2},"title":"OYEMI SAVON NOIR DOUX MORINGA","author":"admin","date":"November 14, 2022","format":false,"excerpt":"","rel":"","context":"Similar post","block_context":{"text":"Similar post","link":""},"img":{"alt_text":"","src":"","width":0,"height":0},"classes":[]},{"id":25671,"url":"https:\/\/sakaba.mghosteur.com\/en\/product\/oyemi-savon-noir-doux-cacao\/","url_meta":{"origin":33080,"position":3},"title":"OYEMI SAVON NOIR DOUX CACAO","author":"admin","date":"November 14, 2022","format":false,"excerpt":"","rel":"","context":"Similar post","block_context":{"text":"Similar post","link":""},"img":{"alt_text":"","src":"","width":0,"height":0},"classes":[]},{"id":26104,"url":"https:\/\/sakaba.mghosteur.com\/en\/product\/mielle-babassu-conditioning-shampoo\/","url_meta":{"origin":33080,"position":4},"title":"MIELLE BABASSU CONDITIONING SHAMPOO","author":"admin","date":"November 24, 2022","format":false,"excerpt":"Le shampooing revitalisant Babassu est un nettoyant doux qui adoucit et renforce vos cheveux avec de riches agents hydratants, en utilisant de l'huile de babassu certifi\u00e9e biologique pour de beaux r\u00e9sultats Avantages cl\u00e9s: formule l\u00e9g\u00e8re et sans sulfate formul\u00e9e pour les cheveux secs et boucl\u00e9s fabriqu\u00e9e avec de l'huile de\u2026","rel":"","context":"Similar post","block_context":{"text":"Similar post","link":""},"img":{"alt_text":"","src":"","width":0,"height":0},"classes":[]},{"id":30109,"url":"https:\/\/sakaba.mghosteur.com\/en\/product\/dr-bronners-savon-pure-castille-amande\/","url_meta":{"origin":33080,"position":5},"title":"Dr. Bronners SAVON PURE CASTILLE Amande","author":"admin","date":"May 3, 2023","format":false,"excerpt":"Chaud, r\u00e9confortant et l\u00e9g\u00e8rement sucr\u00e9 & comme le massepain ou l'amaretto\u00a0!\u00a0Notre pain de savon Amande Pure-Castile est fabriqu\u00e9 avec des ingr\u00e9dients certifi\u00e9s issus du commerce \u00e9quitable et de l'huile de graines de chanvre biologique pour une mousse douce et lisse qui ne dess\u00e8che pas votre peau.\u00a0Biod\u00e9gradable dans un emballage 100%\u2026","rel":"","context":"Similar post","block_context":{"text":"Similar post","link":""},"img":{"alt_text":"","src":"","width":0,"height":0},"classes":[]}],"_links":{"self":[{"href":"https:\/\/sakaba.mghosteur.com\/en\/wp-json\/wp\/v2\/product\/33080","targetHints":{"allow":["GET"]}}],"collection":[{"href":"https:\/\/sakaba.mghosteur.com\/en\/wp-json\/wp\/v2\/product"}],"about":[{"href":"https:\/\/sakaba.mghosteur.com\/en\/wp-json\/wp\/v2\/types\/product"}],"replies":[{"embeddable":true,"href":"https:\/\/sakaba.mghosteur.com\/en\/wp-json\/wp\/v2\/comments?post=33080"}],"version-history":[{"count":0,"href":"https:\/\/sakaba.mghosteur.com\/en\/wp-json\/wp\/v2\/product\/33080\/revisions"}],"wp:attachment":[{"href":"https:\/\/sakaba.mghosteur.com\/en\/wp-json\/wp\/v2\/media?parent=33080"}],"wp:term":[{"taxonomy":"product_brand","embeddable":true,"href":"https:\/\/sakaba.mghosteur.com\/en\/wp-json\/wp\/v2\/product_brand?post=33080"},{"taxonomy":"product_cat","embeddable":true,"href":"https:\/\/sakaba.mghosteur.com\/en\/wp-json\/wp\/v2\/product_cat?post=33080"},{"taxonomy":"product_tag","embeddable":true,"href":"https:\/\/sakaba.mghosteur.com\/en\/wp-json\/wp\/v2\/product_tag?post=33080"}],"curies":[{"name":"wp","href":"https:\/\/api.w.org\/{rel}","templated":true}]}}