{"id":33122,"date":"2024-05-20T13:38:09","date_gmt":"2024-05-20T13:38:09","guid":{"rendered":"https:\/\/sakaba.mghosteur.com\/?post_type=product&#038;p=33122"},"modified":"2024-08-08T02:17:05","modified_gmt":"2024-08-08T02:17:05","slug":"medix-5-5-20-vitamin-f-barrier-booster-serum-50ml-15","status":"publish","type":"product","link":"https:\/\/sakaba.mghosteur.com\/en\/product\/medix-5-5-20-vitamin-f-barrier-booster-serum-50ml-15\/","title":{"rendered":"MEDIX 5.5 20% VITAMIN F BARRIER BOOSTER SERUM 50ML 15"},"content":{"rendered":"<p>Le s\u00e9rum Medix 5.5 20% Vitamin F Barrier Booster 50 ml est un s\u00e9rum qui contient de la vitamine F, un acide gras qui aide \u00e0 maintenir l&#8217;hydratation et l&#8217;int\u00e9grit\u00e9 de la barri\u00e8re cutan\u00e9e. Il est sans paraben, sans cruaut\u00e9 et convient \u00e0 tous les types de peau. Le s\u00e9rum est con\u00e7u pour aider \u00e0 r\u00e9duire l&#8217;apparence de la peau cr\u00e9pue et affaiss\u00e9e, et pour favoriser une peau saine. Il contient du triglyc\u00e9ride caprylique\/caprique, de l&#8217;acide linol\u00e9ique, de l&#8217;acide linol\u00e9nique, du squalane, de l&#8217;alcane C13-15, de l&#8217;huile de graines de Caryodendron Orinocense, de l&#8217;extrait de son d&#8217;Oryza Sativa (riz), de l&#8217;extrait de feuille de Rosmarinus Officinalis (romarin) et de l&#8217;extrait d&#8217;Helianthus Annuus (tournesol).<\/p>","protected":false},"excerpt":{"rendered":"<p>Le s\u00e9rum Medix 5.5 20% Vitamin F Barrier Booster 50 ml est un s\u00e9rum qui contient de la vitamine F, un acide gras qui aide \u00e0 maintenir l&#8217;hydratation et l&#8217;int\u00e9grit\u00e9 de la barri\u00e8re cutan\u00e9e. Il est sans paraben, sans cruaut\u00e9 et convient \u00e0 tous les types de peau. Le s\u00e9rum est con\u00e7u pour aider \u00e0<span class=\"read-more-faq\"><a href=\"https:\/\/sakaba.mghosteur.com\/en\/product\/medix-5-5-20-vitamin-f-barrier-booster-serum-50ml-15\/\">Read More<\/a><\/span><\/p>","protected":false},"featured_media":0,"comment_status":"open","ping_status":"closed","template":"","meta":[],"product_brand":[1048],"product_cat":[1095,451,334],"product_tag":[],"class_list":{"0":"post-33122","1":"product","2":"type-product","3":"status-publish","5":"product_brand-medix","6":"product_cat-anti-age","7":"product_cat-aab-soin-du-visage","8":"product_cat-traitement-serum","10":"first","11":"instock","12":"shipping-taxable","13":"product-type-simple"},"jetpack-related-posts":[{"id":33119,"url":"https:\/\/sakaba.mghosteur.com\/en\/product\/medix-5-5-3-hyaluronic-hydrate-booster-serum-50ml\/","url_meta":{"origin":33122,"position":0},"title":"MEDIX 5.5 3% HYALURONIC HYDRATE BOOSTER SERUM 50ML","author":"admin","date":"May 20, 2024","format":false,"excerpt":"Le s\u00e9rum \u00e0 l'acide hyaluronique est formul\u00e9 avec trois poids mol\u00e9culaires diff\u00e9rents, ainsi que de la vitamine B5, de l'alo\u00e8s et du varech, laissant la peau extr\u00eamement hydrat\u00e9e et rebondie.","rel":"","context":"Similar post","block_context":{"text":"Similar post","link":""},"img":{"alt_text":"","src":"","width":0,"height":0},"classes":[]},{"id":33116,"url":"https:\/\/sakaba.mghosteur.com\/en\/product\/medix-5-5-20-aha-pha-renew-booster-serum-50ml\/","url_meta":{"origin":33122,"position":1},"title":"MEDIX 5.5 20% AHA PHA RENEW BOOSTER SERUM 50ML","author":"admin","date":"May 20, 2024","format":false,"excerpt":"Avec un PH de 5,5, le niveau de PH optimal pour une barri\u00e8re cutan\u00e9e saine, ce S\u00c9RUM booster est un m\u00e9lange resurfa\u00e7ant d'ALPHA HYDROXY ACIDES et de POLY HYDROXY ACIDES qui favorise l'\u00e9claircissement et le renouvellement des cellules de la peau.","rel":"","context":"Similar post","block_context":{"text":"Similar post","link":""},"img":{"alt_text":"","src":"","width":0,"height":0},"classes":[]},{"id":31738,"url":"https:\/\/sakaba.mghosteur.com\/en\/product\/medix-5-5-10-glycolic-lactic-acid\/","url_meta":{"origin":33122,"position":2},"title":"MEDIX 5.5 10% GLYCOLIC + LACTIC ACID","author":"admin","date":"May 10, 2024","format":false,"excerpt":"Le s\u00e9rum \u00e0 l'acide glycolique Medix 5.5 r\u00e9duit visiblement l'apparence des pores obstru\u00e9s, de la texture de la peau rugueuse, du teint irr\u00e9gulier, des rougeurs et des taches brunes. Le peeling exfoliant de nuit pour le visage \u00e0 l'acide glycolique \u00e9limine efficacement les cellules mortes de la peau pour affiner,\u2026","rel":"","context":"Similar post","block_context":{"text":"Similar post","link":""},"img":{"alt_text":"","src":"","width":0,"height":0},"classes":[]},{"id":35978,"url":"https:\/\/sakaba.mghosteur.com\/en\/product\/medix-5-5-retinol-ferulic-acid-age-rewind-444ml\/","url_meta":{"origin":33122,"position":3},"title":"MEDIX 5.5 RETINOL FERULIC ACID AGE REWIND 444ML","author":"admin","date":"August 10, 2024","format":false,"excerpt":"MEDIX 5.5 \u2013 RETINOL CREAM contient d\u2019autres ingr\u00e9dients actifs tels que l\u2019acide f\u00e9rulique, le th\u00e9 vert, la vitamine E, le beurre de karit\u00e9 et l\u2019aloe vera qui agissent en synergie pour am\u00e9liorer la sant\u00e9 globale et l\u2019apparence de votre peau afin de donner \u00e0 votre peau un \u00e9clat jeune et\u2026","rel":"","context":"Similar post","block_context":{"text":"Similar post","link":""},"img":{"alt_text":"","src":"","width":0,"height":0},"classes":[]},{"id":31734,"url":"https:\/\/sakaba.mghosteur.com\/en\/product\/medix-clinical-solution-collagen-hyauluronic-acid\/","url_meta":{"origin":33122,"position":4},"title":"MEDIX CLINICAL SOLUTION COLLAGEN+ HYAULURONIC ACID","author":"admin","date":"May 10, 2024","format":false,"excerpt":"Repulpez et raffermissez votre peau avec ce s\u00e9rum enrichi en collag\u00e8ne, ciblant efficacement les rides et ridules tout en hydratant en profondeur. Gr\u00e2ce \u00e0 sa formule unique associant le pouvoir du collag\u00e8ne \u00e0 des extraits naturels aux vertus nutritives, votre peau retrouve \u00e9clat et fermet\u00e9. L'Aloe Vera apaise et hydrate,\u2026","rel":"","context":"Similar post","block_context":{"text":"Similar post","link":""},"img":{"alt_text":"","src":"","width":0,"height":0},"classes":[]},{"id":31603,"url":"https:\/\/sakaba.mghosteur.com\/en\/product\/the-ordinary-soothing-barrier-support\/","url_meta":{"origin":33122,"position":5},"title":"The Ordinary SOOTHING &amp; BARRIER SUPPORT","author":"admin","date":"May 10, 2024","format":false,"excerpt":"D\u00e9couvrez le S\u00e9rum de Soutien Apaisant et Barri\u00e8re, une solution multi-active cibl\u00e9e pour apaiser la peau irrit\u00e9e. Ce s\u00e9rum innovant aide \u00e0 restaurer la barri\u00e8re cutan\u00e9e en seulement 2 heures*, offrant un boost imm\u00e9diat de 86%** d'hydratation pour une peau confortable et apais\u00e9e. Gr\u00e2ce \u00e0 sa formulation avanc\u00e9e contenant plusieurs\u2026","rel":"","context":"Similar post","block_context":{"text":"Similar post","link":""},"img":{"alt_text":"","src":"","width":0,"height":0},"classes":[]}],"_links":{"self":[{"href":"https:\/\/sakaba.mghosteur.com\/en\/wp-json\/wp\/v2\/product\/33122","targetHints":{"allow":["GET"]}}],"collection":[{"href":"https:\/\/sakaba.mghosteur.com\/en\/wp-json\/wp\/v2\/product"}],"about":[{"href":"https:\/\/sakaba.mghosteur.com\/en\/wp-json\/wp\/v2\/types\/product"}],"replies":[{"embeddable":true,"href":"https:\/\/sakaba.mghosteur.com\/en\/wp-json\/wp\/v2\/comments?post=33122"}],"version-history":[{"count":0,"href":"https:\/\/sakaba.mghosteur.com\/en\/wp-json\/wp\/v2\/product\/33122\/revisions"}],"wp:attachment":[{"href":"https:\/\/sakaba.mghosteur.com\/en\/wp-json\/wp\/v2\/media?parent=33122"}],"wp:term":[{"taxonomy":"product_brand","embeddable":true,"href":"https:\/\/sakaba.mghosteur.com\/en\/wp-json\/wp\/v2\/product_brand?post=33122"},{"taxonomy":"product_cat","embeddable":true,"href":"https:\/\/sakaba.mghosteur.com\/en\/wp-json\/wp\/v2\/product_cat?post=33122"},{"taxonomy":"product_tag","embeddable":true,"href":"https:\/\/sakaba.mghosteur.com\/en\/wp-json\/wp\/v2\/product_tag?post=33122"}],"curies":[{"name":"wp","href":"https:\/\/api.w.org\/{rel}","templated":true}]}}