{"id":33147,"date":"2024-05-20T14:00:55","date_gmt":"2024-05-20T14:00:55","guid":{"rendered":"https:\/\/sakaba.mghosteur.com\/?post_type=product&#038;p=33147"},"modified":"2024-08-08T18:41:48","modified_gmt":"2024-08-08T18:41:48","slug":"bath-body-pure-wonder","status":"publish","type":"product","link":"https:\/\/sakaba.mghosteur.com\/en\/product\/bath-body-pure-wonder\/","title":{"rendered":"BATH &amp; BODY PURE WONDER"},"content":{"rendered":"","protected":false},"excerpt":{"rendered":"","protected":false},"featured_media":0,"comment_status":"open","ping_status":"closed","template":"","meta":[],"product_brand":[1049],"product_cat":[377,283],"product_tag":[],"class_list":{"0":"post-33147","1":"product","2":"type-product","3":"status-publish","5":"product_brand-bath","6":"product_cat-bath-body-works","7":"product_cat-aah-parfums","9":"first","10":"instock","11":"shipping-taxable","12":"product-type-simple"},"jetpack-related-posts":[{"id":27837,"url":"https:\/\/sakaba.mghosteur.com\/en\/product\/pure-skin-deep-cleanser-with-red-clay\/","url_meta":{"origin":33147,"position":0},"title":"PURE SKIN DEEP CLEANSER WITH RED CLAY","author":"admin","date":"November 29, 2022","format":false,"excerpt":"","rel":"","context":"Similar post","block_context":{"text":"Similar post","link":""},"img":{"alt_text":"","src":"","width":0,"height":0},"classes":[]},{"id":32815,"url":"https:\/\/sakaba.mghosteur.com\/en\/product\/now-almond-oil-100-pure-moisturizing-oil\/","url_meta":{"origin":33147,"position":1},"title":"NOW ALMOND OIL 100% PURE MOISTURIZING OIL","author":"admin","date":"May 16, 2024","format":false,"excerpt":"","rel":"","context":"Similar post","block_context":{"text":"Similar post","link":""},"img":{"alt_text":"","src":"","width":0,"height":0},"classes":[]},{"id":26281,"url":"https:\/\/sakaba.mghosteur.com\/en\/product\/some-by-me-multi-vita-cleansing-bar-v10-pure-vitamin-c\/","url_meta":{"origin":33147,"position":2},"title":"SOME BY ME MULTI VITA CLEANSING BAR V10 PURE VITAMIN C","author":"admin","date":"November 24, 2022","format":false,"excerpt":"","rel":"","context":"Similar post","block_context":{"text":"Similar post","link":""},"img":{"alt_text":"","src":"","width":0,"height":0},"classes":[]},{"id":32353,"url":"https:\/\/sakaba.mghosteur.com\/en\/product\/palmers-skin-therapy-oil-pure-argan-oil-60-ml\/","url_meta":{"origin":33147,"position":3},"title":"PALMERS SKIN THERAPY OIL PURE ARGAN OIL 60 ML","author":"admin","date":"May 14, 2024","format":false,"excerpt":"","rel":"","context":"Similar post","block_context":{"text":"Similar post","link":""},"img":{"alt_text":"","src":"","width":0,"height":0},"classes":[]},{"id":28106,"url":"https:\/\/sakaba.mghosteur.com\/en\/product\/suave-kids-3in-1-shampoo-conditioner-body-watermelon-wonder\/","url_meta":{"origin":33147,"position":4},"title":"SUAVE KIDS 3IN 1 SHAMPOO+ CONDITIONER +BODY WATERMELON WONDER","author":"admin","date":"November 30, 2022","format":false,"excerpt":"","rel":"","context":"Similar post","block_context":{"text":"Similar post","link":""},"img":{"alt_text":"","src":"","width":0,"height":0},"classes":[]},{"id":29269,"url":"https:\/\/sakaba.mghosteur.com\/en\/product\/pure-cold-pressed-rosehip-seed-oil\/","url_meta":{"origin":33147,"position":5},"title":"PURE COLD-PRESSED ROSEHIP SEED OIL","author":"admin","date":"March 22, 2023","format":false,"excerpt":"D\u00e9couvrez l'Huile de Graines de Rose Musqu\u00e9e Pure Press\u00e9e \u00e0 Froid de Good Molecules - un produit de soin de la peau naturel et durable pour le visage. Cette huile l\u00e9g\u00e8re et hydratante est riche en antioxydants, en vitamine A naturelle et aide \u00e0 restaurer l'\u00e9lasticit\u00e9 de la peau. Cultiv\u00e9e\u2026","rel":"","context":"Similar post","block_context":{"text":"Similar post","link":""},"img":{"alt_text":"","src":"","width":0,"height":0},"classes":[]}],"_links":{"self":[{"href":"https:\/\/sakaba.mghosteur.com\/en\/wp-json\/wp\/v2\/product\/33147","targetHints":{"allow":["GET"]}}],"collection":[{"href":"https:\/\/sakaba.mghosteur.com\/en\/wp-json\/wp\/v2\/product"}],"about":[{"href":"https:\/\/sakaba.mghosteur.com\/en\/wp-json\/wp\/v2\/types\/product"}],"replies":[{"embeddable":true,"href":"https:\/\/sakaba.mghosteur.com\/en\/wp-json\/wp\/v2\/comments?post=33147"}],"version-history":[{"count":0,"href":"https:\/\/sakaba.mghosteur.com\/en\/wp-json\/wp\/v2\/product\/33147\/revisions"}],"wp:attachment":[{"href":"https:\/\/sakaba.mghosteur.com\/en\/wp-json\/wp\/v2\/media?parent=33147"}],"wp:term":[{"taxonomy":"product_brand","embeddable":true,"href":"https:\/\/sakaba.mghosteur.com\/en\/wp-json\/wp\/v2\/product_brand?post=33147"},{"taxonomy":"product_cat","embeddable":true,"href":"https:\/\/sakaba.mghosteur.com\/en\/wp-json\/wp\/v2\/product_cat?post=33147"},{"taxonomy":"product_tag","embeddable":true,"href":"https:\/\/sakaba.mghosteur.com\/en\/wp-json\/wp\/v2\/product_tag?post=33147"}],"curies":[{"name":"wp","href":"https:\/\/api.w.org\/{rel}","templated":true}]}}