{"id":33151,"date":"2024-05-20T14:02:05","date_gmt":"2024-05-20T14:02:05","guid":{"rendered":"https:\/\/sakaba.mghosteur.com\/?post_type=product&#038;p=33151"},"modified":"2024-08-08T18:41:19","modified_gmt":"2024-08-08T18:41:19","slug":"bath-body-luminous","status":"publish","type":"product","link":"https:\/\/sakaba.mghosteur.com\/en\/product\/bath-body-luminous\/","title":{"rendered":"BATH &amp; BODY LUMINOUS"},"content":{"rendered":"","protected":false},"excerpt":{"rendered":"","protected":false},"featured_media":0,"comment_status":"open","ping_status":"closed","template":"","meta":[],"product_brand":[1049],"product_cat":[377,283],"product_tag":[],"class_list":{"0":"post-33151","1":"product","2":"type-product","3":"status-publish","5":"product_brand-bath","6":"product_cat-bath-body-works","7":"product_cat-aah-parfums","9":"first","10":"instock","11":"shipping-taxable","12":"product-type-simple"},"jetpack-related-posts":[{"id":29632,"url":"https:\/\/sakaba.mghosteur.com\/en\/product\/coconut-monoi-luminous-hydration-facial-oil\/","url_meta":{"origin":33151,"position":0},"title":"COCONUT MONOI LUMINOUS HYDRATION FACIAL OIL","author":"admin","date":"April 11, 2023","format":false,"excerpt":"D\u00e9couvrez l'huile pour le visage \u00e0 la noix de coco de Palmer's, qui apporte \u00e0 votre peau un \u00e9clat sain et radieux tout en la maintenant hydrat\u00e9e pendant 48 heures. Cette huile est fabriqu\u00e9e \u00e0 partir d'huile de noix de coco extra vierge biologique certifi\u00e9e \u00e9quitable et d'autres huiles pr\u00e9cieuses\u2026","rel":"","context":"Similar post","block_context":{"text":"Similar post","link":""},"img":{"alt_text":"","src":"","width":0,"height":0},"classes":[]},{"id":33126,"url":"https:\/\/sakaba.mghosteur.com\/en\/product\/bath-body-twilight-woods\/","url_meta":{"origin":33151,"position":1},"title":"BATH &amp; BODY TWILIGHT WOODS","author":"admin","date":"May 20, 2024","format":false,"excerpt":"","rel":"","context":"Similar post","block_context":{"text":"Similar post","link":""},"img":{"alt_text":"","src":"","width":0,"height":0},"classes":[]},{"id":33132,"url":"https:\/\/sakaba.mghosteur.com\/en\/product\/bath-body-champagne-toast\/","url_meta":{"origin":33151,"position":2},"title":"BATH &amp; BODY CHAMPAGNE TOAST","author":"admin","date":"May 20, 2024","format":false,"excerpt":"","rel":"","context":"Similar post","block_context":{"text":"Similar post","link":""},"img":{"alt_text":"","src":"","width":0,"height":0},"classes":[]},{"id":33135,"url":"https:\/\/sakaba.mghosteur.com\/en\/product\/bath-body-twisted-peppermint\/","url_meta":{"origin":33151,"position":3},"title":"BATH &amp; BODY TWISTED PEPPERMINT","author":"admin","date":"May 20, 2024","format":false,"excerpt":"","rel":"","context":"Similar post","block_context":{"text":"Similar post","link":""},"img":{"alt_text":"","src":"","width":0,"height":0},"classes":[]},{"id":33138,"url":"https:\/\/sakaba.mghosteur.com\/en\/product\/bath-body-forever-red\/","url_meta":{"origin":33151,"position":4},"title":"BATH &amp; BODY FOREVER RED","author":"admin","date":"May 20, 2024","format":false,"excerpt":"","rel":"","context":"Similar post","block_context":{"text":"Similar post","link":""},"img":{"alt_text":"","src":"","width":0,"height":0},"classes":[]},{"id":33154,"url":"https:\/\/sakaba.mghosteur.com\/en\/product\/bath-body-swett-peat\/","url_meta":{"origin":33151,"position":5},"title":"BATH &amp; BODY SWEET PEA","author":"admin","date":"May 20, 2024","format":false,"excerpt":"","rel":"","context":"Similar post","block_context":{"text":"Similar post","link":""},"img":{"alt_text":"","src":"","width":0,"height":0},"classes":[]}],"_links":{"self":[{"href":"https:\/\/sakaba.mghosteur.com\/en\/wp-json\/wp\/v2\/product\/33151","targetHints":{"allow":["GET"]}}],"collection":[{"href":"https:\/\/sakaba.mghosteur.com\/en\/wp-json\/wp\/v2\/product"}],"about":[{"href":"https:\/\/sakaba.mghosteur.com\/en\/wp-json\/wp\/v2\/types\/product"}],"replies":[{"embeddable":true,"href":"https:\/\/sakaba.mghosteur.com\/en\/wp-json\/wp\/v2\/comments?post=33151"}],"version-history":[{"count":0,"href":"https:\/\/sakaba.mghosteur.com\/en\/wp-json\/wp\/v2\/product\/33151\/revisions"}],"wp:attachment":[{"href":"https:\/\/sakaba.mghosteur.com\/en\/wp-json\/wp\/v2\/media?parent=33151"}],"wp:term":[{"taxonomy":"product_brand","embeddable":true,"href":"https:\/\/sakaba.mghosteur.com\/en\/wp-json\/wp\/v2\/product_brand?post=33151"},{"taxonomy":"product_cat","embeddable":true,"href":"https:\/\/sakaba.mghosteur.com\/en\/wp-json\/wp\/v2\/product_cat?post=33151"},{"taxonomy":"product_tag","embeddable":true,"href":"https:\/\/sakaba.mghosteur.com\/en\/wp-json\/wp\/v2\/product_tag?post=33151"}],"curies":[{"name":"wp","href":"https:\/\/api.w.org\/{rel}","templated":true}]}}