{"id":33160,"date":"2024-05-20T16:39:20","date_gmt":"2024-05-20T16:39:20","guid":{"rendered":"https:\/\/sakaba.mghosteur.com\/?post_type=product&#038;p=33160"},"modified":"2024-08-25T03:33:53","modified_gmt":"2024-08-25T03:33:53","slug":"la-roche-posay-60-face-anthelios-light-fluid-sunscreen","status":"publish","type":"product","link":"https:\/\/sakaba.mghosteur.com\/en\/product\/la-roche-posay-60-face-anthelios-light-fluid-sunscreen\/","title":{"rendered":"LA ROCHE POSAY 60 FACE ANTHELIOS LIGHT FLUID SUNSCREEN"},"content":{"rendered":"<p>Cette cr\u00e8me solaire pour le visage, plusieurs fois prim\u00e9e, offre une protection avanc\u00e9e dans un fluide l\u00e9ger au fini mat. Elle aide \u00e0 r\u00e9duire visiblement l&#8217;apparence des dommages caus\u00e9s par le soleil et est formul\u00e9e avec la technologie Cell-Ox Shield\u00ae : protection UVA\/UVB \u00e0 large spectre avec antioxydants.<\/p>","protected":false},"excerpt":{"rendered":"<p>Cette cr\u00e8me solaire pour le visage, plusieurs fois prim\u00e9e, offre une protection avanc\u00e9e dans un fluide l\u00e9ger au fini mat. Elle aide \u00e0 r\u00e9duire visiblement l&#8217;apparence des dommages caus\u00e9s par le soleil et est formul\u00e9e avec la technologie Cell-Ox Shield\u00ae : protection UVA\/UVB \u00e0 large spectre avec antioxydants.<\/p>","protected":false},"featured_media":0,"comment_status":"open","ping_status":"closed","template":"","meta":[],"product_brand":[901],"product_cat":[1055,451],"product_tag":[],"class_list":{"0":"post-33160","1":"product","2":"type-product","3":"status-publish","5":"product_brand-la-roche-posay","6":"product_cat-protection-solaire-visage","7":"product_cat-aab-soin-du-visage","9":"first","10":"instock","11":"shipping-taxable","12":"product-type-simple"},"jetpack-related-posts":[{"id":33220,"url":"https:\/\/sakaba.mghosteur.com\/en\/product\/la-roche-posay-anthelios-light-fluid-sunscreen-50-face\/","url_meta":{"origin":33160,"position":0},"title":"LA ROCHE POSAY ANTHELIOS LIGHT FLUID SUNSCREEN 50 FACE","author":"admin","date":"May 20, 2024","format":false,"excerpt":"Cette cr\u00e8me solaire pour le visage, plusieurs fois prim\u00e9e, offre une protection avanc\u00e9e dans un fluide l\u00e9ger au fini mat. Elle aide \u00e0 r\u00e9duire visiblement l'apparence des dommages caus\u00e9s par le soleil et est formul\u00e9e avec la technologie Cell-Ox Shield\u00ae : protection UVA\/UVB \u00e0 large spectre avec antioxydants.","rel":"","context":"Similar post","block_context":{"text":"Similar post","link":""},"img":{"alt_text":"","src":"","width":0,"height":0},"classes":[]},{"id":26895,"url":"https:\/\/sakaba.mghosteur.com\/en\/product\/paula-choice-youth-extending-daily-hydrating-fluid-2\/","url_meta":{"origin":33160,"position":1},"title":"PAULA CHOICE YOUTH EXTENDING DAILY HYDRATING FLUID","author":"admin","date":"November 28, 2022","format":false,"excerpt":"Le Fluide Hydratant Quotidien Prolongateur de Jeunesse FPS 50 de la marque Paula's Choice est un produit l\u00e9ger \u00e0 base d'eau qui contient des antioxydants essentiels et une protection solaire \u00e0 large spectre pour pr\u00e9venir les signes de vieillissement et prot\u00e9ger votre peau des agressions ext\u00e9rieures. Il aide \u00e0 maintenir\u2026","rel":"","context":"Similar post","block_context":{"text":"Similar post","link":""},"img":{"alt_text":"","src":"","width":0,"height":0},"classes":[]},{"id":29078,"url":"https:\/\/sakaba.mghosteur.com\/en\/product\/cerave-hydrating-sunscreen-broad-spectrum-30-body\/","url_meta":{"origin":33160,"position":2},"title":"CERAVE HYDRATING SUNSCREEN BROAD SPECTRUM 30 BODY","author":"admin","date":"March 13, 2023","format":false,"excerpt":"La cr\u00e8me solaire hydratante \u00e0 large spectre FPS 30 pour le visage et le corps de CeraVe est une cr\u00e8me solaire hybride min\u00e9rale\/chimique d\u00e9velopp\u00e9e avec des dermatologues pour offrir une protection efficace contre les rayons nocifs du soleil tout en hydratant la peau. Sa formule combine de l'oxyde de zinc\u2026","rel":"","context":"Similar post","block_context":{"text":"Similar post","link":""},"img":{"alt_text":"","src":"","width":0,"height":0},"classes":[]},{"id":31422,"url":"https:\/\/sakaba.mghosteur.com\/en\/product\/paula-choice-clear-60ml\/","url_meta":{"origin":33160,"position":3},"title":"PAULA CHOICE CLEAR 60ML","author":"admin","date":"May 10, 2024","format":false,"excerpt":"D\u00e9couvrez notre hydratant le plus l\u00e9ger, parfaitement adapt\u00e9 aux peaux grasses sujettes aux imperfections. Cette cr\u00e8me fluide ultra-l\u00e9g\u00e8re agit en plusieurs \u00e9tapes pour offrir \u00e0 votre peau une protection et une hydratation optimales : Matifie la peau : Sa formule sp\u00e9ciale aide \u00e0 r\u00e9duire l'exc\u00e8s de s\u00e9bum, laissant votre peau\u2026","rel":"","context":"Similar post","block_context":{"text":"Similar post","link":""},"img":{"alt_text":"","src":"","width":0,"height":0},"classes":[]},{"id":22887,"url":"https:\/\/sakaba.mghosteur.com\/en\/product\/mac-studio-fix-fluid-spf-15\/","url_meta":{"origin":33160,"position":4},"title":"MAC Studio Fix Fluid SPF 15","author":"admin","date":"October 24, 2022","format":false,"excerpt":"","rel":"","context":"Similar post","block_context":{"text":"Similar post","link":""},"img":{"alt_text":"","src":"","width":0,"height":0},"classes":[]},{"id":22967,"url":"https:\/\/sakaba.mghosteur.com\/en\/product\/black-up-paris-fond-de-teint-fluide-matifiant\/","url_meta":{"origin":33160,"position":5},"title":"BLACK UP PARIS FOND DE TEINT FLUIDE MATIFIANT","author":"admin","date":"October 25, 2022","format":false,"excerpt":"","rel":"","context":"Similar post","block_context":{"text":"Similar post","link":""},"img":{"alt_text":"","src":"","width":0,"height":0},"classes":[]}],"_links":{"self":[{"href":"https:\/\/sakaba.mghosteur.com\/en\/wp-json\/wp\/v2\/product\/33160","targetHints":{"allow":["GET"]}}],"collection":[{"href":"https:\/\/sakaba.mghosteur.com\/en\/wp-json\/wp\/v2\/product"}],"about":[{"href":"https:\/\/sakaba.mghosteur.com\/en\/wp-json\/wp\/v2\/types\/product"}],"replies":[{"embeddable":true,"href":"https:\/\/sakaba.mghosteur.com\/en\/wp-json\/wp\/v2\/comments?post=33160"}],"version-history":[{"count":0,"href":"https:\/\/sakaba.mghosteur.com\/en\/wp-json\/wp\/v2\/product\/33160\/revisions"}],"wp:attachment":[{"href":"https:\/\/sakaba.mghosteur.com\/en\/wp-json\/wp\/v2\/media?parent=33160"}],"wp:term":[{"taxonomy":"product_brand","embeddable":true,"href":"https:\/\/sakaba.mghosteur.com\/en\/wp-json\/wp\/v2\/product_brand?post=33160"},{"taxonomy":"product_cat","embeddable":true,"href":"https:\/\/sakaba.mghosteur.com\/en\/wp-json\/wp\/v2\/product_cat?post=33160"},{"taxonomy":"product_tag","embeddable":true,"href":"https:\/\/sakaba.mghosteur.com\/en\/wp-json\/wp\/v2\/product_tag?post=33160"}],"curies":[{"name":"wp","href":"https:\/\/api.w.org\/{rel}","templated":true}]}}