{"id":33175,"date":"2024-05-20T16:45:05","date_gmt":"2024-05-20T16:45:05","guid":{"rendered":"https:\/\/sakaba.mghosteur.com\/?post_type=product&#038;p=33175"},"modified":"2024-06-07T00:23:12","modified_gmt":"2024-06-07T00:23:12","slug":"advanced-clinicals-anti-wrinkle-retinol-face-serum","status":"publish","type":"product","link":"https:\/\/sakaba.mghosteur.com\/en\/product\/advanced-clinicals-anti-wrinkle-retinol-face-serum\/","title":{"rendered":"ADVANCED CLINICALS ANTI WRINKLE RETINOL FACE SERUM"},"content":{"rendered":"","protected":false},"excerpt":{"rendered":"","protected":false},"featured_media":0,"comment_status":"open","ping_status":"closed","template":"","meta":[],"product_brand":[1050],"product_cat":[451,334],"product_tag":[],"class_list":{"0":"post-33175","1":"product","2":"type-product","3":"status-publish","5":"product_brand-advanced","6":"product_cat-aab-soin-du-visage","7":"product_cat-traitement-serum","9":"first","10":"instock","11":"shipping-taxable","12":"product-type-simple"},"jetpack-related-posts":[{"id":31373,"url":"https:\/\/sakaba.mghosteur.com\/en\/product\/paulas-choice-intensive-wrinkle-repair-retinol-serum\/","url_meta":{"origin":33175,"position":0},"title":"PAULA&#8217;S CHOICE INTENSIVE WRINKLE REPAIR RETINOL SERUM","author":"admin","date":"May 10, 2024","format":false,"excerpt":"S\u00e9rum Anti-\u00c2ge au R\u00e9tinol Pour celles et ceux qui cherchent \u00e0 pr\u00e9server la jeunesse de leur peau tout en att\u00e9nuant les signes visibles du temps, le S\u00e9rum Anti-\u00c2ge au R\u00e9tinol est un alli\u00e9 pr\u00e9cieux. Con\u00e7u pour tous les types de peau, il r\u00e9pond aux besoins de ceux souhaitant lutter contre\u2026","rel":"","context":"Similar post","block_context":{"text":"Similar post","link":""},"img":{"alt_text":"","src":"","width":0,"height":0},"classes":[]},{"id":33205,"url":"https:\/\/sakaba.mghosteur.com\/en\/product\/advanced-clinicals-retinol\/","url_meta":{"origin":33175,"position":1},"title":"ADVANCED CLINICALS RETINOL","author":"admin","date":"May 20, 2024","format":false,"excerpt":"","rel":"","context":"Similar post","block_context":{"text":"Similar post","link":""},"img":{"alt_text":"","src":"","width":0,"height":0},"classes":[]},{"id":56099,"url":"https:\/\/sakaba.mghosteur.com\/en\/product\/advanced-clinicals-retinol-advanced-firming-cream\/","url_meta":{"origin":33175,"position":2},"title":"Advanced Clinicals Retinol Advanced Firming Cream","author":"Sope DIA","date":"January 2, 2026","format":false,"excerpt":"ADVANCED CLINICAL \u2013 RETINOL CREAM est infus\u00e9e d\u2019aloe vera, de camomille, de glyc\u00e9rine et de th\u00e9 vert. Ces composants agissent tous ensemble pour raffermir efficacement la peau et r\u00e9duire l\u2019apparence de la peau endommag\u00e9e par le soleil, des rides, des ridules et de la peau cr\u00e9pue. Aloe Vera prot\u00e8ge contre\u2026","rel":"","context":"Similar post","block_context":{"text":"Similar post","link":""},"img":{"alt_text":"","src":"","width":0,"height":0},"classes":[]},{"id":27805,"url":"https:\/\/sakaba.mghosteur.com\/en\/product\/lancome-advanced-genifique-anti-aging-face-serum-1-7-oz\/","url_meta":{"origin":33175,"position":3},"title":"Lancome Advanced G\u00e9nifique Anti-Aging Face Serum, 1.7 oz.","author":"admin","date":"November 29, 2022","format":false,"excerpt":"","rel":"","context":"Similar post","block_context":{"text":"Similar post","link":""},"img":{"alt_text":"","src":"","width":0,"height":0},"classes":[]},{"id":56129,"url":"https:\/\/sakaba.mghosteur.com\/en\/product\/advanced-clinicals-vitamin-c-brightening-serum\/","url_meta":{"origin":33175,"position":4},"title":"Advanced Clinicals Vitamin C Brightening Serum","author":"Sope DIA","date":"January 2, 2026","format":false,"excerpt":"S\u00c9RUM VISAGE \u00c0 LA VITAMINE C POUR UN TEINT \u00c9CLATANT \u2013 Ce s\u00e9rum \u00e0 la vitamine C contribue \u00e0 raviver l'\u00e9clat des peaux ternes et fatigu\u00e9es, pour un teint visiblement plus lumineux et \u00e9clatant. Formul\u00e9 par des chimistes cosm\u00e9tiques, il convient aux femmes et aux hommes souhaitant unifier leur teint\u2026","rel":"","context":"Similar post","block_context":{"text":"Similar post","link":""},"img":{"alt_text":"","src":"","width":0,"height":0},"classes":[]},{"id":56120,"url":"https:\/\/sakaba.mghosteur.com\/en\/product\/advanced-clinicals-dark-spot-brightening-cream\/","url_meta":{"origin":33175,"position":5},"title":"Advanced Clinicals Dark Spot Brightening Cream","author":"Sope DIA","date":"January 2, 2026","format":false,"excerpt":"Cr\u00e8me visage anti-taches : lisse et illumine visiblement le teint terne. Cette cr\u00e8me \u00e0 la vitamine C et \u00e0 l'acide lactique exfolie et hydrate pour am\u00e9liorer l'apparence des peaux irr\u00e9guli\u00e8res et fatigu\u00e9es. La peau est plus douce, plus uniforme et visiblement \u00e9clatante. Formul\u00e9e par des chimistes cosm\u00e9tiques pour les femmes\u2026","rel":"","context":"Similar post","block_context":{"text":"Similar post","link":""},"img":{"alt_text":"","src":"","width":0,"height":0},"classes":[]}],"_links":{"self":[{"href":"https:\/\/sakaba.mghosteur.com\/en\/wp-json\/wp\/v2\/product\/33175","targetHints":{"allow":["GET"]}}],"collection":[{"href":"https:\/\/sakaba.mghosteur.com\/en\/wp-json\/wp\/v2\/product"}],"about":[{"href":"https:\/\/sakaba.mghosteur.com\/en\/wp-json\/wp\/v2\/types\/product"}],"replies":[{"embeddable":true,"href":"https:\/\/sakaba.mghosteur.com\/en\/wp-json\/wp\/v2\/comments?post=33175"}],"version-history":[{"count":0,"href":"https:\/\/sakaba.mghosteur.com\/en\/wp-json\/wp\/v2\/product\/33175\/revisions"}],"wp:attachment":[{"href":"https:\/\/sakaba.mghosteur.com\/en\/wp-json\/wp\/v2\/media?parent=33175"}],"wp:term":[{"taxonomy":"product_brand","embeddable":true,"href":"https:\/\/sakaba.mghosteur.com\/en\/wp-json\/wp\/v2\/product_brand?post=33175"},{"taxonomy":"product_cat","embeddable":true,"href":"https:\/\/sakaba.mghosteur.com\/en\/wp-json\/wp\/v2\/product_cat?post=33175"},{"taxonomy":"product_tag","embeddable":true,"href":"https:\/\/sakaba.mghosteur.com\/en\/wp-json\/wp\/v2\/product_tag?post=33175"}],"curies":[{"name":"wp","href":"https:\/\/api.w.org\/{rel}","templated":true}]}}