{"id":33190,"date":"2024-05-20T16:50:41","date_gmt":"2024-05-20T16:50:41","guid":{"rendered":"https:\/\/sakaba.mghosteur.com\/?post_type=product&#038;p=33190"},"modified":"2024-06-06T15:09:09","modified_gmt":"2024-06-06T15:09:09","slug":"advanced-clinicals-damaged-hair-rescue-biotin","status":"publish","type":"product","link":"https:\/\/sakaba.mghosteur.com\/en\/product\/advanced-clinicals-damaged-hair-rescue-biotin\/","title":{"rendered":"ADVANCED CLINICALS DAMAGED HAIR RESCUE BIOTIN"},"content":{"rendered":"","protected":false},"excerpt":{"rendered":"","protected":false},"featured_media":0,"comment_status":"open","ping_status":"closed","template":"","meta":[],"product_brand":[1050],"product_cat":[1063],"product_tag":[],"class_list":{"0":"post-33190","1":"product","2":"type-product","3":"status-publish","5":"product_brand-advanced","6":"product_cat-traitement-capilaire","8":"first","9":"instock","10":"shipping-taxable","11":"product-type-simple"},"jetpack-related-posts":[{"id":56111,"url":"https:\/\/sakaba.mghosteur.com\/en\/product\/advanced-clinicals-collagen-skin-rescue-lotion\/","url_meta":{"origin":33190,"position":0},"title":"Advanced Clinicals Collagen Skin Rescue Lotion","author":"Sope DIA","date":"January 2, 2026","format":false,"excerpt":"Cr\u00e8me au collag\u00e8ne Advanced Clinics\u00a0: contribue \u00e0 att\u00e9nuer l\u2019apparence des rides, des ridules et du rel\u00e2chement cutan\u00e9. Id\u00e9ale pour le contour des yeux, le cou, le d\u00e9collet\u00e9 et les mains. FORMULE ANTI-\u00c2GE PUISSANTE - Sa formule d\u00e9licate s'utilise sur le visage pour lutter contre les signes du vieillissement. Cette cr\u00e8me\u2026","rel":"","context":"Similar post","block_context":{"text":"Similar post","link":""},"img":{"alt_text":"","src":"","width":0,"height":0},"classes":[]},{"id":33181,"url":"https:\/\/sakaba.mghosteur.com\/en\/product\/advanced-clinicals-coconut-hair-mask\/","url_meta":{"origin":33190,"position":1},"title":"ADVANCED CLINICALS COCONUT HAIR MASK","author":"admin","date":"May 20, 2024","format":false,"excerpt":"","rel":"","context":"Similar post","block_context":{"text":"Similar post","link":""},"img":{"alt_text":"","src":"","width":0,"height":0},"classes":[]},{"id":33202,"url":"https:\/\/sakaba.mghosteur.com\/en\/product\/advanced-clinicals-pure-collagen-hair-treatment\/","url_meta":{"origin":33190,"position":2},"title":"ADVANCED CLINICALS PURE COLLAGEN HAIR TREATMENT","author":"admin","date":"May 20, 2024","format":false,"excerpt":"","rel":"","context":"Similar post","block_context":{"text":"Similar post","link":""},"img":{"alt_text":"","src":"","width":0,"height":0},"classes":[]},{"id":33163,"url":"https:\/\/sakaba.mghosteur.com\/en\/product\/advanced-clinical-argan-oil-anti-frizz-hair-repair\/","url_meta":{"origin":33190,"position":3},"title":"ADVANCED CLINICAL ARGAN OIL ANTI FRIZZ HAIR REPAIR","author":"admin","date":"May 20, 2024","format":false,"excerpt":"","rel":"","context":"Similar post","block_context":{"text":"Similar post","link":""},"img":{"alt_text":"","src":"","width":0,"height":0},"classes":[]},{"id":33240,"url":"https:\/\/sakaba.mghosteur.com\/en\/product\/advanced-collagene-skin-rescue-lotion\/","url_meta":{"origin":33190,"position":4},"title":"ADVANCED COLLAGENE SKIN RESCUE LOTION","author":"admin","date":"May 20, 2024","format":false,"excerpt":"","rel":"","context":"Similar post","block_context":{"text":"Similar post","link":""},"img":{"alt_text":"","src":"","width":0,"height":0},"classes":[]},{"id":33187,"url":"https:\/\/sakaba.mghosteur.com\/en\/product\/advanced-clinicals-coq10\/","url_meta":{"origin":33190,"position":5},"title":"ADVANCED CLINICALS COQ10","author":"admin","date":"May 20, 2024","format":false,"excerpt":"","rel":"","context":"Similar post","block_context":{"text":"Similar post","link":""},"img":{"alt_text":"","src":"","width":0,"height":0},"classes":[]}],"_links":{"self":[{"href":"https:\/\/sakaba.mghosteur.com\/en\/wp-json\/wp\/v2\/product\/33190","targetHints":{"allow":["GET"]}}],"collection":[{"href":"https:\/\/sakaba.mghosteur.com\/en\/wp-json\/wp\/v2\/product"}],"about":[{"href":"https:\/\/sakaba.mghosteur.com\/en\/wp-json\/wp\/v2\/types\/product"}],"replies":[{"embeddable":true,"href":"https:\/\/sakaba.mghosteur.com\/en\/wp-json\/wp\/v2\/comments?post=33190"}],"version-history":[{"count":0,"href":"https:\/\/sakaba.mghosteur.com\/en\/wp-json\/wp\/v2\/product\/33190\/revisions"}],"wp:attachment":[{"href":"https:\/\/sakaba.mghosteur.com\/en\/wp-json\/wp\/v2\/media?parent=33190"}],"wp:term":[{"taxonomy":"product_brand","embeddable":true,"href":"https:\/\/sakaba.mghosteur.com\/en\/wp-json\/wp\/v2\/product_brand?post=33190"},{"taxonomy":"product_cat","embeddable":true,"href":"https:\/\/sakaba.mghosteur.com\/en\/wp-json\/wp\/v2\/product_cat?post=33190"},{"taxonomy":"product_tag","embeddable":true,"href":"https:\/\/sakaba.mghosteur.com\/en\/wp-json\/wp\/v2\/product_tag?post=33190"}],"curies":[{"name":"wp","href":"https:\/\/api.w.org\/{rel}","templated":true}]}}