{"id":33202,"date":"2024-05-20T16:54:41","date_gmt":"2024-05-20T16:54:41","guid":{"rendered":"https:\/\/sakaba.mghosteur.com\/?post_type=product&#038;p=33202"},"modified":"2024-08-08T03:31:48","modified_gmt":"2024-08-08T03:31:48","slug":"advanced-clinicals-pure-collagen-hair-treatment","status":"publish","type":"product","link":"https:\/\/sakaba.mghosteur.com\/en\/product\/advanced-clinicals-pure-collagen-hair-treatment\/","title":{"rendered":"ADVANCED CLINICALS PURE COLLAGEN HAIR TREATMENT"},"content":{"rendered":"","protected":false},"excerpt":{"rendered":"","protected":false},"featured_media":0,"comment_status":"open","ping_status":"closed","template":"","meta":[],"product_brand":[1050],"product_cat":[284,1063],"product_tag":[],"class_list":{"0":"post-33202","1":"product","2":"type-product","3":"status-publish","5":"product_brand-advanced","6":"product_cat-aad-cheveux","7":"product_cat-traitement-capilaire","9":"first","10":"instock","11":"shipping-taxable","12":"product-type-simple"},"jetpack-related-posts":[{"id":33166,"url":"https:\/\/sakaba.mghosteur.com\/en\/product\/advanced-clinical-collagen-serum\/","url_meta":{"origin":33202,"position":0},"title":"ADVANCED CLINICAL COLLAGEN SERUM","author":"admin","date":"May 20, 2024","format":false,"excerpt":"","rel":"","context":"Similar post","block_context":{"text":"Similar post","link":""},"img":{"alt_text":"","src":"","width":0,"height":0},"classes":[]},{"id":33181,"url":"https:\/\/sakaba.mghosteur.com\/en\/product\/advanced-clinicals-coconut-hair-mask\/","url_meta":{"origin":33202,"position":1},"title":"ADVANCED CLINICALS COCONUT HAIR MASK","author":"admin","date":"May 20, 2024","format":false,"excerpt":"","rel":"","context":"Similar post","block_context":{"text":"Similar post","link":""},"img":{"alt_text":"","src":"","width":0,"height":0},"classes":[]},{"id":33190,"url":"https:\/\/sakaba.mghosteur.com\/en\/product\/advanced-clinicals-damaged-hair-rescue-biotin\/","url_meta":{"origin":33202,"position":2},"title":"ADVANCED CLINICALS DAMAGED HAIR RESCUE BIOTIN","author":"admin","date":"May 20, 2024","format":false,"excerpt":"","rel":"","context":"Similar post","block_context":{"text":"Similar post","link":""},"img":{"alt_text":"","src":"","width":0,"height":0},"classes":[]},{"id":33163,"url":"https:\/\/sakaba.mghosteur.com\/en\/product\/advanced-clinical-argan-oil-anti-frizz-hair-repair\/","url_meta":{"origin":33202,"position":3},"title":"ADVANCED CLINICAL ARGAN OIL ANTI FRIZZ HAIR REPAIR","author":"admin","date":"May 20, 2024","format":false,"excerpt":"","rel":"","context":"Similar post","block_context":{"text":"Similar post","link":""},"img":{"alt_text":"","src":"","width":0,"height":0},"classes":[]},{"id":56111,"url":"https:\/\/sakaba.mghosteur.com\/en\/product\/advanced-clinicals-collagen-skin-rescue-lotion\/","url_meta":{"origin":33202,"position":4},"title":"Advanced Clinicals Collagen Skin Rescue Lotion","author":"Sope DIA","date":"January 2, 2026","format":false,"excerpt":"Cr\u00e8me au collag\u00e8ne Advanced Clinics\u00a0: contribue \u00e0 att\u00e9nuer l\u2019apparence des rides, des ridules et du rel\u00e2chement cutan\u00e9. Id\u00e9ale pour le contour des yeux, le cou, le d\u00e9collet\u00e9 et les mains. FORMULE ANTI-\u00c2GE PUISSANTE - Sa formule d\u00e9licate s'utilise sur le visage pour lutter contre les signes du vieillissement. Cette cr\u00e8me\u2026","rel":"","context":"Similar post","block_context":{"text":"Similar post","link":""},"img":{"alt_text":"","src":"","width":0,"height":0},"classes":[]},{"id":56123,"url":"https:\/\/sakaba.mghosteur.com\/en\/product\/advanced-clinicals-vitamin-c-brightening-gel-cream\/","url_meta":{"origin":33202,"position":5},"title":"Advanced Clinicals Vitamin C Brightening Gel Cream","author":"Sope DIA","date":"January 2, 2026","format":false,"excerpt":"Advanced Clinicals Vitamin C brightening gel-cream est un gel-cr\u00e8me l\u00e9ger et hydratant. C\u2019est une association synergique de vitamine C et de prune de Kakadu qui poss\u00e8de la teneur en vitamine C la plus \u00e9lev\u00e9e au monde parmi tous les fruits soit 100 fois plus qu\u2019une orange. Le gel-cr\u00e8me aide \u00e0\u2026","rel":"","context":"Similar post","block_context":{"text":"Similar post","link":""},"img":{"alt_text":"","src":"","width":0,"height":0},"classes":[]}],"_links":{"self":[{"href":"https:\/\/sakaba.mghosteur.com\/en\/wp-json\/wp\/v2\/product\/33202","targetHints":{"allow":["GET"]}}],"collection":[{"href":"https:\/\/sakaba.mghosteur.com\/en\/wp-json\/wp\/v2\/product"}],"about":[{"href":"https:\/\/sakaba.mghosteur.com\/en\/wp-json\/wp\/v2\/types\/product"}],"replies":[{"embeddable":true,"href":"https:\/\/sakaba.mghosteur.com\/en\/wp-json\/wp\/v2\/comments?post=33202"}],"version-history":[{"count":0,"href":"https:\/\/sakaba.mghosteur.com\/en\/wp-json\/wp\/v2\/product\/33202\/revisions"}],"wp:attachment":[{"href":"https:\/\/sakaba.mghosteur.com\/en\/wp-json\/wp\/v2\/media?parent=33202"}],"wp:term":[{"taxonomy":"product_brand","embeddable":true,"href":"https:\/\/sakaba.mghosteur.com\/en\/wp-json\/wp\/v2\/product_brand?post=33202"},{"taxonomy":"product_cat","embeddable":true,"href":"https:\/\/sakaba.mghosteur.com\/en\/wp-json\/wp\/v2\/product_cat?post=33202"},{"taxonomy":"product_tag","embeddable":true,"href":"https:\/\/sakaba.mghosteur.com\/en\/wp-json\/wp\/v2\/product_tag?post=33202"}],"curies":[{"name":"wp","href":"https:\/\/api.w.org\/{rel}","templated":true}]}}