{"id":33217,"date":"2024-05-20T17:00:35","date_gmt":"2024-05-20T17:00:35","guid":{"rendered":"https:\/\/sakaba.mghosteur.com\/?post_type=product&#038;p=33217"},"modified":"2024-05-20T17:00:36","modified_gmt":"2024-05-20T17:00:36","slug":"la-roche-posay-anthelios-clear-skin-60-face","status":"publish","type":"product","link":"https:\/\/sakaba.mghosteur.com\/en\/product\/la-roche-posay-anthelios-clear-skin-60-face\/","title":{"rendered":"LA ROCHE POSAY ANTHELIOS CLEAR SKIN 60 FACE"},"content":{"rendered":"","protected":false},"excerpt":{"rendered":"","protected":false},"featured_media":0,"comment_status":"open","ping_status":"closed","template":"","meta":[],"product_brand":[901],"product_cat":[377],"product_tag":[],"class_list":{"0":"post-33217","1":"product","2":"type-product","3":"status-publish","5":"product_brand-la-roche-posay","6":"product_cat-bath-body-works","8":"first","9":"instock","10":"shipping-taxable","11":"product-type-simple"},"jetpack-related-posts":[{"id":33160,"url":"https:\/\/sakaba.mghosteur.com\/en\/product\/la-roche-posay-60-face-anthelios-light-fluid-sunscreen\/","url_meta":{"origin":33217,"position":0},"title":"LA ROCHE POSAY 60 FACE ANTHELIOS LIGHT FLUID SUNSCREEN","author":"admin","date":"May 20, 2024","format":false,"excerpt":"Cette cr\u00e8me solaire pour le visage, plusieurs fois prim\u00e9e, offre une protection avanc\u00e9e dans un fluide l\u00e9ger au fini mat. Elle aide \u00e0 r\u00e9duire visiblement l'apparence des dommages caus\u00e9s par le soleil et est formul\u00e9e avec la technologie Cell-Ox Shield\u00ae : protection UVA\/UVB \u00e0 large spectre avec antioxydants.","rel":"","context":"Similar post","block_context":{"text":"Similar post","link":""},"img":{"alt_text":"","src":"","width":0,"height":0},"classes":[]},{"id":33220,"url":"https:\/\/sakaba.mghosteur.com\/en\/product\/la-roche-posay-anthelios-light-fluid-sunscreen-50-face\/","url_meta":{"origin":33217,"position":1},"title":"LA ROCHE POSAY ANTHELIOS LIGHT FLUID SUNSCREEN 50 FACE","author":"admin","date":"May 20, 2024","format":false,"excerpt":"Cette cr\u00e8me solaire pour le visage, plusieurs fois prim\u00e9e, offre une protection avanc\u00e9e dans un fluide l\u00e9ger au fini mat. Elle aide \u00e0 r\u00e9duire visiblement l'apparence des dommages caus\u00e9s par le soleil et est formul\u00e9e avec la technologie Cell-Ox Shield\u00ae : protection UVA\/UVB \u00e0 large spectre avec antioxydants.","rel":"","context":"Similar post","block_context":{"text":"Similar post","link":""},"img":{"alt_text":"","src":"","width":0,"height":0},"classes":[]},{"id":33280,"url":"https:\/\/sakaba.mghosteur.com\/en\/product\/la-roche-posay-anthelios-50-50ml\/","url_meta":{"origin":33217,"position":2},"title":"LA ROCHE POSAY ANTHELIOS 50+ 50ml","author":"admin","date":"May 20, 2024","format":false,"excerpt":"","rel":"","context":"Similar post","block_context":{"text":"Similar post","link":""},"img":{"alt_text":"","src":"","width":0,"height":0},"classes":[]},{"id":24884,"url":"https:\/\/sakaba.mghosteur.com\/en\/product\/la-roche-posay-lipika-balm-ap\/","url_meta":{"origin":33217,"position":3},"title":"La Roche-Posay Lipika Balm AP+","author":"admin","date":"November 11, 2022","format":false,"excerpt":"D\u00e9couvrez Lipikar Balm AP+ Body Cream for Extra Dry Skin de La Roche-Posay, une cr\u00e8me hydratante sp\u00e9cialement con\u00e7ue pour nourrir en profondeur les peaux s\u00e8ches et sensibles. Cette cr\u00e8me pour le corps est enrichie en niacinamide et beurre de karit\u00e9 pour offrir une hydratation longue dur\u00e9e et apaiser les sympt\u00f4mes\u2026","rel":"","context":"Similar post","block_context":{"text":"Similar post","link":""},"img":{"alt_text":"","src":"","width":0,"height":0},"classes":[]},{"id":33286,"url":"https:\/\/sakaba.mghosteur.com\/en\/product\/la-roche-posay-effaclar-duo-40ml\/","url_meta":{"origin":33217,"position":4},"title":"LA ROCHE POSAY EFFACLAR DUO + 40ML","author":"admin","date":"May 20, 2024","format":false,"excerpt":"","rel":"","context":"Similar post","block_context":{"text":"Similar post","link":""},"img":{"alt_text":"","src":"","width":0,"height":0},"classes":[]},{"id":33293,"url":"https:\/\/sakaba.mghosteur.com\/en\/product\/la-roche-posay-lipikar-baume-ap-m-2\/","url_meta":{"origin":33217,"position":5},"title":"LA ROCHE POSAY LIPIKAR BAUME AP + M","author":"admin","date":"May 20, 2024","format":false,"excerpt":"","rel":"","context":"Similar post","block_context":{"text":"Similar post","link":""},"img":{"alt_text":"","src":"","width":0,"height":0},"classes":[]}],"_links":{"self":[{"href":"https:\/\/sakaba.mghosteur.com\/en\/wp-json\/wp\/v2\/product\/33217","targetHints":{"allow":["GET"]}}],"collection":[{"href":"https:\/\/sakaba.mghosteur.com\/en\/wp-json\/wp\/v2\/product"}],"about":[{"href":"https:\/\/sakaba.mghosteur.com\/en\/wp-json\/wp\/v2\/types\/product"}],"replies":[{"embeddable":true,"href":"https:\/\/sakaba.mghosteur.com\/en\/wp-json\/wp\/v2\/comments?post=33217"}],"version-history":[{"count":0,"href":"https:\/\/sakaba.mghosteur.com\/en\/wp-json\/wp\/v2\/product\/33217\/revisions"}],"wp:attachment":[{"href":"https:\/\/sakaba.mghosteur.com\/en\/wp-json\/wp\/v2\/media?parent=33217"}],"wp:term":[{"taxonomy":"product_brand","embeddable":true,"href":"https:\/\/sakaba.mghosteur.com\/en\/wp-json\/wp\/v2\/product_brand?post=33217"},{"taxonomy":"product_cat","embeddable":true,"href":"https:\/\/sakaba.mghosteur.com\/en\/wp-json\/wp\/v2\/product_cat?post=33217"},{"taxonomy":"product_tag","embeddable":true,"href":"https:\/\/sakaba.mghosteur.com\/en\/wp-json\/wp\/v2\/product_tag?post=33217"}],"curies":[{"name":"wp","href":"https:\/\/api.w.org\/{rel}","templated":true}]}}