{"id":33224,"date":"2024-05-20T17:02:59","date_gmt":"2024-05-20T17:02:59","guid":{"rendered":"https:\/\/sakaba.mghosteur.com\/?post_type=product&#038;p=33224"},"modified":"2024-08-29T02:36:06","modified_gmt":"2024-08-29T02:36:06","slug":"caudalie-brightening-solution-coffret","status":"publish","type":"product","link":"https:\/\/sakaba.mghosteur.com\/en\/product\/caudalie-brightening-solution-coffret\/","title":{"rendered":"CAUDALIE BRIGHTENING SOLUTION COFFRET"},"content":{"rendered":"<p>Le Coffret Solution Eclaircissante Vinoperfect de Caudalie est un ensemble de trois produits comprenant un s\u00e9rum, une essence et une cr\u00e8me hydratante :<\/p>\n<p>S\u00e9rum \u00c9clat Anti-Imperfections Vinoperfect : \u00c9claircit le teint et corrige les imperfections<\/p>\n<p>Essence Eclaircissante Vinoperfect : Une essence visage qui illumine et lisse la peau pour un teint plus uniforme<\/p>\n<p>Hydratant Eclaircissant Instantan\u00e9 Vinoperfect : Un gel hydratant sans huile qui illumine et unifie le teint<\/p>\n<p>Les produits sont formul\u00e9s avec de la vinif\u00e9rine et de la niacinamide et sont con\u00e7us pour att\u00e9nuer les taches brunes, les d\u00e9colorations et les rougeurs. Ils conviennent \u00e0 tous les types de peau, y compris les peaux sensibles, et sont test\u00e9s dermatologiquement, non com\u00e9dog\u00e8nes et non photosensibilisants.<\/p>","protected":false},"excerpt":{"rendered":"<p>Le Coffret Solution Eclaircissante Vinoperfect de Caudalie est un ensemble de trois produits comprenant un s\u00e9rum, une essence et une cr\u00e8me hydratante : S\u00e9rum \u00c9clat Anti-Imperfections Vinoperfect : \u00c9claircit le teint et corrige les imperfections Essence Eclaircissante Vinoperfect : Une essence visage qui illumine et lisse la peau pour un teint plus uniforme Hydratant Eclaircissant<span class=\"read-more-faq\"><a href=\"https:\/\/sakaba.mghosteur.com\/en\/product\/caudalie-brightening-solution-coffret\/\">Read More<\/a><\/span><\/p>","protected":false},"featured_media":0,"comment_status":"open","ping_status":"closed","template":"","meta":[],"product_brand":[815],"product_cat":[293,1057,451],"product_tag":[],"class_list":{"0":"post-33224","1":"product","2":"type-product","3":"status-publish","5":"product_brand-caudalie","6":"product_cat-anti-taches","7":"product_cat-coffret-soins-visage","8":"product_cat-aab-soin-du-visage","10":"first","11":"instock","12":"shipping-taxable","13":"product-type-simple"},"jetpack-related-posts":[{"id":27769,"url":"https:\/\/sakaba.mghosteur.com\/en\/product\/brightening-solution-coffret\/","url_meta":{"origin":33224,"position":0},"title":"BRIGHTENING SOLUTION COFFRET","author":"admin","date":"November 29, 2022","format":false,"excerpt":"Le coffret solution \u00e9claircissante Vinoperfect de Caudalie est un coffret de trois produits qui associe des produits \u00e9claircissants pour apporter un \u00e9clat radieux \u00e0 votre peau. Le kit est \u00e0 base de vinif\u00e9rine, un ingr\u00e9dient exclusif \u00e0 Caudalie qui poss\u00e8de un pouvoir \u00e9claircissant 62 fois sup\u00e9rieur \u00e0 celui de la\u2026","rel":"","context":"Similar post","block_context":{"text":"Similar post","link":""},"img":{"alt_text":"","src":"","width":0,"height":0},"classes":[]},{"id":33234,"url":"https:\/\/sakaba.mghosteur.com\/en\/product\/caudalie-vinoperfect-soin-eclaircissant-regard\/","url_meta":{"origin":33224,"position":1},"title":"CAUDALIE VINOPERFECT SOIN ECLAIRCISSANT REGARD","author":"admin","date":"May 20, 2024","format":false,"excerpt":"Formul\u00e9e \u00e0 97% d'ingr\u00e9dients d'origine naturelle, la Cr\u00e8me Yeux Illuminatrice Vinoperfect de Caudalie aide \u00e0 r\u00e9duire l'apparence des cernes. Cette cr\u00e8me pour les yeux hydrate la peau tout en corrigeant tous les types de cernes, qu'ils soient vasculaires (bleus ou violets) ou pigment\u00e9s (brun\u00e2tres). Convient \u00e0 tous les types de\u2026","rel":"","context":"Similar post","block_context":{"text":"Similar post","link":""},"img":{"alt_text":"","src":"","width":0,"height":0},"classes":[]},{"id":33227,"url":"https:\/\/sakaba.mghosteur.com\/en\/product\/caudalie-vinoperfect-essence-glycolique\/","url_meta":{"origin":33224,"position":2},"title":"CAUDALIE VINOPERFECT ESSENCE GLYCOLIQUE","author":"admin","date":"May 20, 2024","format":false,"excerpt":"","rel":"","context":"Similar post","block_context":{"text":"Similar post","link":""},"img":{"alt_text":"","src":"","width":0,"height":0},"classes":[]},{"id":33314,"url":"https:\/\/sakaba.mghosteur.com\/en\/product\/vinoperfect-creme-de-nuit-glycolique-eclaircissant\/","url_meta":{"origin":33224,"position":3},"title":"VINOPERFECT CREME DE NUIT GLYCOLIQUE ECLAIRCISSANT","author":"admin","date":"May 20, 2024","format":false,"excerpt":"","rel":"","context":"Similar post","block_context":{"text":"Similar post","link":""},"img":{"alt_text":"","src":"","width":0,"height":0},"classes":[]},{"id":33230,"url":"https:\/\/sakaba.mghosteur.com\/en\/product\/caudalie-vinoperfect-masque-peeling-glycolique\/","url_meta":{"origin":33224,"position":4},"title":"CAUDALIE VINOPERFECT MASQUE PEELING GLYCOLIQUE","author":"admin","date":"May 20, 2024","format":false,"excerpt":"","rel":"","context":"Similar post","block_context":{"text":"Similar post","link":""},"img":{"alt_text":"","src":"","width":0,"height":0},"classes":[]},{"id":31711,"url":"https:\/\/sakaba.mghosteur.com\/en\/product\/byoma-brightening-serum\/","url_meta":{"origin":33224,"position":5},"title":"BYOMA BRIGHTENING SERUM","author":"admin","date":"May 10, 2024","format":false,"excerpt":"S\u00c9RUM \u00c9CLAIRCISSANT \u00c9CLAIRCIR ET HYDRATER 30 ML\/1,01 FL.OZ Ce puissant s\u00e9rum \u00e9claircissant pour le visage aide \u00e0 am\u00e9liorer consid\u00e9rablement le teint et la texture de la peau pour des r\u00e9sultats uniformes et \u00e9clatants. Ce s\u00e9rum l\u00e9ger illumine visiblement tout en aidant \u00e0 att\u00e9nuer les signes d'hyperpigmentation et le teint irr\u00e9gulier\u2026","rel":"","context":"Similar post","block_context":{"text":"Similar post","link":""},"img":{"alt_text":"","src":"","width":0,"height":0},"classes":[]}],"_links":{"self":[{"href":"https:\/\/sakaba.mghosteur.com\/en\/wp-json\/wp\/v2\/product\/33224","targetHints":{"allow":["GET"]}}],"collection":[{"href":"https:\/\/sakaba.mghosteur.com\/en\/wp-json\/wp\/v2\/product"}],"about":[{"href":"https:\/\/sakaba.mghosteur.com\/en\/wp-json\/wp\/v2\/types\/product"}],"replies":[{"embeddable":true,"href":"https:\/\/sakaba.mghosteur.com\/en\/wp-json\/wp\/v2\/comments?post=33224"}],"version-history":[{"count":0,"href":"https:\/\/sakaba.mghosteur.com\/en\/wp-json\/wp\/v2\/product\/33224\/revisions"}],"wp:attachment":[{"href":"https:\/\/sakaba.mghosteur.com\/en\/wp-json\/wp\/v2\/media?parent=33224"}],"wp:term":[{"taxonomy":"product_brand","embeddable":true,"href":"https:\/\/sakaba.mghosteur.com\/en\/wp-json\/wp\/v2\/product_brand?post=33224"},{"taxonomy":"product_cat","embeddable":true,"href":"https:\/\/sakaba.mghosteur.com\/en\/wp-json\/wp\/v2\/product_cat?post=33224"},{"taxonomy":"product_tag","embeddable":true,"href":"https:\/\/sakaba.mghosteur.com\/en\/wp-json\/wp\/v2\/product_tag?post=33224"}],"curies":[{"name":"wp","href":"https:\/\/api.w.org\/{rel}","templated":true}]}}