{"id":33234,"date":"2024-05-20T17:06:07","date_gmt":"2024-05-20T17:06:07","guid":{"rendered":"https:\/\/sakaba.mghosteur.com\/?post_type=product&#038;p=33234"},"modified":"2024-08-07T03:41:35","modified_gmt":"2024-08-07T03:41:35","slug":"caudalie-vinoperfect-soin-eclaircissant-regard","status":"publish","type":"product","link":"https:\/\/sakaba.mghosteur.com\/en\/product\/caudalie-vinoperfect-soin-eclaircissant-regard\/","title":{"rendered":"CAUDALIE VINOPERFECT SOIN ECLAIRCISSANT REGARD"},"content":{"rendered":"<p>Formul\u00e9e \u00e0 97% d&#8217;ingr\u00e9dients d&#8217;origine naturelle, la Cr\u00e8me Yeux Illuminatrice Vinoperfect de Caudalie aide \u00e0 r\u00e9duire l&#8217;apparence des cernes. Cette cr\u00e8me pour les yeux hydrate la peau tout en corrigeant tous les types de cernes, qu&#8217;ils soient vasculaires (bleus ou violets) ou pigment\u00e9s (brun\u00e2tres). Convient \u00e0 tous les types de peau.<\/p>","protected":false},"excerpt":{"rendered":"<p>Formul\u00e9e \u00e0 97% d&#8217;ingr\u00e9dients d&#8217;origine naturelle, la Cr\u00e8me Yeux Illuminatrice Vinoperfect de Caudalie aide \u00e0 r\u00e9duire l&#8217;apparence des cernes. Cette cr\u00e8me pour les yeux hydrate la peau tout en corrigeant tous les types de cernes, qu&#8217;ils soient vasculaires (bleus ou violets) ou pigment\u00e9s (brun\u00e2tres). Convient \u00e0 tous les types de peau.<\/p>","protected":false},"featured_media":0,"comment_status":"open","ping_status":"closed","template":"","meta":[],"product_brand":[815],"product_cat":[313,353,451,334],"product_tag":[],"class_list":{"0":"post-33234","1":"product","2":"type-product","3":"status-publish","5":"product_brand-caudalie","6":"product_cat-anti-cerne-correcteur","7":"product_cat-soin-countour-des-yeux","8":"product_cat-aab-soin-du-visage","9":"product_cat-traitement-serum","11":"first","12":"instock","13":"shipping-taxable","14":"product-type-simple"},"jetpack-related-posts":[{"id":34763,"url":"https:\/\/sakaba.mghosteur.com\/en\/product\/manic-panic-hair-dye-cotton-candy-pink\/","url_meta":{"origin":33234,"position":0},"title":"Manic Panic Hair Dye Cotton Candy Pink","author":"admin","date":"May 31, 2024","format":false,"excerpt":"Manic Panic Classic 118ml in Cotton Candy Pink is the perfect way to add a splash of vibrant color to your hair. This semi-permanent hair dye is made from vegan ingredients and is free from ammonia, peroxide, and PPD. It is designed to last up to 6 weeks and can\u2026","rel":"","context":"Similar post","block_context":{"text":"Similar post","link":""},"img":{"alt_text":"","src":"","width":0,"height":0},"classes":[]}],"_links":{"self":[{"href":"https:\/\/sakaba.mghosteur.com\/en\/wp-json\/wp\/v2\/product\/33234","targetHints":{"allow":["GET"]}}],"collection":[{"href":"https:\/\/sakaba.mghosteur.com\/en\/wp-json\/wp\/v2\/product"}],"about":[{"href":"https:\/\/sakaba.mghosteur.com\/en\/wp-json\/wp\/v2\/types\/product"}],"replies":[{"embeddable":true,"href":"https:\/\/sakaba.mghosteur.com\/en\/wp-json\/wp\/v2\/comments?post=33234"}],"version-history":[{"count":0,"href":"https:\/\/sakaba.mghosteur.com\/en\/wp-json\/wp\/v2\/product\/33234\/revisions"}],"wp:attachment":[{"href":"https:\/\/sakaba.mghosteur.com\/en\/wp-json\/wp\/v2\/media?parent=33234"}],"wp:term":[{"taxonomy":"product_brand","embeddable":true,"href":"https:\/\/sakaba.mghosteur.com\/en\/wp-json\/wp\/v2\/product_brand?post=33234"},{"taxonomy":"product_cat","embeddable":true,"href":"https:\/\/sakaba.mghosteur.com\/en\/wp-json\/wp\/v2\/product_cat?post=33234"},{"taxonomy":"product_tag","embeddable":true,"href":"https:\/\/sakaba.mghosteur.com\/en\/wp-json\/wp\/v2\/product_tag?post=33234"}],"curies":[{"name":"wp","href":"https:\/\/api.w.org\/{rel}","templated":true}]}}