{"id":33252,"date":"2024-05-20T17:33:08","date_gmt":"2024-05-20T17:33:08","guid":{"rendered":"https:\/\/sakaba.mghosteur.com\/?post_type=product&#038;p=33252"},"modified":"2024-08-14T03:51:20","modified_gmt":"2024-08-14T03:51:20","slug":"eos-pink-champagne-strawberry-cheer","status":"publish","type":"product","link":"https:\/\/sakaba.mghosteur.com\/en\/product\/eos-pink-champagne-strawberry-cheer\/","title":{"rendered":"EOS PINK CHAMPAGNE STRAWBERRY CHEER"},"content":{"rendered":"<p>Ces baumes \u00e0 l\u00e8vres aux saveurs festives de champagne ros\u00e9 et de fraise en \u00e9dition limit\u00e9e s&#8217;associent \u00e0 du karit\u00e9 ultra doux pour cr\u00e9er des baumes \u00e0 l\u00e8vres joyeux que vous aurez certainement envie de partager. Avec une hydratation profonde et durable et des saveurs d\u00e9licieuses<\/p>","protected":false},"excerpt":{"rendered":"<p>Ces baumes \u00e0 l\u00e8vres aux saveurs festives de champagne ros\u00e9 et de fraise en \u00e9dition limit\u00e9e s&#8217;associent \u00e0 du karit\u00e9 ultra doux pour cr\u00e9er des baumes \u00e0 l\u00e8vres joyeux que vous aurez certainement envie de partager. Avec une hydratation profonde et durable et des saveurs d\u00e9licieuses<\/p>","protected":false},"featured_media":0,"comment_status":"open","ping_status":"closed","template":"","meta":[],"product_brand":[851],"product_cat":[1054,451],"product_tag":[],"class_list":{"0":"post-33252","1":"product","2":"type-product","3":"status-publish","5":"product_brand-eos","6":"product_cat-soins-des-levres","7":"product_cat-aab-soin-du-visage","9":"first","10":"instock","11":"shipping-taxable","12":"product-type-simple"},"jetpack-related-posts":[{"id":25404,"url":"https:\/\/sakaba.mghosteur.com\/en\/product\/eos-lip-balm-watermelon-frose\/","url_meta":{"origin":33252,"position":0},"title":"EOS LIP BALM WATERMELON FROS\u00c9","author":"admin","date":"November 14, 2022","format":false,"excerpt":"Le baume \u00e0 l\u00e8vres EOS Watermelon Fros\u00e9 est un baume \u00e0 l\u00e8vres 100 % naturel recommand\u00e9 par les dermatologues pour les peaux sensibles. Il est compos\u00e9 d'ingr\u00e9dients naturels et d'huiles essentielles qui nourrissent et hydratent les l\u00e8vres. Il a un doux parfum de past\u00e8que et combine les saveurs de la\u2026","rel":"","context":"Similar post","block_context":{"text":"Similar post","link":""},"img":{"alt_text":"","src":"","width":0,"height":0},"classes":[]},{"id":24832,"url":"https:\/\/sakaba.mghosteur.com\/en\/product\/eos-100-natural-shea-lip-balm-vanilla-bean\/","url_meta":{"origin":33252,"position":1},"title":"EOS 100% Natural Shea Lip Balm Vanilla Bean","author":"admin","date":"November 11, 2022","format":false,"excerpt":"Le Baume \u00e0 L\u00e8vres B\u00e2ton Vanille de la marque EOS est un produit de beaut\u00e9 naturel et biologique qui hydrate et nourrit vos l\u00e8vres tout en leur offrant une saveur de vanille douce, riche et cr\u00e9meuse. Ce baume \u00e0 l\u00e8vres est compos\u00e9 d'ingr\u00e9dients de qualit\u00e9 sup\u00e9rieure, tels que l'huile de\u2026","rel":"","context":"Similar post","block_context":{"text":"Similar post","link":""},"img":{"alt_text":"","src":"","width":0,"height":0},"classes":[]},{"id":23644,"url":"https:\/\/sakaba.mghosteur.com\/en\/product\/hudabeauty-baume-a-levres\/","url_meta":{"origin":33252,"position":2},"title":"HUDABEAUTY BAUME A LEVRES","author":"admin","date":"November 3, 2022","format":false,"excerpt":"","rel":"","context":"Similar post","block_context":{"text":"Similar post","link":""},"img":{"alt_text":"","src":"","width":0,"height":0},"classes":[]},{"id":31469,"url":"https:\/\/sakaba.mghosteur.com\/en\/product\/laneige-lip-glowy-balm-baume-brillant-gummy-bear\/","url_meta":{"origin":33252,"position":3},"title":"LANEIGE LIP GLOWY BALM BAUME BRILLANT GUMMY BEAR","author":"admin","date":"May 10, 2024","format":false,"excerpt":"D\u00e9couvrez le baume \u00e0 l\u00e8vres teint\u00e9 et brillant, un indispensable de votre routine beaut\u00e9. Ce baume-gloss 2-en-1 de Laneige est con\u00e7u pour vous offrir un \u00e9clat subtil et naturel. Enrichi en beurres de karit\u00e9 et de murumuru, il nourrit vos l\u00e8vres tout en leur procurant un fini l\u00e9g\u00e8rement teint\u00e9 et\u2026","rel":"","context":"Similar post","block_context":{"text":"Similar post","link":""},"img":{"alt_text":"","src":"","width":0,"height":0},"classes":[]},{"id":31456,"url":"https:\/\/sakaba.mghosteur.com\/en\/product\/laneige-baume-brillant-pour-les-levres-berry\/","url_meta":{"origin":33252,"position":4},"title":"LANEIGE BAUME BRILLANT POUR LES LEVRES BERRY","author":"admin","date":"May 10, 2024","format":false,"excerpt":"D\u00e9couvrez le partenaire id\u00e9al du Lip Sleeping Mask pour des l\u00e8vres prot\u00e9g\u00e9es et hydrat\u00e9es toute la journ\u00e9e ! Le Lip Glowy Balm fusionne les bienfaits d'un baume et d'un gloss en un seul produit ! Hydratant et nourrissant, ce baume contient des beurres de karit\u00e9 qui facilitent son application, laissant\u2026","rel":"","context":"Similar post","block_context":{"text":"Similar post","link":""},"img":{"alt_text":"","src":"","width":0,"height":0},"classes":[]},{"id":31550,"url":"https:\/\/sakaba.mghosteur.com\/en\/product\/vaseline-lip-therapy-original\/","url_meta":{"origin":33252,"position":5},"title":"VASELINE LIP THERAPY ORIGINAL","author":"admin","date":"May 10, 2024","format":false,"excerpt":"Le baume \u00e0 l\u00e8vres Vaseline Lip Therapy Mini Original est un incontournable pour garder vos l\u00e8vres hydrat\u00e9es et en bonne sant\u00e9. Cliniquement prouv\u00e9 pour gu\u00e9rir les l\u00e8vres s\u00e8ches, sa formule non collante et douce fond d\u00e9licatement sur vos l\u00e8vres, procurant un soulagement durable. Pr\u00e9sent\u00e9 dans un emballage embl\u00e9matique, ce baume\u2026","rel":"","context":"Similar post","block_context":{"text":"Similar post","link":""},"img":{"alt_text":"","src":"","width":0,"height":0},"classes":[]}],"_links":{"self":[{"href":"https:\/\/sakaba.mghosteur.com\/en\/wp-json\/wp\/v2\/product\/33252","targetHints":{"allow":["GET"]}}],"collection":[{"href":"https:\/\/sakaba.mghosteur.com\/en\/wp-json\/wp\/v2\/product"}],"about":[{"href":"https:\/\/sakaba.mghosteur.com\/en\/wp-json\/wp\/v2\/types\/product"}],"replies":[{"embeddable":true,"href":"https:\/\/sakaba.mghosteur.com\/en\/wp-json\/wp\/v2\/comments?post=33252"}],"version-history":[{"count":0,"href":"https:\/\/sakaba.mghosteur.com\/en\/wp-json\/wp\/v2\/product\/33252\/revisions"}],"wp:attachment":[{"href":"https:\/\/sakaba.mghosteur.com\/en\/wp-json\/wp\/v2\/media?parent=33252"}],"wp:term":[{"taxonomy":"product_brand","embeddable":true,"href":"https:\/\/sakaba.mghosteur.com\/en\/wp-json\/wp\/v2\/product_brand?post=33252"},{"taxonomy":"product_cat","embeddable":true,"href":"https:\/\/sakaba.mghosteur.com\/en\/wp-json\/wp\/v2\/product_cat?post=33252"},{"taxonomy":"product_tag","embeddable":true,"href":"https:\/\/sakaba.mghosteur.com\/en\/wp-json\/wp\/v2\/product_tag?post=33252"}],"curies":[{"name":"wp","href":"https:\/\/api.w.org\/{rel}","templated":true}]}}